{"id":6742,"date":"2022-01-04T11:45:24","date_gmt":"2022-01-04T11:45:24","guid":{"rendered":"https:\/\/poltsamaaloss.ee\/events\/"},"modified":"2026-03-02T17:12:22","modified_gmt":"2026-03-02T15:12:22","slug":"pasakumi","status":"publish","type":"page","link":"https:\/\/poltsamaaloss.ee\/lv\/pasakumi\/","title":{"rendered":"See all events &#8211; big, small and local &#8211; from events calendar in Estonian"},"content":{"rendered":"\n<p>TOP3 events of upcoming summer:<\/p>\n\n\n\n<div class=\"wp-block-columns alignwide is-layout-flex wp-container-core-columns-is-layout-829b1d53 wp-block-columns-is-layout-flex\" style=\"margin-bottom:0\">\n<div class=\"wp-block-column has-text-color has-background has-link-color wp-elements-0e50ac83c0b1d33452372e909da29d24 is-layout-flow wp-block-column-is-layout-flow\" style=\"color:#000000;background-color:#cee8eb;padding-top:2em;padding-right:2em;padding-bottom:2em;padding-left:2em\">\n<h3 class=\"wp-block-heading\" id=\"single\" style=\"font-size:40px\"><strong>P\u00f5ltsamaa 100 Concert<\/strong><\/h3>\n\n\n\n<p class=\"has-normal-font-size\" style=\"line-height:1.5\"><strong>30.06.2026<\/strong><\/p>\n\n\n\n<hr class=\"wp-block-separator has-text-color has-css-opacity has-background is-style-wide\" style=\"background-color:#000000;color:#000000\"\/>\n\n\n\n<figure class=\"wp-block-image size-large is-style-default\"><img loading=\"lazy\" decoding=\"async\" width=\"1024\" height=\"656\" src=\"https:\/\/poltsamaaloss.ee\/wp-content\/uploads\/2024\/03\/360084847_659567969544613_6334231240251232113_n-1024x656.jpg\" alt=\"\" class=\"wp-image-4870\" style=\"aspect-ratio:16\/9;object-fit:cover\" srcset=\"https:\/\/poltsamaaloss.ee\/wp-content\/uploads\/2024\/03\/360084847_659567969544613_6334231240251232113_n-1024x656.jpg 1024w, https:\/\/poltsamaaloss.ee\/wp-content\/uploads\/2024\/03\/360084847_659567969544613_6334231240251232113_n-300x192.jpg 300w, https:\/\/poltsamaaloss.ee\/wp-content\/uploads\/2024\/03\/360084847_659567969544613_6334231240251232113_n-768x492.jpg 768w, https:\/\/poltsamaaloss.ee\/wp-content\/uploads\/2024\/03\/360084847_659567969544613_6334231240251232113_n-1536x984.jpg 1536w, https:\/\/poltsamaaloss.ee\/wp-content\/uploads\/2024\/03\/360084847_659567969544613_6334231240251232113_n-312x200.jpg 312w, https:\/\/poltsamaaloss.ee\/wp-content\/uploads\/2024\/03\/360084847_659567969544613_6334231240251232113_n.jpg 2048w\" sizes=\"auto, (max-width: 1024px) 100vw, 1024px\" \/><\/figure>\n\n\n\n<ul class=\"wp-block-list has-normal-font-size\">\n<li>P\u00f5ltsamaa town celebrates its 100th anniversary on the 30th of June 2026.<\/li>\n\n\n\n<li>We celebrate it with a concert of the Young Symphony Orchestras.<\/li>\n\n\n\n<li>Free admission to everyone!<\/li>\n<\/ul>\n<\/div>\n\n\n\n<div class=\"wp-block-column has-text-color has-background has-link-color wp-elements-4f068bbd08e6911c9726110b8526384c is-layout-flow wp-block-column-is-layout-flow\" style=\"color:#000000;background-color:#ead0cd;padding-top:2em;padding-right:2em;padding-bottom:2em;padding-left:2em\">\n<h3 class=\"wp-block-heading\" id=\"family\" style=\"font-size:40px\"><strong><strong>P\u00f5ltsamaa Castle Day<\/strong><\/strong><\/h3>\n\n\n\n<p class=\"has-normal-font-size\" style=\"line-height:1.5\"><strong><strong>04.07.2026<\/strong><\/strong><\/p>\n\n\n\n<hr class=\"wp-block-separator has-text-color has-alpha-channel-opacity has-background is-style-wide\" style=\"background-color:#000000;color:#000000\"\/>\n\n\n\n<figure class=\"wp-block-image size-large\"><img loading=\"lazy\" decoding=\"async\" width=\"1024\" height=\"576\" src=\"https:\/\/poltsamaaloss.ee\/wp-content\/uploads\/2025\/02\/lp-webevent-1024x576.jpg\" alt=\"\" class=\"wp-image-6466\" style=\"aspect-ratio:16\/9;object-fit:cover\" srcset=\"https:\/\/poltsamaaloss.ee\/wp-content\/uploads\/2025\/02\/lp-webevent-1024x576.jpg 1024w, https:\/\/poltsamaaloss.ee\/wp-content\/uploads\/2025\/02\/lp-webevent-300x169.jpg 300w, https:\/\/poltsamaaloss.ee\/wp-content\/uploads\/2025\/02\/lp-webevent-768x432.jpg 768w, https:\/\/poltsamaaloss.ee\/wp-content\/uploads\/2025\/02\/lp-webevent-1536x864.jpg 1536w, https:\/\/poltsamaaloss.ee\/wp-content\/uploads\/2025\/02\/lp-webevent-356x200.jpg 356w, https:\/\/poltsamaaloss.ee\/wp-content\/uploads\/2025\/02\/lp-webevent.jpg 1920w\" sizes=\"auto, (max-width: 1024px) 100vw, 1024px\" \/><\/figure>\n\n\n\n<ul class=\"wp-block-list has-normal-font-size\">\n<li>Castle Day is mainly a fair which offers only local Estonian products and food items.<\/li>\n\n\n\n<li>Special culture programm on stage, different activities on the yard.<\/li>\n\n\n\n<li>Ticket information is coming soon.<\/li>\n<\/ul>\n<\/div>\n\n\n\n<div class=\"wp-block-column has-text-color has-background has-link-color wp-elements-31d1c9b0f9b154469e1632423d2030f4 is-layout-flow wp-block-column-is-layout-flow\" style=\"color:#000000;background-color:#e7ebce;padding-top:2em;padding-right:2em;padding-bottom:2em;padding-left:2em\">\n<h3 class=\"wp-block-heading\" id=\"patron\" style=\"font-size:40px\"><strong>P\u00f5ltsamaa Wine Day<\/strong><\/h3>\n\n\n\n<p class=\"has-normal-font-size\"><strong>01.08.2026<\/strong><\/p>\n\n\n\n<hr class=\"wp-block-separator has-text-color has-alpha-channel-opacity has-background is-style-wide\" style=\"background-color:#000000;color:#000000\"\/>\n\n\n\n<figure class=\"wp-block-image size-large\"><img loading=\"lazy\" decoding=\"async\" width=\"1024\" height=\"576\" src=\"https:\/\/poltsamaaloss.ee\/wp-content\/uploads\/2026\/03\/vp-2026-1024x576.jpg\" alt=\"\" class=\"wp-image-8164\" style=\"aspect-ratio:16\/9;object-fit:cover\" srcset=\"https:\/\/poltsamaaloss.ee\/wp-content\/uploads\/2026\/03\/vp-2026-1024x576.jpg 1024w, https:\/\/poltsamaaloss.ee\/wp-content\/uploads\/2026\/03\/vp-2026-300x169.jpg 300w, https:\/\/poltsamaaloss.ee\/wp-content\/uploads\/2026\/03\/vp-2026-768x432.jpg 768w, https:\/\/poltsamaaloss.ee\/wp-content\/uploads\/2026\/03\/vp-2026-1536x864.jpg 1536w, https:\/\/poltsamaaloss.ee\/wp-content\/uploads\/2026\/03\/vp-2026-356x200.jpg 356w, https:\/\/poltsamaaloss.ee\/wp-content\/uploads\/2026\/03\/vp-2026.jpg 1920w\" sizes=\"auto, (max-width: 1024px) 100vw, 1024px\" \/><\/figure>\n\n\n\n<ul class=\"wp-block-list has-normal-font-size\">\n<li>Meet the best wineries of Estonia, taste both classic and unique berry and fruit wines.<\/li>\n\n\n\n<li>Wine workshops, delcious food and beloved Estonian musicians.<\/li>\n\n\n\n<li>Ticket information is coming soon.<\/li>\n<\/ul>\n<\/div>\n<\/div>\n\n\n\n<div style=\"height:25px\" aria-hidden=\"true\" class=\"wp-block-spacer\"><\/div>\n\n\n\n<h4 class=\"wp-block-heading has-text-align-center\"><a href=\"http:\/\/poltsamaaloss.ee\/sundmused\" target=\"_blank\" rel=\"noreferrer noopener\"><strong>See all events &#8211; big, small and local &#8211; from events calendar in Estonian<\/strong><\/a><\/h4>\n","protected":false},"excerpt":{"rendered":"<p>TOP3 events of upcoming summer: P\u00f5ltsamaa 100 Concert 30.06.2026 P\u00f5ltsamaa Castle Day 04.07.2026 P\u00f5ltsamaa Wine Day 01.08.2026 See all events &#8211; big, small and local &#8211; from events calendar in Estonian<\/p>\n","protected":false},"author":2,"featured_media":0,"parent":0,"menu_order":0,"comment_status":"closed","ping_status":"closed","template":"","meta":{"footnotes":""},"class_list":["post-6742","page","type-page","status-publish","hentry"],"yoast_head":"<!-- This site is optimized with the Yoast SEO plugin v27.3 - https:\/\/yoast.com\/product\/yoast-seo-wordpress\/ -->\n<title>See all events - big, small and local - from events calendar in Estonian - P&otilde;ltsamaa loss<\/title>\n<meta name=\"robots\" content=\"index, follow, max-snippet:-1, max-image-preview:large, max-video-preview:-1\" \/>\n<link rel=\"canonical\" href=\"https:\/\/poltsamaaloss.ee\/lv\/pasakumi\/\" \/>\n<meta property=\"og:locale\" content=\"lv_LV\" \/>\n<meta property=\"og:type\" content=\"article\" \/>\n<meta property=\"og:title\" content=\"See all events - big, small and local - from events calendar in Estonian - P&otilde;ltsamaa loss\" \/>\n<meta property=\"og:description\" content=\"TOP3 events of upcoming summer: P\u00f5ltsamaa 100 Concert 30.06.2026 P\u00f5ltsamaa Castle Day 04.07.2026 P\u00f5ltsamaa Wine Day 01.08.2026 See all events &#8211; big, small and local &#8211; from events calendar in Estonian\" \/>\n<meta property=\"og:url\" content=\"https:\/\/poltsamaaloss.ee\/lv\/pasakumi\/\" \/>\n<meta property=\"og:site_name\" content=\"P&otilde;ltsamaa loss\" \/>\n<meta property=\"article:modified_time\" content=\"2026-03-02T15:12:22+00:00\" \/>\n<meta property=\"og:image\" content=\"https:\/\/poltsamaaloss.ee\/wp-content\/uploads\/2024\/03\/360084847_659567969544613_6334231240251232113_n.jpg\" \/>\n\t<meta property=\"og:image:width\" content=\"2048\" \/>\n\t<meta property=\"og:image:height\" content=\"1312\" \/>\n\t<meta property=\"og:image:type\" content=\"image\/jpeg\" \/>\n<meta name=\"twitter:card\" content=\"summary_large_image\" \/>\n<meta name=\"twitter:label1\" content=\"Est. reading time\" \/>\n\t<meta name=\"twitter:data1\" content=\"2 minutes\" \/>\n<script type=\"application\/ld+json\" class=\"yoast-schema-graph\">{\"@context\":\"https:\\\/\\\/schema.org\",\"@graph\":[{\"@type\":\"WebPage\",\"@id\":\"https:\\\/\\\/poltsamaaloss.ee\\\/lv\\\/pasakumi\\\/\",\"url\":\"https:\\\/\\\/poltsamaaloss.ee\\\/lv\\\/pasakumi\\\/\",\"name\":\"See all events - big, small and local - from events calendar in Estonian - P&otilde;ltsamaa loss\",\"isPartOf\":{\"@id\":\"https:\\\/\\\/poltsamaaloss.ee\\\/lv\\\/#website\"},\"primaryImageOfPage\":{\"@id\":\"https:\\\/\\\/poltsamaaloss.ee\\\/lv\\\/pasakumi\\\/#primaryimage\"},\"image\":{\"@id\":\"https:\\\/\\\/poltsamaaloss.ee\\\/lv\\\/pasakumi\\\/#primaryimage\"},\"thumbnailUrl\":\"https:\\\/\\\/poltsamaaloss.ee\\\/wp-content\\\/uploads\\\/2024\\\/03\\\/360084847_659567969544613_6334231240251232113_n-1024x656.jpg\",\"datePublished\":\"2022-01-04T11:45:24+00:00\",\"dateModified\":\"2026-03-02T15:12:22+00:00\",\"breadcrumb\":{\"@id\":\"https:\\\/\\\/poltsamaaloss.ee\\\/lv\\\/pasakumi\\\/#breadcrumb\"},\"inLanguage\":\"lv-LV\",\"potentialAction\":[{\"@type\":\"ReadAction\",\"target\":[\"https:\\\/\\\/poltsamaaloss.ee\\\/lv\\\/pasakumi\\\/\"]}]},{\"@type\":\"ImageObject\",\"inLanguage\":\"lv-LV\",\"@id\":\"https:\\\/\\\/poltsamaaloss.ee\\\/lv\\\/pasakumi\\\/#primaryimage\",\"url\":\"https:\\\/\\\/poltsamaaloss.ee\\\/wp-content\\\/uploads\\\/2024\\\/03\\\/360084847_659567969544613_6334231240251232113_n-1024x656.jpg\",\"contentUrl\":\"https:\\\/\\\/poltsamaaloss.ee\\\/wp-content\\\/uploads\\\/2024\\\/03\\\/360084847_659567969544613_6334231240251232113_n-1024x656.jpg\"},{\"@type\":\"BreadcrumbList\",\"@id\":\"https:\\\/\\\/poltsamaaloss.ee\\\/lv\\\/pasakumi\\\/#breadcrumb\",\"itemListElement\":[{\"@type\":\"ListItem\",\"position\":1,\"name\":\"Home\",\"item\":\"https:\\\/\\\/poltsamaaloss.ee\\\/lv\\\/sakumlapa\\\/\"},{\"@type\":\"ListItem\",\"position\":2,\"name\":\"See all events &#8211; big, small and local &#8211; from events calendar in Estonian\"}]},{\"@type\":\"WebSite\",\"@id\":\"https:\\\/\\\/poltsamaaloss.ee\\\/lv\\\/#website\",\"url\":\"https:\\\/\\\/poltsamaaloss.ee\\\/lv\\\/\",\"name\":\"P\u00f5ltsamaa loss\",\"description\":\"\",\"publisher\":{\"@id\":\"https:\\\/\\\/poltsamaaloss.ee\\\/lv\\\/#organization\"},\"potentialAction\":[{\"@type\":\"SearchAction\",\"target\":{\"@type\":\"EntryPoint\",\"urlTemplate\":\"https:\\\/\\\/poltsamaaloss.ee\\\/lv\\\/?s={search_term_string}\"},\"query-input\":{\"@type\":\"PropertyValueSpecification\",\"valueRequired\":true,\"valueName\":\"search_term_string\"}}],\"inLanguage\":\"lv-LV\"},{\"@type\":\"Organization\",\"@id\":\"https:\\\/\\\/poltsamaaloss.ee\\\/lv\\\/#organization\",\"name\":\"P\u00f5ltsamaa loss\",\"url\":\"https:\\\/\\\/poltsamaaloss.ee\\\/lv\\\/\",\"logo\":{\"@type\":\"ImageObject\",\"inLanguage\":\"lv-LV\",\"@id\":\"https:\\\/\\\/poltsamaaloss.ee\\\/lv\\\/#\\\/schema\\\/logo\\\/image\\\/\",\"url\":\"https:\\\/\\\/poltsamaaloss.ee\\\/wp-content\\\/uploads\\\/2020\\\/10\\\/poltsamaa-loss-logo.png\",\"contentUrl\":\"https:\\\/\\\/poltsamaaloss.ee\\\/wp-content\\\/uploads\\\/2020\\\/10\\\/poltsamaa-loss-logo.png\",\"width\":1035,\"height\":690,\"caption\":\"P\u00f5ltsamaa loss\"},\"image\":{\"@id\":\"https:\\\/\\\/poltsamaaloss.ee\\\/lv\\\/#\\\/schema\\\/logo\\\/image\\\/\"}}]}<\/script>\n<!-- \/ Yoast SEO plugin. -->","yoast_head_json":{"title":"See all events - big, small and local - from events calendar in Estonian - P&otilde;ltsamaa loss","robots":{"index":"index","follow":"follow","max-snippet":"max-snippet:-1","max-image-preview":"max-image-preview:large","max-video-preview":"max-video-preview:-1"},"canonical":"https:\/\/poltsamaaloss.ee\/lv\/pasakumi\/","og_locale":"lv_LV","og_type":"article","og_title":"See all events - big, small and local - from events calendar in Estonian - P&otilde;ltsamaa loss","og_description":"TOP3 events of upcoming summer: P\u00f5ltsamaa 100 Concert 30.06.2026 P\u00f5ltsamaa Castle Day 04.07.2026 P\u00f5ltsamaa Wine Day 01.08.2026 See all events &#8211; big, small and local &#8211; from events calendar in Estonian","og_url":"https:\/\/poltsamaaloss.ee\/lv\/pasakumi\/","og_site_name":"P&otilde;ltsamaa loss","article_modified_time":"2026-03-02T15:12:22+00:00","og_image":[{"width":2048,"height":1312,"url":"https:\/\/poltsamaaloss.ee\/wp-content\/uploads\/2024\/03\/360084847_659567969544613_6334231240251232113_n.jpg","type":"image\/jpeg"}],"twitter_card":"summary_large_image","twitter_misc":{"Est. reading time":"2 minutes"},"schema":{"@context":"https:\/\/schema.org","@graph":[{"@type":"WebPage","@id":"https:\/\/poltsamaaloss.ee\/lv\/pasakumi\/","url":"https:\/\/poltsamaaloss.ee\/lv\/pasakumi\/","name":"See all events - big, small and local - from events calendar in Estonian - P&otilde;ltsamaa loss","isPartOf":{"@id":"https:\/\/poltsamaaloss.ee\/lv\/#website"},"primaryImageOfPage":{"@id":"https:\/\/poltsamaaloss.ee\/lv\/pasakumi\/#primaryimage"},"image":{"@id":"https:\/\/poltsamaaloss.ee\/lv\/pasakumi\/#primaryimage"},"thumbnailUrl":"https:\/\/poltsamaaloss.ee\/wp-content\/uploads\/2024\/03\/360084847_659567969544613_6334231240251232113_n-1024x656.jpg","datePublished":"2022-01-04T11:45:24+00:00","dateModified":"2026-03-02T15:12:22+00:00","breadcrumb":{"@id":"https:\/\/poltsamaaloss.ee\/lv\/pasakumi\/#breadcrumb"},"inLanguage":"lv-LV","potentialAction":[{"@type":"ReadAction","target":["https:\/\/poltsamaaloss.ee\/lv\/pasakumi\/"]}]},{"@type":"ImageObject","inLanguage":"lv-LV","@id":"https:\/\/poltsamaaloss.ee\/lv\/pasakumi\/#primaryimage","url":"https:\/\/poltsamaaloss.ee\/wp-content\/uploads\/2024\/03\/360084847_659567969544613_6334231240251232113_n-1024x656.jpg","contentUrl":"https:\/\/poltsamaaloss.ee\/wp-content\/uploads\/2024\/03\/360084847_659567969544613_6334231240251232113_n-1024x656.jpg"},{"@type":"BreadcrumbList","@id":"https:\/\/poltsamaaloss.ee\/lv\/pasakumi\/#breadcrumb","itemListElement":[{"@type":"ListItem","position":1,"name":"Home","item":"https:\/\/poltsamaaloss.ee\/lv\/sakumlapa\/"},{"@type":"ListItem","position":2,"name":"See all events &#8211; big, small and local &#8211; from events calendar in Estonian"}]},{"@type":"WebSite","@id":"https:\/\/poltsamaaloss.ee\/lv\/#website","url":"https:\/\/poltsamaaloss.ee\/lv\/","name":"P\u00f5ltsamaa loss","description":"","publisher":{"@id":"https:\/\/poltsamaaloss.ee\/lv\/#organization"},"potentialAction":[{"@type":"SearchAction","target":{"@type":"EntryPoint","urlTemplate":"https:\/\/poltsamaaloss.ee\/lv\/?s={search_term_string}"},"query-input":{"@type":"PropertyValueSpecification","valueRequired":true,"valueName":"search_term_string"}}],"inLanguage":"lv-LV"},{"@type":"Organization","@id":"https:\/\/poltsamaaloss.ee\/lv\/#organization","name":"P\u00f5ltsamaa loss","url":"https:\/\/poltsamaaloss.ee\/lv\/","logo":{"@type":"ImageObject","inLanguage":"lv-LV","@id":"https:\/\/poltsamaaloss.ee\/lv\/#\/schema\/logo\/image\/","url":"https:\/\/poltsamaaloss.ee\/wp-content\/uploads\/2020\/10\/poltsamaa-loss-logo.png","contentUrl":"https:\/\/poltsamaaloss.ee\/wp-content\/uploads\/2020\/10\/poltsamaa-loss-logo.png","width":1035,"height":690,"caption":"P\u00f5ltsamaa loss"},"image":{"@id":"https:\/\/poltsamaaloss.ee\/lv\/#\/schema\/logo\/image\/"}}]}},"_links":{"self":[{"href":"https:\/\/poltsamaaloss.ee\/lv\/wp-json\/wp\/v2\/pages\/6742","targetHints":{"allow":["GET"]}}],"collection":[{"href":"https:\/\/poltsamaaloss.ee\/lv\/wp-json\/wp\/v2\/pages"}],"about":[{"href":"https:\/\/poltsamaaloss.ee\/lv\/wp-json\/wp\/v2\/types\/page"}],"author":[{"embeddable":true,"href":"https:\/\/poltsamaaloss.ee\/lv\/wp-json\/wp\/v2\/users\/2"}],"replies":[{"embeddable":true,"href":"https:\/\/poltsamaaloss.ee\/lv\/wp-json\/wp\/v2\/comments?post=6742"}],"version-history":[{"count":7,"href":"https:\/\/poltsamaaloss.ee\/lv\/wp-json\/wp\/v2\/pages\/6742\/revisions"}],"predecessor-version":[{"id":8201,"href":"https:\/\/poltsamaaloss.ee\/lv\/wp-json\/wp\/v2\/pages\/6742\/revisions\/8201"}],"wp:attachment":[{"href":"https:\/\/poltsamaaloss.ee\/lv\/wp-json\/wp\/v2\/media?parent=6742"}],"curies":[{"name":"wp","href":"https:\/\/api.w.org\/{rel}","templated":true}]}}