{"id":6697,"date":"2025-03-10T10:38:34","date_gmt":"2025-03-10T08:38:34","guid":{"rendered":"https:\/\/poltsamaaloss.ee\/?page_id=6697"},"modified":"2025-03-12T12:54:13","modified_gmt":"2025-03-12T10:54:13","slug":"piedavajumi","status":"publish","type":"page","link":"https:\/\/poltsamaaloss.ee\/lv\/piedavajumi\/","title":{"rendered":"Pied\u0101v\u0101jumi"},"content":{"rendered":"\n<div class=\"wp-block-columns is-layout-flex wp-container-core-columns-is-layout-9d6595d7 wp-block-columns-is-layout-flex\">\n<div class=\"wp-block-column is-layout-flow wp-block-column-is-layout-flow\">\n<div class=\"wp-block-cover alignfull wp-duotone-unset-1\" style=\"margin-top:0;padding-top:48px;padding-right:48px;padding-bottom:48px;padding-left:48px;min-height:335px;aspect-ratio:unset;\"><span aria-hidden=\"true\" class=\"wp-block-cover__background has-black-background-color has-background-dim-30 has-background-dim\"><\/span><img loading=\"lazy\" decoding=\"async\" width=\"1200\" height=\"800\" class=\"wp-block-cover__image-background wp-image-6301\" alt=\"\" src=\"https:\/\/poltsamaaloss.ee\/wp-content\/uploads\/2025\/01\/Meemeistrid_3882_LR1200.jpg\" style=\"object-position:51% 35%\" data-object-fit=\"cover\" data-object-position=\"51% 35%\" srcset=\"https:\/\/poltsamaaloss.ee\/wp-content\/uploads\/2025\/01\/Meemeistrid_3882_LR1200.jpg 1200w, https:\/\/poltsamaaloss.ee\/wp-content\/uploads\/2025\/01\/Meemeistrid_3882_LR1200-300x200.jpg 300w, https:\/\/poltsamaaloss.ee\/wp-content\/uploads\/2025\/01\/Meemeistrid_3882_LR1200-1024x683.jpg 1024w, https:\/\/poltsamaaloss.ee\/wp-content\/uploads\/2025\/01\/Meemeistrid_3882_LR1200-768x512.jpg 768w\" sizes=\"auto, (max-width: 1200px) 100vw, 1200px\" \/><div class=\"wp-block-cover__inner-container is-layout-flow wp-block-cover-is-layout-flow\">\n<div class=\"wp-block-group has-large-font-size is-content-justification-left\"><div class=\"wp-block-group__inner-container is-layout-constrained wp-container-core-group-is-layout-7206f975 wp-block-group-is-layout-constrained\">\n<h3 class=\"wp-block-heading has-text-align-left has-white-color has-text-color\" style=\"font-size:35px;font-style:normal;font-weight:600;letter-spacing:0px;line-height:1;text-transform:capitalize\">Pied\u0101v\u0101jums kult\u016bras un \u0113diena baud\u012b\u0161anai \u201cViet\u0113jie piedz\u012bvojumi\u201d<\/h3>\n<\/div><\/div>\n\n\n\n<div class=\"wp-block-buttons has-custom-font-size is-horizontal is-content-justification-left is-nowrap is-layout-flex wp-container-core-buttons-is-layout-f25b0540 wp-block-buttons-is-layout-flex\" style=\"font-size:12px\">\n<div class=\"wp-block-button has-custom-width wp-block-button__width-75 has-custom-font-size is-style-fill\" style=\"font-size:14px;font-style:normal;font-weight:900;letter-spacing:0px;text-transform:uppercase\"><a class=\"wp-block-button__link has-white-color has-text-color has-background has-text-align-left wp-element-button\" href=\"https:\/\/poltsamaaloss.ee\/lv\/pavadiet-aizraujosu-dienu-peltsama\/\" style=\"border-radius:0px;background-color:#781704b0;padding-top:24px;padding-right:48px;padding-bottom:24px;padding-left:48px\">Vair\u0101k inform\u0101cijas<\/a><\/div>\n<\/div>\n<\/div><\/div>\n<\/div>\n\n\n\n<div class=\"wp-block-column is-layout-flow wp-block-column-is-layout-flow\"><\/div>\n<\/div>\n\n\n\n<p><\/p>\n","protected":false},"excerpt":{"rendered":"","protected":false},"author":2,"featured_media":0,"parent":0,"menu_order":0,"comment_status":"closed","ping_status":"closed","template":"","meta":{"footnotes":""},"class_list":["post-6697","page","type-page","status-publish","hentry"],"yoast_head":"<!-- This site is optimized with the Yoast SEO plugin v27.3 - https:\/\/yoast.com\/product\/yoast-seo-wordpress\/ -->\n<title>Pied\u0101v\u0101jumi - P&otilde;ltsamaa loss<\/title>\n<meta name=\"robots\" content=\"index, follow, max-snippet:-1, max-image-preview:large, max-video-preview:-1\" \/>\n<link rel=\"canonical\" href=\"https:\/\/poltsamaaloss.ee\/lv\/piedavajumi\/\" \/>\n<meta property=\"og:locale\" content=\"lv_LV\" \/>\n<meta property=\"og:type\" content=\"article\" \/>\n<meta property=\"og:title\" content=\"Pied\u0101v\u0101jumi - P&otilde;ltsamaa loss\" \/>\n<meta property=\"og:url\" content=\"https:\/\/poltsamaaloss.ee\/lv\/piedavajumi\/\" \/>\n<meta property=\"og:site_name\" content=\"P&otilde;ltsamaa loss\" \/>\n<meta property=\"article:modified_time\" content=\"2025-03-12T10:54:13+00:00\" \/>\n<meta property=\"og:image\" content=\"https:\/\/poltsamaaloss.ee\/wp-content\/uploads\/2025\/01\/Meemeistrid_3882_LR1200.jpg\" \/>\n\t<meta property=\"og:image:width\" content=\"1200\" \/>\n\t<meta property=\"og:image:height\" content=\"800\" \/>\n\t<meta property=\"og:image:type\" content=\"image\/jpeg\" \/>\n<meta name=\"twitter:card\" content=\"summary_large_image\" \/>\n<meta name=\"twitter:label1\" content=\"Est. reading time\" \/>\n\t<meta name=\"twitter:data1\" content=\"1 minute\" \/>\n<script type=\"application\/ld+json\" class=\"yoast-schema-graph\">{\"@context\":\"https:\\\/\\\/schema.org\",\"@graph\":[{\"@type\":\"WebPage\",\"@id\":\"https:\\\/\\\/poltsamaaloss.ee\\\/lv\\\/piedavajumi\\\/\",\"url\":\"https:\\\/\\\/poltsamaaloss.ee\\\/lv\\\/piedavajumi\\\/\",\"name\":\"Pied\u0101v\u0101jumi - P&otilde;ltsamaa loss\",\"isPartOf\":{\"@id\":\"https:\\\/\\\/poltsamaaloss.ee\\\/lv\\\/#website\"},\"primaryImageOfPage\":{\"@id\":\"https:\\\/\\\/poltsamaaloss.ee\\\/lv\\\/piedavajumi\\\/#primaryimage\"},\"image\":{\"@id\":\"https:\\\/\\\/poltsamaaloss.ee\\\/lv\\\/piedavajumi\\\/#primaryimage\"},\"thumbnailUrl\":\"https:\\\/\\\/poltsamaaloss.ee\\\/wp-content\\\/uploads\\\/2025\\\/01\\\/Meemeistrid_3882_LR1200.jpg\",\"datePublished\":\"2025-03-10T08:38:34+00:00\",\"dateModified\":\"2025-03-12T10:54:13+00:00\",\"breadcrumb\":{\"@id\":\"https:\\\/\\\/poltsamaaloss.ee\\\/lv\\\/piedavajumi\\\/#breadcrumb\"},\"inLanguage\":\"lv-LV\",\"potentialAction\":[{\"@type\":\"ReadAction\",\"target\":[\"https:\\\/\\\/poltsamaaloss.ee\\\/lv\\\/piedavajumi\\\/\"]}]},{\"@type\":\"ImageObject\",\"inLanguage\":\"lv-LV\",\"@id\":\"https:\\\/\\\/poltsamaaloss.ee\\\/lv\\\/piedavajumi\\\/#primaryimage\",\"url\":\"https:\\\/\\\/poltsamaaloss.ee\\\/wp-content\\\/uploads\\\/2025\\\/01\\\/Meemeistrid_3882_LR1200.jpg\",\"contentUrl\":\"https:\\\/\\\/poltsamaaloss.ee\\\/wp-content\\\/uploads\\\/2025\\\/01\\\/Meemeistrid_3882_LR1200.jpg\"},{\"@type\":\"BreadcrumbList\",\"@id\":\"https:\\\/\\\/poltsamaaloss.ee\\\/lv\\\/piedavajumi\\\/#breadcrumb\",\"itemListElement\":[{\"@type\":\"ListItem\",\"position\":1,\"name\":\"Home\",\"item\":\"https:\\\/\\\/poltsamaaloss.ee\\\/lv\\\/sakumlapa\\\/\"},{\"@type\":\"ListItem\",\"position\":2,\"name\":\"Pied\u0101v\u0101jumi\"}]},{\"@type\":\"WebSite\",\"@id\":\"https:\\\/\\\/poltsamaaloss.ee\\\/lv\\\/#website\",\"url\":\"https:\\\/\\\/poltsamaaloss.ee\\\/lv\\\/\",\"name\":\"P\u00f5ltsamaa loss\",\"description\":\"\",\"publisher\":{\"@id\":\"https:\\\/\\\/poltsamaaloss.ee\\\/lv\\\/#organization\"},\"potentialAction\":[{\"@type\":\"SearchAction\",\"target\":{\"@type\":\"EntryPoint\",\"urlTemplate\":\"https:\\\/\\\/poltsamaaloss.ee\\\/lv\\\/?s={search_term_string}\"},\"query-input\":{\"@type\":\"PropertyValueSpecification\",\"valueRequired\":true,\"valueName\":\"search_term_string\"}}],\"inLanguage\":\"lv-LV\"},{\"@type\":\"Organization\",\"@id\":\"https:\\\/\\\/poltsamaaloss.ee\\\/lv\\\/#organization\",\"name\":\"P\u00f5ltsamaa loss\",\"url\":\"https:\\\/\\\/poltsamaaloss.ee\\\/lv\\\/\",\"logo\":{\"@type\":\"ImageObject\",\"inLanguage\":\"lv-LV\",\"@id\":\"https:\\\/\\\/poltsamaaloss.ee\\\/lv\\\/#\\\/schema\\\/logo\\\/image\\\/\",\"url\":\"https:\\\/\\\/poltsamaaloss.ee\\\/wp-content\\\/uploads\\\/2020\\\/10\\\/poltsamaa-loss-logo.png\",\"contentUrl\":\"https:\\\/\\\/poltsamaaloss.ee\\\/wp-content\\\/uploads\\\/2020\\\/10\\\/poltsamaa-loss-logo.png\",\"width\":1035,\"height\":690,\"caption\":\"P\u00f5ltsamaa loss\"},\"image\":{\"@id\":\"https:\\\/\\\/poltsamaaloss.ee\\\/lv\\\/#\\\/schema\\\/logo\\\/image\\\/\"}}]}<\/script>\n<!-- \/ Yoast SEO plugin. -->","yoast_head_json":{"title":"Pied\u0101v\u0101jumi - P&otilde;ltsamaa loss","robots":{"index":"index","follow":"follow","max-snippet":"max-snippet:-1","max-image-preview":"max-image-preview:large","max-video-preview":"max-video-preview:-1"},"canonical":"https:\/\/poltsamaaloss.ee\/lv\/piedavajumi\/","og_locale":"lv_LV","og_type":"article","og_title":"Pied\u0101v\u0101jumi - P&otilde;ltsamaa loss","og_url":"https:\/\/poltsamaaloss.ee\/lv\/piedavajumi\/","og_site_name":"P&otilde;ltsamaa loss","article_modified_time":"2025-03-12T10:54:13+00:00","og_image":[{"width":1200,"height":800,"url":"https:\/\/poltsamaaloss.ee\/wp-content\/uploads\/2025\/01\/Meemeistrid_3882_LR1200.jpg","type":"image\/jpeg"}],"twitter_card":"summary_large_image","twitter_misc":{"Est. reading time":"1 minute"},"schema":{"@context":"https:\/\/schema.org","@graph":[{"@type":"WebPage","@id":"https:\/\/poltsamaaloss.ee\/lv\/piedavajumi\/","url":"https:\/\/poltsamaaloss.ee\/lv\/piedavajumi\/","name":"Pied\u0101v\u0101jumi - P&otilde;ltsamaa loss","isPartOf":{"@id":"https:\/\/poltsamaaloss.ee\/lv\/#website"},"primaryImageOfPage":{"@id":"https:\/\/poltsamaaloss.ee\/lv\/piedavajumi\/#primaryimage"},"image":{"@id":"https:\/\/poltsamaaloss.ee\/lv\/piedavajumi\/#primaryimage"},"thumbnailUrl":"https:\/\/poltsamaaloss.ee\/wp-content\/uploads\/2025\/01\/Meemeistrid_3882_LR1200.jpg","datePublished":"2025-03-10T08:38:34+00:00","dateModified":"2025-03-12T10:54:13+00:00","breadcrumb":{"@id":"https:\/\/poltsamaaloss.ee\/lv\/piedavajumi\/#breadcrumb"},"inLanguage":"lv-LV","potentialAction":[{"@type":"ReadAction","target":["https:\/\/poltsamaaloss.ee\/lv\/piedavajumi\/"]}]},{"@type":"ImageObject","inLanguage":"lv-LV","@id":"https:\/\/poltsamaaloss.ee\/lv\/piedavajumi\/#primaryimage","url":"https:\/\/poltsamaaloss.ee\/wp-content\/uploads\/2025\/01\/Meemeistrid_3882_LR1200.jpg","contentUrl":"https:\/\/poltsamaaloss.ee\/wp-content\/uploads\/2025\/01\/Meemeistrid_3882_LR1200.jpg"},{"@type":"BreadcrumbList","@id":"https:\/\/poltsamaaloss.ee\/lv\/piedavajumi\/#breadcrumb","itemListElement":[{"@type":"ListItem","position":1,"name":"Home","item":"https:\/\/poltsamaaloss.ee\/lv\/sakumlapa\/"},{"@type":"ListItem","position":2,"name":"Pied\u0101v\u0101jumi"}]},{"@type":"WebSite","@id":"https:\/\/poltsamaaloss.ee\/lv\/#website","url":"https:\/\/poltsamaaloss.ee\/lv\/","name":"P\u00f5ltsamaa loss","description":"","publisher":{"@id":"https:\/\/poltsamaaloss.ee\/lv\/#organization"},"potentialAction":[{"@type":"SearchAction","target":{"@type":"EntryPoint","urlTemplate":"https:\/\/poltsamaaloss.ee\/lv\/?s={search_term_string}"},"query-input":{"@type":"PropertyValueSpecification","valueRequired":true,"valueName":"search_term_string"}}],"inLanguage":"lv-LV"},{"@type":"Organization","@id":"https:\/\/poltsamaaloss.ee\/lv\/#organization","name":"P\u00f5ltsamaa loss","url":"https:\/\/poltsamaaloss.ee\/lv\/","logo":{"@type":"ImageObject","inLanguage":"lv-LV","@id":"https:\/\/poltsamaaloss.ee\/lv\/#\/schema\/logo\/image\/","url":"https:\/\/poltsamaaloss.ee\/wp-content\/uploads\/2020\/10\/poltsamaa-loss-logo.png","contentUrl":"https:\/\/poltsamaaloss.ee\/wp-content\/uploads\/2020\/10\/poltsamaa-loss-logo.png","width":1035,"height":690,"caption":"P\u00f5ltsamaa loss"},"image":{"@id":"https:\/\/poltsamaaloss.ee\/lv\/#\/schema\/logo\/image\/"}}]}},"_links":{"self":[{"href":"https:\/\/poltsamaaloss.ee\/lv\/wp-json\/wp\/v2\/pages\/6697","targetHints":{"allow":["GET"]}}],"collection":[{"href":"https:\/\/poltsamaaloss.ee\/lv\/wp-json\/wp\/v2\/pages"}],"about":[{"href":"https:\/\/poltsamaaloss.ee\/lv\/wp-json\/wp\/v2\/types\/page"}],"author":[{"embeddable":true,"href":"https:\/\/poltsamaaloss.ee\/lv\/wp-json\/wp\/v2\/users\/2"}],"replies":[{"embeddable":true,"href":"https:\/\/poltsamaaloss.ee\/lv\/wp-json\/wp\/v2\/comments?post=6697"}],"version-history":[{"count":5,"href":"https:\/\/poltsamaaloss.ee\/lv\/wp-json\/wp\/v2\/pages\/6697\/revisions"}],"predecessor-version":[{"id":6775,"href":"https:\/\/poltsamaaloss.ee\/lv\/wp-json\/wp\/v2\/pages\/6697\/revisions\/6775"}],"wp:attachment":[{"href":"https:\/\/poltsamaaloss.ee\/lv\/wp-json\/wp\/v2\/media?parent=6697"}],"curies":[{"name":"wp","href":"https:\/\/api.w.org\/{rel}","templated":true}]}}