{"id":6665,"date":"2025-03-07T15:32:32","date_gmt":"2025-03-07T13:32:32","guid":{"rendered":"https:\/\/poltsamaaloss.ee\/?page_id=6665"},"modified":"2026-03-04T16:24:02","modified_gmt":"2026-03-04T14:24:02","slug":"peltsama-muzejs","status":"publish","type":"page","link":"https:\/\/poltsamaaloss.ee\/lv\/peltsama-muzejs\/","title":{"rendered":"Peltsam\u0101 muzejs"},"content":{"rendered":"\n<div class=\"wp-block-columns is-layout-flex wp-container-core-columns-is-layout-9d6595d7 wp-block-columns-is-layout-flex\">\n<div class=\"wp-block-column is-layout-flow wp-block-column-is-layout-flow\">\n<h5><strong>CENR\u0100DIS un DARBALAIKS 2025<\/strong><\/h5>\n<p>Kop\u0161 02.06.2023. darbojas ar\u012b jaunais apmekl\u0113t\u0101ju centrs. Lai apmekl\u0113tu muzejus un pils torni, ieg\u0101d\u0101jieties bi\u013ceti inform\u0101cijas punkt\u0101, kas atrodas v\u0101rtu \u0113k\u0101. Bi\u013ce\u0161u tirdzniec\u012bba beidzas 30 min\u016btes pirms sl\u0113g\u0161anas.<\/p>\n<p>Oktobris\u2013apr\u012blis: O\u2013Sv plkst. 10\u201318<br \/>Maijs\u2013septembris: P\u2013Sv plkst. 10\u201318<\/p>\n\n\n\n<figure class=\"wp-block-table\"><table><tbody><tr><td><strong>Bi\u013cete visa kompleksa apskatei<\/strong> (v\u0101rtu \u0113ka un<br>muzeja \u0113ka + konventa \u0113ka un pils tornis):<\/td><td>13 eiro, ar atlaidi 9 eiro, \u0123imenei 29 eiro<\/td><\/tr><tr><td><strong>Bi\u013cete muzeja apskatei<\/strong> (v\u0101rtu \u0113ka un muzeja \u0113ka):<\/td><td>8 eiro, ar atlaidi 6 eiro, \u0123imenei 18 eiro<\/td><\/tr><tr><td><strong>Bi\u013cete konventa \u0113kas un pils tor\u0146a apskatei:<\/strong><\/td><td>7 eiro, ar atlaidi 5 eiro, \u0123imenei 16 eiro<\/td><\/tr><tr><td><strong>Atbalst\u012bt\u0101ja bi\u013cete<\/strong><\/td><td>25 eiro<\/td><\/tr><tr><td><strong>Ekskursijas (1h)<\/strong><\/td><td>Igau\u0146u valod\u0101 40 eiro\/h; krievu, ang\u013cu vai somu valod\u0101 50&nbsp;eiro\/h<\/td><\/tr><\/tbody><\/table><\/figure>\n\n\n\n<p>Bi\u013cete ar atlaidi ir der\u012bga skol\u0113niem (tostarp studentiem), skolot\u0101jiem un pension\u0101riem.<\/p>\n\n\n\n<p>Grup\u0101m ar 15 un vair\u0101k dal\u012bbniekiem \u201310% atlaide visiem bi\u013ce\u0161u veidiem! Grupas vad\u012bt\u0101jam un autobusa \u0161oferim ieeja bez maksas.<\/p>\n\n\n\n<p><\/p>\n<\/div>\n\n\n\n<div class=\"wp-block-column is-layout-flow wp-block-column-is-layout-flow\">\n<h5><strong>Kur\u0161 var apmekl\u0113t bez maksas<\/strong><strong>?<\/strong><\/h5>\n<ul>\n<li>Pirmsskolas vecuma b\u0113rni;<\/li>\n<li>B\u0113rnunamu b\u0113rni;<\/li>\n<li>Apmekl\u0113t\u0101ji ar \u012bpa\u0161\u0101m vajadz\u012bb\u0101m (smaga invalidit\u0101te \u2013 bez maksas, vid\u0113ja invalidit\u0101te \u2013 bi\u013cete ar atlaidi) kop\u0101 ar pavado\u0161o personu;<\/li>\n<li>Repres\u0113t\u0101s personas;<\/li>\n<li>Igaunijas Republikas oblig\u0101t\u0101 dienesta karav\u012bri (formast\u0113rp\u0101);<\/li>\n<li>Muzeju darbinieki (Igaunijas muzeju darbinieki, uzr\u0101dot apliec\u012bbu; ICOM biedri; Igaunijas Muzeju asoci\u0101cijas biedri);<\/li>\n<li>Skolot\u0101ji, kas pavada grupu m\u0101c\u012bbu laik\u0101;<\/li>\n<li>\u017durn\u0101listi, uzr\u0101dot preses kart\u012btes.<\/li>\n<\/ul>\n<hr \/>\n<h5><strong>Kontakti:<\/strong><\/h5>\n<p>Peltsam\u0101 muzejs<br \/>Lossi 1b, 48103 P\u00f5ltsamaa linn, P\u00f5ltsamaa vald<br \/>+372 775 1390, 529 3307<br \/>muuseum(at)poltsamaa.ee<\/p>\n<p><a href=\"https:\/\/poltsamaaloss.ee\/lv\/kontakti\/\">Vair\u0101k inform\u0101cijas<\/a><\/p>\n<\/div>\n<\/div>\n\n\n\n<div class=\"wp-block-columns is-layout-flex wp-container-core-columns-is-layout-9d6595d7 wp-block-columns-is-layout-flex\">\n<div class=\"wp-block-column is-layout-flow wp-block-column-is-layout-flow\"><div class=\"wp-block-image\">\n<figure class=\"aligncenter size-full\"><img loading=\"lazy\" decoding=\"async\" width=\"1024\" height=\"684\" src=\"https:\/\/poltsamaaloss.ee\/wp-content\/uploads\/2021\/09\/poltsamaa-suudlus-poltsamaa-muuseum.jpg\" alt=\"\" class=\"wp-image-1197\" srcset=\"https:\/\/poltsamaaloss.ee\/wp-content\/uploads\/2021\/09\/poltsamaa-suudlus-poltsamaa-muuseum.jpg 1024w, https:\/\/poltsamaaloss.ee\/wp-content\/uploads\/2021\/09\/poltsamaa-suudlus-poltsamaa-muuseum-300x200.jpg 300w, https:\/\/poltsamaaloss.ee\/wp-content\/uploads\/2021\/09\/poltsamaa-suudlus-poltsamaa-muuseum-768x513.jpg 768w, https:\/\/poltsamaaloss.ee\/wp-content\/uploads\/2021\/09\/poltsamaa-suudlus-poltsamaa-muuseum-299x200.jpg 299w\" sizes=\"auto, (max-width: 1024px) 100vw, 1024px\" \/><\/figure>\n<\/div><\/div>\n\n\n\n<div class=\"wp-block-column is-layout-flow wp-block-column-is-layout-flow\"><div class=\"wp-block-image\">\n<figure class=\"aligncenter size-full\"><img loading=\"lazy\" decoding=\"async\" width=\"942\" height=\"628\" src=\"https:\/\/poltsamaaloss.ee\/wp-content\/uploads\/2021\/09\/kuldmunt-poltsamaa-muuseum.jpg\" alt=\"\" class=\"wp-image-1198\" srcset=\"https:\/\/poltsamaaloss.ee\/wp-content\/uploads\/2021\/09\/kuldmunt-poltsamaa-muuseum.jpg 942w, https:\/\/poltsamaaloss.ee\/wp-content\/uploads\/2021\/09\/kuldmunt-poltsamaa-muuseum-300x200.jpg 300w, https:\/\/poltsamaaloss.ee\/wp-content\/uploads\/2021\/09\/kuldmunt-poltsamaa-muuseum-768x512.jpg 768w\" sizes=\"auto, (max-width: 942px) 100vw, 942px\" \/><\/figure>\n<\/div><\/div>\n\n\n\n<div class=\"wp-block-column is-layout-flow wp-block-column-is-layout-flow\"><div class=\"wp-block-image\">\n<figure class=\"aligncenter size-full\"><img loading=\"lazy\" decoding=\"async\" width=\"768\" height=\"512\" src=\"https:\/\/poltsamaaloss.ee\/wp-content\/uploads\/2023\/05\/magnus-maria-web-23.jpg\" alt=\"\" class=\"wp-image-3836\" srcset=\"https:\/\/poltsamaaloss.ee\/wp-content\/uploads\/2023\/05\/magnus-maria-web-23.jpg 768w, https:\/\/poltsamaaloss.ee\/wp-content\/uploads\/2023\/05\/magnus-maria-web-23-300x200.jpg 300w\" sizes=\"auto, (max-width: 768px) 100vw, 768px\" \/><\/figure>\n<\/div><\/div>\n<\/div>\n","protected":false},"excerpt":{"rendered":"<p>CENR\u0100DIS un DARBALAIKS 2025 Kop\u0161 02.06.2023. darbojas ar\u012b jaunais apmekl\u0113t\u0101ju centrs. Lai apmekl\u0113tu muzejus un pils torni, ieg\u0101d\u0101jieties bi\u013ceti inform\u0101cijas punkt\u0101, kas atrodas v\u0101rtu \u0113k\u0101. Bi\u013ce\u0161u tirdzniec\u012bba beidzas 30 min\u016btes pirms sl\u0113g\u0161anas. Oktobris\u2013apr\u012blis: O\u2013Sv plkst. 10\u201318Maijs\u2013septembris: P\u2013Sv plkst. 10\u201318 Bi\u013cete visa kompleksa apskatei (v\u0101rtu \u0113ka unmuzeja \u0113ka + konventa \u0113ka &hellip;<\/p>\n","protected":false},"author":2,"featured_media":0,"parent":0,"menu_order":0,"comment_status":"closed","ping_status":"closed","template":"","meta":{"footnotes":""},"class_list":["post-6665","page","type-page","status-publish","hentry"],"yoast_head":"<!-- This site is optimized with the Yoast SEO plugin v27.3 - https:\/\/yoast.com\/product\/yoast-seo-wordpress\/ -->\n<title>Peltsam\u0101 muzejs - P&otilde;ltsamaa loss<\/title>\n<meta name=\"robots\" content=\"index, follow, max-snippet:-1, max-image-preview:large, max-video-preview:-1\" \/>\n<link rel=\"canonical\" href=\"https:\/\/poltsamaaloss.ee\/lv\/peltsama-muzejs\/\" \/>\n<meta property=\"og:locale\" content=\"lv_LV\" \/>\n<meta property=\"og:type\" content=\"article\" \/>\n<meta property=\"og:title\" content=\"Peltsam\u0101 muzejs - P&otilde;ltsamaa loss\" \/>\n<meta property=\"og:description\" content=\"CENR\u0100DIS un DARBALAIKS 2025 Kop\u0161 02.06.2023. darbojas ar\u012b jaunais apmekl\u0113t\u0101ju centrs. Lai apmekl\u0113tu muzejus un pils torni, ieg\u0101d\u0101jieties bi\u013ceti inform\u0101cijas punkt\u0101, kas atrodas v\u0101rtu \u0113k\u0101. Bi\u013ce\u0161u tirdzniec\u012bba beidzas 30 min\u016btes pirms sl\u0113g\u0161anas. Oktobris\u2013apr\u012blis: O\u2013Sv plkst. 10\u201318Maijs\u2013septembris: P\u2013Sv plkst. 10\u201318 Bi\u013cete visa kompleksa apskatei (v\u0101rtu \u0113ka unmuzeja \u0113ka + konventa \u0113ka &hellip;\" \/>\n<meta property=\"og:url\" content=\"https:\/\/poltsamaaloss.ee\/lv\/peltsama-muzejs\/\" \/>\n<meta property=\"og:site_name\" content=\"P&otilde;ltsamaa loss\" \/>\n<meta property=\"article:modified_time\" content=\"2026-03-04T14:24:02+00:00\" \/>\n<meta property=\"og:image\" content=\"https:\/\/poltsamaaloss.ee\/wp-content\/uploads\/2021\/09\/poltsamaa-suudlus-poltsamaa-muuseum.jpg\" \/>\n\t<meta property=\"og:image:width\" content=\"1024\" \/>\n\t<meta property=\"og:image:height\" content=\"684\" \/>\n\t<meta property=\"og:image:type\" content=\"image\/jpeg\" \/>\n<meta name=\"twitter:card\" content=\"summary_large_image\" \/>\n<meta name=\"twitter:label1\" content=\"Est. reading time\" \/>\n\t<meta name=\"twitter:data1\" content=\"2 minutes\" \/>\n<script type=\"application\/ld+json\" class=\"yoast-schema-graph\">{\"@context\":\"https:\\\/\\\/schema.org\",\"@graph\":[{\"@type\":\"WebPage\",\"@id\":\"https:\\\/\\\/poltsamaaloss.ee\\\/lv\\\/peltsama-muzejs\\\/\",\"url\":\"https:\\\/\\\/poltsamaaloss.ee\\\/lv\\\/peltsama-muzejs\\\/\",\"name\":\"Peltsam\u0101 muzejs - P&otilde;ltsamaa loss\",\"isPartOf\":{\"@id\":\"https:\\\/\\\/poltsamaaloss.ee\\\/lv\\\/#website\"},\"primaryImageOfPage\":{\"@id\":\"https:\\\/\\\/poltsamaaloss.ee\\\/lv\\\/peltsama-muzejs\\\/#primaryimage\"},\"image\":{\"@id\":\"https:\\\/\\\/poltsamaaloss.ee\\\/lv\\\/peltsama-muzejs\\\/#primaryimage\"},\"thumbnailUrl\":\"https:\\\/\\\/poltsamaaloss.ee\\\/wp-content\\\/uploads\\\/2021\\\/09\\\/poltsamaa-suudlus-poltsamaa-muuseum.jpg\",\"datePublished\":\"2025-03-07T13:32:32+00:00\",\"dateModified\":\"2026-03-04T14:24:02+00:00\",\"breadcrumb\":{\"@id\":\"https:\\\/\\\/poltsamaaloss.ee\\\/lv\\\/peltsama-muzejs\\\/#breadcrumb\"},\"inLanguage\":\"lv-LV\",\"potentialAction\":[{\"@type\":\"ReadAction\",\"target\":[\"https:\\\/\\\/poltsamaaloss.ee\\\/lv\\\/peltsama-muzejs\\\/\"]}]},{\"@type\":\"ImageObject\",\"inLanguage\":\"lv-LV\",\"@id\":\"https:\\\/\\\/poltsamaaloss.ee\\\/lv\\\/peltsama-muzejs\\\/#primaryimage\",\"url\":\"https:\\\/\\\/poltsamaaloss.ee\\\/wp-content\\\/uploads\\\/2021\\\/09\\\/poltsamaa-suudlus-poltsamaa-muuseum.jpg\",\"contentUrl\":\"https:\\\/\\\/poltsamaaloss.ee\\\/wp-content\\\/uploads\\\/2021\\\/09\\\/poltsamaa-suudlus-poltsamaa-muuseum.jpg\"},{\"@type\":\"BreadcrumbList\",\"@id\":\"https:\\\/\\\/poltsamaaloss.ee\\\/lv\\\/peltsama-muzejs\\\/#breadcrumb\",\"itemListElement\":[{\"@type\":\"ListItem\",\"position\":1,\"name\":\"Home\",\"item\":\"https:\\\/\\\/poltsamaaloss.ee\\\/lv\\\/sakumlapa\\\/\"},{\"@type\":\"ListItem\",\"position\":2,\"name\":\"Peltsam\u0101 muzejs\"}]},{\"@type\":\"WebSite\",\"@id\":\"https:\\\/\\\/poltsamaaloss.ee\\\/lv\\\/#website\",\"url\":\"https:\\\/\\\/poltsamaaloss.ee\\\/lv\\\/\",\"name\":\"P\u00f5ltsamaa loss\",\"description\":\"\",\"publisher\":{\"@id\":\"https:\\\/\\\/poltsamaaloss.ee\\\/lv\\\/#organization\"},\"potentialAction\":[{\"@type\":\"SearchAction\",\"target\":{\"@type\":\"EntryPoint\",\"urlTemplate\":\"https:\\\/\\\/poltsamaaloss.ee\\\/lv\\\/?s={search_term_string}\"},\"query-input\":{\"@type\":\"PropertyValueSpecification\",\"valueRequired\":true,\"valueName\":\"search_term_string\"}}],\"inLanguage\":\"lv-LV\"},{\"@type\":\"Organization\",\"@id\":\"https:\\\/\\\/poltsamaaloss.ee\\\/lv\\\/#organization\",\"name\":\"P\u00f5ltsamaa loss\",\"url\":\"https:\\\/\\\/poltsamaaloss.ee\\\/lv\\\/\",\"logo\":{\"@type\":\"ImageObject\",\"inLanguage\":\"lv-LV\",\"@id\":\"https:\\\/\\\/poltsamaaloss.ee\\\/lv\\\/#\\\/schema\\\/logo\\\/image\\\/\",\"url\":\"https:\\\/\\\/poltsamaaloss.ee\\\/wp-content\\\/uploads\\\/2020\\\/10\\\/poltsamaa-loss-logo.png\",\"contentUrl\":\"https:\\\/\\\/poltsamaaloss.ee\\\/wp-content\\\/uploads\\\/2020\\\/10\\\/poltsamaa-loss-logo.png\",\"width\":1035,\"height\":690,\"caption\":\"P\u00f5ltsamaa loss\"},\"image\":{\"@id\":\"https:\\\/\\\/poltsamaaloss.ee\\\/lv\\\/#\\\/schema\\\/logo\\\/image\\\/\"}}]}<\/script>\n<!-- \/ Yoast SEO plugin. -->","yoast_head_json":{"title":"Peltsam\u0101 muzejs - P&otilde;ltsamaa loss","robots":{"index":"index","follow":"follow","max-snippet":"max-snippet:-1","max-image-preview":"max-image-preview:large","max-video-preview":"max-video-preview:-1"},"canonical":"https:\/\/poltsamaaloss.ee\/lv\/peltsama-muzejs\/","og_locale":"lv_LV","og_type":"article","og_title":"Peltsam\u0101 muzejs - P&otilde;ltsamaa loss","og_description":"CENR\u0100DIS un DARBALAIKS 2025 Kop\u0161 02.06.2023. darbojas ar\u012b jaunais apmekl\u0113t\u0101ju centrs. Lai apmekl\u0113tu muzejus un pils torni, ieg\u0101d\u0101jieties bi\u013ceti inform\u0101cijas punkt\u0101, kas atrodas v\u0101rtu \u0113k\u0101. Bi\u013ce\u0161u tirdzniec\u012bba beidzas 30 min\u016btes pirms sl\u0113g\u0161anas. Oktobris\u2013apr\u012blis: O\u2013Sv plkst. 10\u201318Maijs\u2013septembris: P\u2013Sv plkst. 10\u201318 Bi\u013cete visa kompleksa apskatei (v\u0101rtu \u0113ka unmuzeja \u0113ka + konventa \u0113ka &hellip;","og_url":"https:\/\/poltsamaaloss.ee\/lv\/peltsama-muzejs\/","og_site_name":"P&otilde;ltsamaa loss","article_modified_time":"2026-03-04T14:24:02+00:00","og_image":[{"width":1024,"height":684,"url":"https:\/\/poltsamaaloss.ee\/wp-content\/uploads\/2021\/09\/poltsamaa-suudlus-poltsamaa-muuseum.jpg","type":"image\/jpeg"}],"twitter_card":"summary_large_image","twitter_misc":{"Est. reading time":"2 minutes"},"schema":{"@context":"https:\/\/schema.org","@graph":[{"@type":"WebPage","@id":"https:\/\/poltsamaaloss.ee\/lv\/peltsama-muzejs\/","url":"https:\/\/poltsamaaloss.ee\/lv\/peltsama-muzejs\/","name":"Peltsam\u0101 muzejs - P&otilde;ltsamaa loss","isPartOf":{"@id":"https:\/\/poltsamaaloss.ee\/lv\/#website"},"primaryImageOfPage":{"@id":"https:\/\/poltsamaaloss.ee\/lv\/peltsama-muzejs\/#primaryimage"},"image":{"@id":"https:\/\/poltsamaaloss.ee\/lv\/peltsama-muzejs\/#primaryimage"},"thumbnailUrl":"https:\/\/poltsamaaloss.ee\/wp-content\/uploads\/2021\/09\/poltsamaa-suudlus-poltsamaa-muuseum.jpg","datePublished":"2025-03-07T13:32:32+00:00","dateModified":"2026-03-04T14:24:02+00:00","breadcrumb":{"@id":"https:\/\/poltsamaaloss.ee\/lv\/peltsama-muzejs\/#breadcrumb"},"inLanguage":"lv-LV","potentialAction":[{"@type":"ReadAction","target":["https:\/\/poltsamaaloss.ee\/lv\/peltsama-muzejs\/"]}]},{"@type":"ImageObject","inLanguage":"lv-LV","@id":"https:\/\/poltsamaaloss.ee\/lv\/peltsama-muzejs\/#primaryimage","url":"https:\/\/poltsamaaloss.ee\/wp-content\/uploads\/2021\/09\/poltsamaa-suudlus-poltsamaa-muuseum.jpg","contentUrl":"https:\/\/poltsamaaloss.ee\/wp-content\/uploads\/2021\/09\/poltsamaa-suudlus-poltsamaa-muuseum.jpg"},{"@type":"BreadcrumbList","@id":"https:\/\/poltsamaaloss.ee\/lv\/peltsama-muzejs\/#breadcrumb","itemListElement":[{"@type":"ListItem","position":1,"name":"Home","item":"https:\/\/poltsamaaloss.ee\/lv\/sakumlapa\/"},{"@type":"ListItem","position":2,"name":"Peltsam\u0101 muzejs"}]},{"@type":"WebSite","@id":"https:\/\/poltsamaaloss.ee\/lv\/#website","url":"https:\/\/poltsamaaloss.ee\/lv\/","name":"P\u00f5ltsamaa loss","description":"","publisher":{"@id":"https:\/\/poltsamaaloss.ee\/lv\/#organization"},"potentialAction":[{"@type":"SearchAction","target":{"@type":"EntryPoint","urlTemplate":"https:\/\/poltsamaaloss.ee\/lv\/?s={search_term_string}"},"query-input":{"@type":"PropertyValueSpecification","valueRequired":true,"valueName":"search_term_string"}}],"inLanguage":"lv-LV"},{"@type":"Organization","@id":"https:\/\/poltsamaaloss.ee\/lv\/#organization","name":"P\u00f5ltsamaa loss","url":"https:\/\/poltsamaaloss.ee\/lv\/","logo":{"@type":"ImageObject","inLanguage":"lv-LV","@id":"https:\/\/poltsamaaloss.ee\/lv\/#\/schema\/logo\/image\/","url":"https:\/\/poltsamaaloss.ee\/wp-content\/uploads\/2020\/10\/poltsamaa-loss-logo.png","contentUrl":"https:\/\/poltsamaaloss.ee\/wp-content\/uploads\/2020\/10\/poltsamaa-loss-logo.png","width":1035,"height":690,"caption":"P\u00f5ltsamaa loss"},"image":{"@id":"https:\/\/poltsamaaloss.ee\/lv\/#\/schema\/logo\/image\/"}}]}},"_links":{"self":[{"href":"https:\/\/poltsamaaloss.ee\/lv\/wp-json\/wp\/v2\/pages\/6665","targetHints":{"allow":["GET"]}}],"collection":[{"href":"https:\/\/poltsamaaloss.ee\/lv\/wp-json\/wp\/v2\/pages"}],"about":[{"href":"https:\/\/poltsamaaloss.ee\/lv\/wp-json\/wp\/v2\/types\/page"}],"author":[{"embeddable":true,"href":"https:\/\/poltsamaaloss.ee\/lv\/wp-json\/wp\/v2\/users\/2"}],"replies":[{"embeddable":true,"href":"https:\/\/poltsamaaloss.ee\/lv\/wp-json\/wp\/v2\/comments?post=6665"}],"version-history":[{"count":10,"href":"https:\/\/poltsamaaloss.ee\/lv\/wp-json\/wp\/v2\/pages\/6665\/revisions"}],"predecessor-version":[{"id":8217,"href":"https:\/\/poltsamaaloss.ee\/lv\/wp-json\/wp\/v2\/pages\/6665\/revisions\/8217"}],"wp:attachment":[{"href":"https:\/\/poltsamaaloss.ee\/lv\/wp-json\/wp\/v2\/media?parent=6665"}],"curies":[{"name":"wp","href":"https:\/\/api.w.org\/{rel}","templated":true}]}}