{"id":6606,"date":"2025-03-05T16:00:21","date_gmt":"2025-03-05T14:00:21","guid":{"rendered":"https:\/\/poltsamaaloss.ee\/?page_id=6606"},"modified":"2025-03-10T11:17:40","modified_gmt":"2025-03-10T09:17:40","slug":"ekskursijas","status":"publish","type":"page","link":"https:\/\/poltsamaaloss.ee\/lv\/ekskursijas\/","title":{"rendered":"Ekskursijas"},"content":{"rendered":"<h4><strong>1. AIZRAUJO\u0160S ST\u0100STS PAR PELTSAM\u0100<\/strong><\/h4>\n<p>Peltsam\u0101 pils jaun\u0101s v\u0101rtu \u0113kas tr\u012bs st\u0101vos var\u0113s iepaz\u012bties ar re\u0123iona iev\u0113rojamo v\u0113sturi, apl\u016bkot interesantus ekspon\u0101tus, sp\u0113l\u0113t sp\u0113les, v\u0113rot kino un atkl\u0101t aizraujo\u0161us atradumus.<\/p>\n<p>V\u0101rtu \u0113kas ekskursijas laik\u0101 vair\u0101k uzzin\u0101sim ar\u012b par Livonijas karali hercogu Magnusu. Kinoz\u0101l\u0113 kop\u012bgi ar gidu skat\u012bsimies \u012bsfilmu par Peltsam\u0101 novadu un mui\u017enieku sadz\u012bvi. T\u0101pat g\u016bsim ieskatu par aizraujo\u0161iem Peltsam\u0101 atradumiem \u2013 piem\u0113ram, par nesen aizsargvaln\u012b atrasto 15.\u00a0gadsimta zobenu. Nosl\u0113gum\u0101 pulc\u0113simies pie kop\u012bga vakari\u0146u galda, pie kura savos st\u0101stos dal\u012bsies iev\u0113rojami v\u012bri, kas gadsimtu gait\u0101 dz\u012bvoju\u0161i Peltsam\u0101.<\/p>\n<p>Laiks: 1 stunda<\/p>\n<p>Cena: gida pakalpojums 40 eiro\/stunda +\u00a0<a href=\"https:\/\/poltsamaaloss.ee\/poltsamaa-muuseum\/\">muzeja bi\u013cetes<\/a><\/p>\n<p>P\u0113c ekskursijas iesak\u0101m papildus velt\u012bt sev apm\u0113ram stundu, lai ekspoz\u012bcijas div\u0101s da\u017e\u0101d\u0101s \u0113k\u0101s izskat\u012btu sev piem\u0113rot\u0101 temp\u0101:<\/p>\n<ul>\n<li>V\u0101rtu \u0113k\u0101 \u2013 izp\u0113tiet muzeja ekspon\u0101tus, sp\u0113l\u0113jiet sp\u0113les un r\u016bp\u012bg\u0101k iedzi\u013cinieties tekstos. V\u0101rtu \u0113k\u0101 iek\u0101rtoti ar\u012b pastaigu celi\u0146i.<\/li>\n<li>Vecaj\u0101 muzeja m\u0101j\u0101 \u2013 izp\u0113tiet interesantus priek\u0161metus, kas atrasti sen\u0101 lauku s\u0113t\u0101, kl\u0113t\u012b un malkas \u0161\u0137\u016bn\u012b. Uzziniet vair\u0101k par Igaunijas pirmo karogu vai izm\u0113\u0123iniet roku au\u0161an\u0101. Bag\u0101t\u012bgu v\u0113sturisku inform\u0101ciju sniegs ar\u012b sava laika Igaunijas Pat\u0113r\u0113t\u0101ju biedr\u012bbas apvien\u012bbas Peltsam\u0101 Lauksaimniec\u012bbas kombin\u0101ta ma\u0161\u012bnas, eti\u0137etes un p\u0101rtikas produktu paraugi t\u016bbi\u0146\u0101s.<\/li>\n<\/ul>\n<p>Abu \u0113ku apmekl\u0113jums ir iek\u013cauts muzeja bi\u013cetes cen\u0101.<\/p>\n\n\n<div class=\"wp-block-columns is-layout-flex wp-container-core-columns-is-layout-9d6595d7 wp-block-columns-is-layout-flex\">\n<div class=\"wp-block-column is-layout-flow wp-block-column-is-layout-flow\">\n<figure class=\"wp-block-image size-full\"><img loading=\"lazy\" decoding=\"async\" width=\"800\" height=\"533\" src=\"https:\/\/poltsamaaloss.ee\/wp-content\/uploads\/2023\/10\/Poltsamaa-loss-3.jpg\" alt=\"\" class=\"wp-image-4404\" srcset=\"https:\/\/poltsamaaloss.ee\/wp-content\/uploads\/2023\/10\/Poltsamaa-loss-3.jpg 800w, https:\/\/poltsamaaloss.ee\/wp-content\/uploads\/2023\/10\/Poltsamaa-loss-3-300x200.jpg 300w, https:\/\/poltsamaaloss.ee\/wp-content\/uploads\/2023\/10\/Poltsamaa-loss-3-768x512.jpg 768w\" sizes=\"auto, (max-width: 800px) 100vw, 800px\" \/><\/figure>\n\n\n\n<p><\/p>\n<\/div>\n\n\n\n<div class=\"wp-block-column is-layout-flow wp-block-column-is-layout-flow\">\n<figure class=\"wp-block-image size-full\"><img loading=\"lazy\" decoding=\"async\" width=\"800\" height=\"533\" src=\"https:\/\/poltsamaaloss.ee\/wp-content\/uploads\/2023\/10\/Poltsamaa-loss-2.jpg\" alt=\"\" class=\"wp-image-4402\" srcset=\"https:\/\/poltsamaaloss.ee\/wp-content\/uploads\/2023\/10\/Poltsamaa-loss-2.jpg 800w, https:\/\/poltsamaaloss.ee\/wp-content\/uploads\/2023\/10\/Poltsamaa-loss-2-300x200.jpg 300w, https:\/\/poltsamaaloss.ee\/wp-content\/uploads\/2023\/10\/Poltsamaa-loss-2-768x512.jpg 768w\" sizes=\"auto, (max-width: 800px) 100vw, 800px\" \/><\/figure>\n<\/div>\n\n\n\n<div class=\"wp-block-column is-layout-flow wp-block-column-is-layout-flow\">\n<figure class=\"wp-block-image size-full\"><img loading=\"lazy\" decoding=\"async\" width=\"800\" height=\"533\" src=\"https:\/\/poltsamaaloss.ee\/wp-content\/uploads\/2023\/10\/Poltsamaa-loss-4.jpg\" alt=\"\" class=\"wp-image-4406\" srcset=\"https:\/\/poltsamaaloss.ee\/wp-content\/uploads\/2023\/10\/Poltsamaa-loss-4.jpg 800w, https:\/\/poltsamaaloss.ee\/wp-content\/uploads\/2023\/10\/Poltsamaa-loss-4-300x200.jpg 300w, https:\/\/poltsamaaloss.ee\/wp-content\/uploads\/2023\/10\/Poltsamaa-loss-4-768x512.jpg 768w\" sizes=\"auto, (max-width: 800px) 100vw, 800px\" \/><\/figure>\n<\/div>\n<\/div>\n\n\n\n<hr class=\"wp-block-separator has-text-color has-sitebg-color has-alpha-channel-opacity has-sitebg-background-color has-background is-style-dots\"\/>\n\n\n<h4><strong>2. NO ORDE\u0145A PILS L\u012aDZ ROKOKO PILIJ<\/strong><\/h4>\n<p>Ekskursij\u0101 vair\u0101k uzzin\u0101sim par V\u0101cu orde\u0146a celto Peltsam\u0101 cietoksni un iel\u016bkosimies Peltsam\u0101 Eva\u0146\u0123\u0113liski luteriskaj\u0101 Nigulistes bazn\u012bc\u0101, kas celta uz bastiona tor\u0146a un cietok\u0161\u0146a m\u016briem. Uzzin\u0101sim par Peltsam\u0101 pils v\u0113sturi un noz\u012bm\u012bg\u0101m person\u012bb\u0101m. Apmekl\u0113sim jauno rokoko istabu un run\u0101sim par atradumiem Peltsam\u0101.<\/p>\n<p>Laiks: 1 stunda<\/p>\n<p>Cena: gida pakalpojums 40 eiro\/stunda +\u00a0ja ir v\u0113l\u0113\u0161an\u0101s, ar\u012b muzeju bi\u013cetes<\/p>\n\n\n<div class=\"wp-block-columns is-layout-flex wp-container-core-columns-is-layout-9d6595d7 wp-block-columns-is-layout-flex\">\n<div class=\"wp-block-column is-layout-flow wp-block-column-is-layout-flow\">\n<figure class=\"wp-block-image size-full\"><img loading=\"lazy\" decoding=\"async\" width=\"800\" height=\"600\" src=\"https:\/\/poltsamaaloss.ee\/wp-content\/uploads\/2022\/01\/linnus.jpg\" alt=\"\" class=\"wp-image-2299\" srcset=\"https:\/\/poltsamaaloss.ee\/wp-content\/uploads\/2022\/01\/linnus.jpg 800w, https:\/\/poltsamaaloss.ee\/wp-content\/uploads\/2022\/01\/linnus-300x225.jpg 300w, https:\/\/poltsamaaloss.ee\/wp-content\/uploads\/2022\/01\/linnus-768x576.jpg 768w, https:\/\/poltsamaaloss.ee\/wp-content\/uploads\/2022\/01\/linnus-267x200.jpg 267w\" sizes=\"auto, (max-width: 800px) 100vw, 800px\" \/><\/figure>\n<\/div>\n\n\n\n<div class=\"wp-block-column is-layout-flow wp-block-column-is-layout-flow\">\n<figure class=\"wp-block-image size-full\"><img loading=\"lazy\" decoding=\"async\" width=\"800\" height=\"601\" src=\"https:\/\/poltsamaaloss.ee\/wp-content\/uploads\/2021\/06\/Poltsamaa-Niguliste-kirik-1.jpg\" alt=\"\" class=\"wp-image-1051\" srcset=\"https:\/\/poltsamaaloss.ee\/wp-content\/uploads\/2021\/06\/Poltsamaa-Niguliste-kirik-1.jpg 800w, https:\/\/poltsamaaloss.ee\/wp-content\/uploads\/2021\/06\/Poltsamaa-Niguliste-kirik-1-300x225.jpg 300w, https:\/\/poltsamaaloss.ee\/wp-content\/uploads\/2021\/06\/Poltsamaa-Niguliste-kirik-1-768x577.jpg 768w, https:\/\/poltsamaaloss.ee\/wp-content\/uploads\/2021\/06\/Poltsamaa-Niguliste-kirik-1-266x200.jpg 266w\" sizes=\"auto, (max-width: 800px) 100vw, 800px\" \/><\/figure>\n<\/div>\n\n\n\n<div class=\"wp-block-column is-layout-flow wp-block-column-is-layout-flow\">\n<figure class=\"wp-block-image size-full\"><img loading=\"lazy\" decoding=\"async\" width=\"800\" height=\"600\" src=\"https:\/\/poltsamaaloss.ee\/wp-content\/uploads\/2022\/01\/Rokokoosaal_001.jpg\" alt=\"\" class=\"wp-image-2301\" srcset=\"https:\/\/poltsamaaloss.ee\/wp-content\/uploads\/2022\/01\/Rokokoosaal_001.jpg 800w, https:\/\/poltsamaaloss.ee\/wp-content\/uploads\/2022\/01\/Rokokoosaal_001-300x225.jpg 300w, https:\/\/poltsamaaloss.ee\/wp-content\/uploads\/2022\/01\/Rokokoosaal_001-768x576.jpg 768w, https:\/\/poltsamaaloss.ee\/wp-content\/uploads\/2022\/01\/Rokokoosaal_001-267x200.jpg 267w\" sizes=\"auto, (max-width: 800px) 100vw, 800px\" \/><\/figure>\n<\/div>\n<\/div>\n\n\n\n<hr class=\"wp-block-separator has-text-color has-sitebg-color has-alpha-channel-opacity has-sitebg-background-color has-background is-style-dots\"\/>\n\n\n<h4><strong>3. PASTAIGA KARALISKAJ\u0100 PILS\u0112T\u0100<\/strong><\/h4>\n<p>Pirms pils\u0113tas ekskursijas dosimies neliel\u0101 pastaig\u0101 pa pils parku, kur pie liter\u0101ta, valodnieka un m\u016bzi\u0137a K\u0101r\u013ca Augusta Herma\u0146a kr\u016b\u0161ut\u0113la run\u0101sim par vi\u0146a person\u012bbas noz\u012bmi igau\u0146u kult\u016br\u0101 un nacion\u0101l\u0101s pa\u0161apzi\u0146as veido\u0161an\u0101. \u0160\u0137\u0113rsosim kr\u0101\u010dainu upi p\u0101r Skolot\u0101ju tiltu. Apskat\u012bsim 2013. gad\u0101 Peltsam\u0101 izveidoto zivju ce\u013cu. Run\u0101sim par pirmo Igaunijas karogu un t\u0101 ra\u0161anos, k\u0101 ar\u012b iepaz\u012bsim da\u017e\u0101das sabiedriskas \u0113kas un objektus, kas kalpo Peltsam\u0101 iedz\u012bvot\u0101ju interes\u0113m. Ekskursiju nosl\u0113gsim ar skaist\u0101s Peltsam\u0101 ro\u017eu salas apmekl\u0113jumu, kur var\u0113sim apl\u016bkot da\u017e\u0101das ro\u017eu \u0161\u0137irnes.<\/p>\n<p>Laiks: l\u012bdz 1,5 stunda, apm\u0113ram 1,5 km<\/p>\n<p>Cena: gida pakalpojums 60 eiro<\/p>\n\n\n<div class=\"wp-block-columns is-layout-flex wp-container-core-columns-is-layout-9d6595d7 wp-block-columns-is-layout-flex\">\n<div class=\"wp-block-column is-layout-flow wp-block-column-is-layout-flow\">\n<figure class=\"wp-block-image size-full\"><img loading=\"lazy\" decoding=\"async\" width=\"800\" height=\"600\" src=\"https:\/\/poltsamaaloss.ee\/wp-content\/uploads\/2022\/01\/hermanni-monument.jpg\" alt=\"\" class=\"wp-image-2311\" srcset=\"https:\/\/poltsamaaloss.ee\/wp-content\/uploads\/2022\/01\/hermanni-monument.jpg 800w, https:\/\/poltsamaaloss.ee\/wp-content\/uploads\/2022\/01\/hermanni-monument-300x225.jpg 300w, https:\/\/poltsamaaloss.ee\/wp-content\/uploads\/2022\/01\/hermanni-monument-768x576.jpg 768w, https:\/\/poltsamaaloss.ee\/wp-content\/uploads\/2022\/01\/hermanni-monument-267x200.jpg 267w\" sizes=\"auto, (max-width: 800px) 100vw, 800px\" \/><\/figure>\n<\/div>\n\n\n\n<div class=\"wp-block-column is-layout-flow wp-block-column-is-layout-flow\">\n<figure class=\"wp-block-image size-full\"><img loading=\"lazy\" decoding=\"async\" width=\"800\" height=\"600\" src=\"https:\/\/poltsamaaloss.ee\/wp-content\/uploads\/2022\/01\/Kohtumaja-e-Opetaja-sild.jpg\" alt=\"\" class=\"wp-image-2309\" srcset=\"https:\/\/poltsamaaloss.ee\/wp-content\/uploads\/2022\/01\/Kohtumaja-e-Opetaja-sild.jpg 800w, https:\/\/poltsamaaloss.ee\/wp-content\/uploads\/2022\/01\/Kohtumaja-e-Opetaja-sild-300x225.jpg 300w, https:\/\/poltsamaaloss.ee\/wp-content\/uploads\/2022\/01\/Kohtumaja-e-Opetaja-sild-768x576.jpg 768w, https:\/\/poltsamaaloss.ee\/wp-content\/uploads\/2022\/01\/Kohtumaja-e-Opetaja-sild-267x200.jpg 267w\" sizes=\"auto, (max-width: 800px) 100vw, 800px\" \/><\/figure>\n<\/div>\n\n\n\n<div class=\"wp-block-column is-layout-flow wp-block-column-is-layout-flow\">\n<figure class=\"wp-block-image size-full\"><img loading=\"lazy\" decoding=\"async\" width=\"800\" height=\"600\" src=\"https:\/\/poltsamaaloss.ee\/wp-content\/uploads\/2022\/01\/roosisaar.jpg\" alt=\"\" class=\"wp-image-2307\" srcset=\"https:\/\/poltsamaaloss.ee\/wp-content\/uploads\/2022\/01\/roosisaar.jpg 800w, https:\/\/poltsamaaloss.ee\/wp-content\/uploads\/2022\/01\/roosisaar-300x225.jpg 300w, https:\/\/poltsamaaloss.ee\/wp-content\/uploads\/2022\/01\/roosisaar-768x576.jpg 768w, https:\/\/poltsamaaloss.ee\/wp-content\/uploads\/2022\/01\/roosisaar-267x200.jpg 267w\" sizes=\"auto, (max-width: 800px) 100vw, 800px\" \/><\/figure>\n<\/div>\n<\/div>\n\n\n\n<hr class=\"wp-block-separator has-text-color has-sitebg-color has-alpha-channel-opacity has-sitebg-background-color has-background is-style-dots\"\/>\n\n\n<h4><strong>4. APSKATES OBJEKTI PELTSAM\u0100 APK\u0100RTN\u0112<\/strong><\/h4>\n<p>Pa\u0161reiz\u0113jais Peltsam\u0101 novads vair\u0101k vai maz\u0101k aptver t\u0101du pa\u0161u teritoriju k\u0101 senais Mehu apri\u0146\u0137is.<\/p>\n<p>Ekskursijas laik\u0101 iepaz\u012bsim da\u017e\u0101das Peltsam\u0101 apskates vietas. Noskaidrosim, kur\u0161 izveidoja Draudz\u012bbas parku pie Tallinas-Tartu lielce\u013ca. Dosimies ce\u013cojum\u0101 pa visvair\u0101k tulkot\u0101 igau\u0146u rakstnieka J\u0101na Krossa rom\u0101na \u201c\u0136eizara trakais\u201d tak\u0101m. Dzird\u0113sim st\u0101stus par igau\u0146u liter\u0101tu, valodnieku un m\u016bzi\u0137i K\u0101rli Augustu Hermani, k\u0101 ar\u012b pirmo igau\u0146u Aleksandra skolu, Pajusi mui\u017eniekiem un mui\u017eas v\u0113sturi.<\/p>\n<p>Mar\u0161rut\u0101 ietverts:<\/p>\n<ul>\n<li>Draudz\u012bbas parks<\/li>\n<li>Jaun\u0101 Peltsam\u0101 mui\u017ea un bazn\u012bcas kalns<\/li>\n<li>Veisiku mui\u017ea un Kundrus\u0101res kapi \u2013 J\u0101\u0146a Krosa rom\u0101na \u201c\u0136eizara trakais\u201d norises vietas<\/li>\n<li>Aleksandra skola un Kamari veikparks<\/li>\n<li>K\u0101r\u013ca Augusta Herma\u0146a dzimt\u0101s m\u0101jas<\/li>\n<li>Pajusi mui\u017ea un parks<\/li>\n<li>Fon V\u0101lu dzimtas kaps\u0113ta un kapela<\/li>\n<\/ul>\n<p>Ekskursija autobus\u0101 ar j\u016bsu pas\u016bt\u012bto autobusu<\/p>\n<p>Laiks: vismaz 2 stundas<\/p>\n<p>Garums: l\u012bdz 60 km<\/p>\n<p>Cena: gida pakalpojums 80 eiro<\/p>\n\n\n<div class=\"wp-block-columns is-layout-flex wp-container-core-columns-is-layout-9d6595d7 wp-block-columns-is-layout-flex\">\n<div class=\"wp-block-column is-layout-flow wp-block-column-is-layout-flow\">\n<figure class=\"wp-block-image size-full\"><img loading=\"lazy\" decoding=\"async\" width=\"800\" height=\"600\" src=\"https:\/\/poltsamaaloss.ee\/wp-content\/uploads\/2022\/01\/sopruse-park.jpg\" alt=\"\" class=\"wp-image-2320\" srcset=\"https:\/\/poltsamaaloss.ee\/wp-content\/uploads\/2022\/01\/sopruse-park.jpg 800w, https:\/\/poltsamaaloss.ee\/wp-content\/uploads\/2022\/01\/sopruse-park-300x225.jpg 300w, https:\/\/poltsamaaloss.ee\/wp-content\/uploads\/2022\/01\/sopruse-park-768x576.jpg 768w, https:\/\/poltsamaaloss.ee\/wp-content\/uploads\/2022\/01\/sopruse-park-267x200.jpg 267w\" sizes=\"auto, (max-width: 800px) 100vw, 800px\" \/><\/figure>\n<\/div>\n\n\n\n<div class=\"wp-block-column is-layout-flow wp-block-column-is-layout-flow\">\n<figure class=\"wp-block-image size-full\"><img loading=\"lazy\" decoding=\"async\" width=\"800\" height=\"600\" src=\"https:\/\/poltsamaaloss.ee\/wp-content\/uploads\/2022\/01\/pajusimois.jpg\" alt=\"\" class=\"wp-image-2318\" srcset=\"https:\/\/poltsamaaloss.ee\/wp-content\/uploads\/2022\/01\/pajusimois.jpg 800w, https:\/\/poltsamaaloss.ee\/wp-content\/uploads\/2022\/01\/pajusimois-300x225.jpg 300w, https:\/\/poltsamaaloss.ee\/wp-content\/uploads\/2022\/01\/pajusimois-768x576.jpg 768w, https:\/\/poltsamaaloss.ee\/wp-content\/uploads\/2022\/01\/pajusimois-267x200.jpg 267w\" sizes=\"auto, (max-width: 800px) 100vw, 800px\" \/><\/figure>\n<\/div>\n\n\n\n<div class=\"wp-block-column is-layout-flow wp-block-column-is-layout-flow\">\n<figure class=\"wp-block-image size-full\"><img loading=\"lazy\" decoding=\"async\" width=\"800\" height=\"600\" src=\"https:\/\/poltsamaaloss.ee\/wp-content\/uploads\/2022\/01\/wpark-fb.jpg\" alt=\"\" class=\"wp-image-2316\" srcset=\"https:\/\/poltsamaaloss.ee\/wp-content\/uploads\/2022\/01\/wpark-fb.jpg 800w, https:\/\/poltsamaaloss.ee\/wp-content\/uploads\/2022\/01\/wpark-fb-300x225.jpg 300w, https:\/\/poltsamaaloss.ee\/wp-content\/uploads\/2022\/01\/wpark-fb-768x576.jpg 768w, https:\/\/poltsamaaloss.ee\/wp-content\/uploads\/2022\/01\/wpark-fb-267x200.jpg 267w\" sizes=\"auto, (max-width: 800px) 100vw, 800px\" \/><\/figure>\n<\/div>\n<\/div>\n","protected":false},"excerpt":{"rendered":"<p>1. AIZRAUJO\u0160S ST\u0100STS PAR PELTSAM\u0100 Peltsam\u0101 pils jaun\u0101s v\u0101rtu \u0113kas tr\u012bs st\u0101vos var\u0113s iepaz\u012bties ar re\u0123iona iev\u0113rojamo v\u0113sturi, apl\u016bkot interesantus ekspon\u0101tus, sp\u0113l\u0113t sp\u0113les, v\u0113rot kino un atkl\u0101t aizraujo\u0161us atradumus. V\u0101rtu \u0113kas ekskursijas laik\u0101 vair\u0101k uzzin\u0101sim ar\u012b par Livonijas karali hercogu Magnusu. Kinoz\u0101l\u0113 kop\u012bgi ar gidu skat\u012bsimies \u012bsfilmu par Peltsam\u0101 novadu &hellip;<\/p>\n","protected":false},"author":2,"featured_media":0,"parent":0,"menu_order":0,"comment_status":"closed","ping_status":"closed","template":"","meta":{"footnotes":""},"class_list":["post-6606","page","type-page","status-publish","hentry"],"yoast_head":"<!-- This site is optimized with the Yoast SEO plugin v27.3 - https:\/\/yoast.com\/product\/yoast-seo-wordpress\/ -->\n<title>Ekskursijas - P&otilde;ltsamaa loss<\/title>\n<meta name=\"robots\" content=\"index, follow, max-snippet:-1, max-image-preview:large, max-video-preview:-1\" \/>\n<link rel=\"canonical\" href=\"https:\/\/poltsamaaloss.ee\/lv\/ekskursijas\/\" \/>\n<meta property=\"og:locale\" content=\"lv_LV\" \/>\n<meta property=\"og:type\" content=\"article\" \/>\n<meta property=\"og:title\" content=\"Ekskursijas - P&otilde;ltsamaa loss\" \/>\n<meta property=\"og:description\" content=\"1. AIZRAUJO\u0160S ST\u0100STS PAR PELTSAM\u0100 Peltsam\u0101 pils jaun\u0101s v\u0101rtu \u0113kas tr\u012bs st\u0101vos var\u0113s iepaz\u012bties ar re\u0123iona iev\u0113rojamo v\u0113sturi, apl\u016bkot interesantus ekspon\u0101tus, sp\u0113l\u0113t sp\u0113les, v\u0113rot kino un atkl\u0101t aizraujo\u0161us atradumus. V\u0101rtu \u0113kas ekskursijas laik\u0101 vair\u0101k uzzin\u0101sim ar\u012b par Livonijas karali hercogu Magnusu. Kinoz\u0101l\u0113 kop\u012bgi ar gidu skat\u012bsimies \u012bsfilmu par Peltsam\u0101 novadu &hellip;\" \/>\n<meta property=\"og:url\" content=\"https:\/\/poltsamaaloss.ee\/lv\/ekskursijas\/\" \/>\n<meta property=\"og:site_name\" content=\"P&otilde;ltsamaa loss\" \/>\n<meta property=\"article:modified_time\" content=\"2025-03-10T09:17:40+00:00\" \/>\n<meta property=\"og:image\" content=\"https:\/\/poltsamaaloss.ee\/wp-content\/uploads\/2023\/10\/Poltsamaa-loss-3.jpg\" \/>\n\t<meta property=\"og:image:width\" content=\"800\" \/>\n\t<meta property=\"og:image:height\" content=\"533\" \/>\n\t<meta property=\"og:image:type\" content=\"image\/jpeg\" \/>\n<meta name=\"twitter:card\" content=\"summary_large_image\" \/>\n<meta name=\"twitter:label1\" content=\"Est. reading time\" \/>\n\t<meta name=\"twitter:data1\" content=\"5 minutes\" \/>\n<script type=\"application\/ld+json\" class=\"yoast-schema-graph\">{\"@context\":\"https:\\\/\\\/schema.org\",\"@graph\":[{\"@type\":\"WebPage\",\"@id\":\"https:\\\/\\\/poltsamaaloss.ee\\\/lv\\\/ekskursijas\\\/\",\"url\":\"https:\\\/\\\/poltsamaaloss.ee\\\/lv\\\/ekskursijas\\\/\",\"name\":\"Ekskursijas - P&otilde;ltsamaa loss\",\"isPartOf\":{\"@id\":\"https:\\\/\\\/poltsamaaloss.ee\\\/lv\\\/#website\"},\"primaryImageOfPage\":{\"@id\":\"https:\\\/\\\/poltsamaaloss.ee\\\/lv\\\/ekskursijas\\\/#primaryimage\"},\"image\":{\"@id\":\"https:\\\/\\\/poltsamaaloss.ee\\\/lv\\\/ekskursijas\\\/#primaryimage\"},\"thumbnailUrl\":\"https:\\\/\\\/poltsamaaloss.ee\\\/wp-content\\\/uploads\\\/2023\\\/10\\\/Poltsamaa-loss-3.jpg\",\"datePublished\":\"2025-03-05T14:00:21+00:00\",\"dateModified\":\"2025-03-10T09:17:40+00:00\",\"breadcrumb\":{\"@id\":\"https:\\\/\\\/poltsamaaloss.ee\\\/lv\\\/ekskursijas\\\/#breadcrumb\"},\"inLanguage\":\"lv-LV\",\"potentialAction\":[{\"@type\":\"ReadAction\",\"target\":[\"https:\\\/\\\/poltsamaaloss.ee\\\/lv\\\/ekskursijas\\\/\"]}]},{\"@type\":\"ImageObject\",\"inLanguage\":\"lv-LV\",\"@id\":\"https:\\\/\\\/poltsamaaloss.ee\\\/lv\\\/ekskursijas\\\/#primaryimage\",\"url\":\"https:\\\/\\\/poltsamaaloss.ee\\\/wp-content\\\/uploads\\\/2023\\\/10\\\/Poltsamaa-loss-3.jpg\",\"contentUrl\":\"https:\\\/\\\/poltsamaaloss.ee\\\/wp-content\\\/uploads\\\/2023\\\/10\\\/Poltsamaa-loss-3.jpg\"},{\"@type\":\"BreadcrumbList\",\"@id\":\"https:\\\/\\\/poltsamaaloss.ee\\\/lv\\\/ekskursijas\\\/#breadcrumb\",\"itemListElement\":[{\"@type\":\"ListItem\",\"position\":1,\"name\":\"Home\",\"item\":\"https:\\\/\\\/poltsamaaloss.ee\\\/lv\\\/sakumlapa\\\/\"},{\"@type\":\"ListItem\",\"position\":2,\"name\":\"Ekskursijas\"}]},{\"@type\":\"WebSite\",\"@id\":\"https:\\\/\\\/poltsamaaloss.ee\\\/lv\\\/#website\",\"url\":\"https:\\\/\\\/poltsamaaloss.ee\\\/lv\\\/\",\"name\":\"P\u00f5ltsamaa loss\",\"description\":\"\",\"publisher\":{\"@id\":\"https:\\\/\\\/poltsamaaloss.ee\\\/lv\\\/#organization\"},\"potentialAction\":[{\"@type\":\"SearchAction\",\"target\":{\"@type\":\"EntryPoint\",\"urlTemplate\":\"https:\\\/\\\/poltsamaaloss.ee\\\/lv\\\/?s={search_term_string}\"},\"query-input\":{\"@type\":\"PropertyValueSpecification\",\"valueRequired\":true,\"valueName\":\"search_term_string\"}}],\"inLanguage\":\"lv-LV\"},{\"@type\":\"Organization\",\"@id\":\"https:\\\/\\\/poltsamaaloss.ee\\\/lv\\\/#organization\",\"name\":\"P\u00f5ltsamaa loss\",\"url\":\"https:\\\/\\\/poltsamaaloss.ee\\\/lv\\\/\",\"logo\":{\"@type\":\"ImageObject\",\"inLanguage\":\"lv-LV\",\"@id\":\"https:\\\/\\\/poltsamaaloss.ee\\\/lv\\\/#\\\/schema\\\/logo\\\/image\\\/\",\"url\":\"https:\\\/\\\/poltsamaaloss.ee\\\/wp-content\\\/uploads\\\/2020\\\/10\\\/poltsamaa-loss-logo.png\",\"contentUrl\":\"https:\\\/\\\/poltsamaaloss.ee\\\/wp-content\\\/uploads\\\/2020\\\/10\\\/poltsamaa-loss-logo.png\",\"width\":1035,\"height\":690,\"caption\":\"P\u00f5ltsamaa loss\"},\"image\":{\"@id\":\"https:\\\/\\\/poltsamaaloss.ee\\\/lv\\\/#\\\/schema\\\/logo\\\/image\\\/\"}}]}<\/script>\n<!-- \/ Yoast SEO plugin. -->","yoast_head_json":{"title":"Ekskursijas - P&otilde;ltsamaa loss","robots":{"index":"index","follow":"follow","max-snippet":"max-snippet:-1","max-image-preview":"max-image-preview:large","max-video-preview":"max-video-preview:-1"},"canonical":"https:\/\/poltsamaaloss.ee\/lv\/ekskursijas\/","og_locale":"lv_LV","og_type":"article","og_title":"Ekskursijas - P&otilde;ltsamaa loss","og_description":"1. AIZRAUJO\u0160S ST\u0100STS PAR PELTSAM\u0100 Peltsam\u0101 pils jaun\u0101s v\u0101rtu \u0113kas tr\u012bs st\u0101vos var\u0113s iepaz\u012bties ar re\u0123iona iev\u0113rojamo v\u0113sturi, apl\u016bkot interesantus ekspon\u0101tus, sp\u0113l\u0113t sp\u0113les, v\u0113rot kino un atkl\u0101t aizraujo\u0161us atradumus. V\u0101rtu \u0113kas ekskursijas laik\u0101 vair\u0101k uzzin\u0101sim ar\u012b par Livonijas karali hercogu Magnusu. Kinoz\u0101l\u0113 kop\u012bgi ar gidu skat\u012bsimies \u012bsfilmu par Peltsam\u0101 novadu &hellip;","og_url":"https:\/\/poltsamaaloss.ee\/lv\/ekskursijas\/","og_site_name":"P&otilde;ltsamaa loss","article_modified_time":"2025-03-10T09:17:40+00:00","og_image":[{"width":800,"height":533,"url":"https:\/\/poltsamaaloss.ee\/wp-content\/uploads\/2023\/10\/Poltsamaa-loss-3.jpg","type":"image\/jpeg"}],"twitter_card":"summary_large_image","twitter_misc":{"Est. reading time":"5 minutes"},"schema":{"@context":"https:\/\/schema.org","@graph":[{"@type":"WebPage","@id":"https:\/\/poltsamaaloss.ee\/lv\/ekskursijas\/","url":"https:\/\/poltsamaaloss.ee\/lv\/ekskursijas\/","name":"Ekskursijas - P&otilde;ltsamaa loss","isPartOf":{"@id":"https:\/\/poltsamaaloss.ee\/lv\/#website"},"primaryImageOfPage":{"@id":"https:\/\/poltsamaaloss.ee\/lv\/ekskursijas\/#primaryimage"},"image":{"@id":"https:\/\/poltsamaaloss.ee\/lv\/ekskursijas\/#primaryimage"},"thumbnailUrl":"https:\/\/poltsamaaloss.ee\/wp-content\/uploads\/2023\/10\/Poltsamaa-loss-3.jpg","datePublished":"2025-03-05T14:00:21+00:00","dateModified":"2025-03-10T09:17:40+00:00","breadcrumb":{"@id":"https:\/\/poltsamaaloss.ee\/lv\/ekskursijas\/#breadcrumb"},"inLanguage":"lv-LV","potentialAction":[{"@type":"ReadAction","target":["https:\/\/poltsamaaloss.ee\/lv\/ekskursijas\/"]}]},{"@type":"ImageObject","inLanguage":"lv-LV","@id":"https:\/\/poltsamaaloss.ee\/lv\/ekskursijas\/#primaryimage","url":"https:\/\/poltsamaaloss.ee\/wp-content\/uploads\/2023\/10\/Poltsamaa-loss-3.jpg","contentUrl":"https:\/\/poltsamaaloss.ee\/wp-content\/uploads\/2023\/10\/Poltsamaa-loss-3.jpg"},{"@type":"BreadcrumbList","@id":"https:\/\/poltsamaaloss.ee\/lv\/ekskursijas\/#breadcrumb","itemListElement":[{"@type":"ListItem","position":1,"name":"Home","item":"https:\/\/poltsamaaloss.ee\/lv\/sakumlapa\/"},{"@type":"ListItem","position":2,"name":"Ekskursijas"}]},{"@type":"WebSite","@id":"https:\/\/poltsamaaloss.ee\/lv\/#website","url":"https:\/\/poltsamaaloss.ee\/lv\/","name":"P\u00f5ltsamaa loss","description":"","publisher":{"@id":"https:\/\/poltsamaaloss.ee\/lv\/#organization"},"potentialAction":[{"@type":"SearchAction","target":{"@type":"EntryPoint","urlTemplate":"https:\/\/poltsamaaloss.ee\/lv\/?s={search_term_string}"},"query-input":{"@type":"PropertyValueSpecification","valueRequired":true,"valueName":"search_term_string"}}],"inLanguage":"lv-LV"},{"@type":"Organization","@id":"https:\/\/poltsamaaloss.ee\/lv\/#organization","name":"P\u00f5ltsamaa loss","url":"https:\/\/poltsamaaloss.ee\/lv\/","logo":{"@type":"ImageObject","inLanguage":"lv-LV","@id":"https:\/\/poltsamaaloss.ee\/lv\/#\/schema\/logo\/image\/","url":"https:\/\/poltsamaaloss.ee\/wp-content\/uploads\/2020\/10\/poltsamaa-loss-logo.png","contentUrl":"https:\/\/poltsamaaloss.ee\/wp-content\/uploads\/2020\/10\/poltsamaa-loss-logo.png","width":1035,"height":690,"caption":"P\u00f5ltsamaa loss"},"image":{"@id":"https:\/\/poltsamaaloss.ee\/lv\/#\/schema\/logo\/image\/"}}]}},"_links":{"self":[{"href":"https:\/\/poltsamaaloss.ee\/lv\/wp-json\/wp\/v2\/pages\/6606","targetHints":{"allow":["GET"]}}],"collection":[{"href":"https:\/\/poltsamaaloss.ee\/lv\/wp-json\/wp\/v2\/pages"}],"about":[{"href":"https:\/\/poltsamaaloss.ee\/lv\/wp-json\/wp\/v2\/types\/page"}],"author":[{"embeddable":true,"href":"https:\/\/poltsamaaloss.ee\/lv\/wp-json\/wp\/v2\/users\/2"}],"replies":[{"embeddable":true,"href":"https:\/\/poltsamaaloss.ee\/lv\/wp-json\/wp\/v2\/comments?post=6606"}],"version-history":[{"count":4,"href":"https:\/\/poltsamaaloss.ee\/lv\/wp-json\/wp\/v2\/pages\/6606\/revisions"}],"predecessor-version":[{"id":6731,"href":"https:\/\/poltsamaaloss.ee\/lv\/wp-json\/wp\/v2\/pages\/6606\/revisions\/6731"}],"wp:attachment":[{"href":"https:\/\/poltsamaaloss.ee\/lv\/wp-json\/wp\/v2\/media?parent=6606"}],"curies":[{"name":"wp","href":"https:\/\/api.w.org\/{rel}","templated":true}]}}