{"id":2064,"date":"2022-01-04T12:00:37","date_gmt":"2022-01-04T12:00:37","guid":{"rendered":"https:\/\/poltsamaaloss.ee\/?page_id=2064"},"modified":"2022-01-14T11:14:26","modified_gmt":"2022-01-14T11:14:26","slug":"publications","status":"publish","type":"page","link":"https:\/\/poltsamaaloss.ee\/en\/publications\/","title":{"rendered":"Publications"},"content":{"rendered":"<p>P\u00f5ltsamaa museum has published or contributed in publishing of different publications. See the list here, most of them are on sale in the museum shop.<\/p>\n\n\n<div class=\"wp-block-columns is-layout-flex wp-container-core-columns-is-layout-9d6595d7 wp-block-columns-is-layout-flex\">\n<div class=\"wp-block-column is-layout-flow wp-block-column-is-layout-flow\">\n<div class=\"wp-block-columns is-layout-flex wp-container-core-columns-is-layout-9d6595d7 wp-block-columns-is-layout-flex\">\n<div class=\"wp-block-column is-layout-flow wp-block-column-is-layout-flow\">\n<div class=\"wp-block-image\"><figure class=\"aligncenter size-full\"><img loading=\"lazy\" decoding=\"async\" width=\"190\" height=\"284\" src=\"https:\/\/poltsamaaloss.ee\/wp-content\/uploads\/2021\/11\/poltsamaa-ajaloo-vihik-nr-1.jpg\" alt=\"\" class=\"wp-image-1925\" srcset=\"https:\/\/poltsamaaloss.ee\/wp-content\/uploads\/2021\/11\/poltsamaa-ajaloo-vihik-nr-1.jpg 190w, https:\/\/poltsamaaloss.ee\/wp-content\/uploads\/2021\/11\/poltsamaa-ajaloo-vihik-nr-1-134x200.jpg 134w\" sizes=\"auto, (max-width: 190px) 100vw, 190px\" \/><\/figure><\/div>\n\n\n\n<p style=\"text-align: center;\">P\u00f5ltsamaa Ajaloo Vihik Nr 1<\/p>\n<p style=\"text-align: center;\"><strong>Oberpahleni ajaloost ja t\u00f6\u00f6stuslikust \u00f5itseajast<\/strong><\/p>\n<p><em>History of Oberpahlen and its industrial glory<\/em><\/p>\n<p style=\"text-align: center;\">Available in Estonian<\/p>\n<p style=\"text-align: center;\">1999 ISSN 1406-5207 | 28 lk | Price: 1,60 \u20ac<\/p>\n<\/div>\n\n\n\n<div class=\"wp-block-column is-layout-flow wp-block-column-is-layout-flow\">\n<div class=\"wp-block-image\"><figure class=\"aligncenter size-full\"><img loading=\"lazy\" decoding=\"async\" width=\"190\" height=\"284\" src=\"https:\/\/poltsamaaloss.ee\/wp-content\/uploads\/2021\/11\/poltsamaa-ajaloo-vihik-nr-2.jpg\" alt=\"\" class=\"wp-image-1926\" srcset=\"https:\/\/poltsamaaloss.ee\/wp-content\/uploads\/2021\/11\/poltsamaa-ajaloo-vihik-nr-2.jpg 190w, https:\/\/poltsamaaloss.ee\/wp-content\/uploads\/2021\/11\/poltsamaa-ajaloo-vihik-nr-2-134x200.jpg 134w\" sizes=\"auto, (max-width: 190px) 100vw, 190px\" \/><\/figure><\/div>\n\n\n\n<p style=\"text-align: center;\">P\u00f5ltsamaa Ajaloo Vihik Nr 2<\/p>\n<p style=\"text-align: center;\"><strong>Nikolai von Sivers ja Soosaare<\/strong><\/p>\n<p style=\"text-align: center;\"><em>Soosaare manor owner and his doings in the beginning of the 20th century<\/em><\/p>\n<p style=\"text-align: center;\">Available in Estonian<\/p>\n<p style=\"text-align: center;\">2001 ISSN 1406-5207 | 32 lk | Price: 1,60 \u20ac<\/p>\n<\/div>\n<\/div>\n<\/div>\n\n\n\n<div class=\"wp-block-column is-layout-flow wp-block-column-is-layout-flow\">\n<div class=\"wp-block-columns is-layout-flex wp-container-core-columns-is-layout-9d6595d7 wp-block-columns-is-layout-flex\">\n<div class=\"wp-block-column is-layout-flow wp-block-column-is-layout-flow\">\n<div class=\"wp-block-image\"><figure class=\"aligncenter size-full\"><img loading=\"lazy\" decoding=\"async\" width=\"184\" height=\"276\" src=\"https:\/\/poltsamaaloss.ee\/wp-content\/uploads\/2021\/11\/poltsamaa-ajaloo-vihik-nr-3.jpg\" alt=\"\" class=\"wp-image-1927\" srcset=\"https:\/\/poltsamaaloss.ee\/wp-content\/uploads\/2021\/11\/poltsamaa-ajaloo-vihik-nr-3.jpg 184w, https:\/\/poltsamaaloss.ee\/wp-content\/uploads\/2021\/11\/poltsamaa-ajaloo-vihik-nr-3-133x200.jpg 133w\" sizes=\"auto, (max-width: 184px) 100vw, 184px\" \/><\/figure><\/div>\n\n\n\n<p style=\"text-align: center;\">Heino Joost<\/p>\n<p style=\"text-align: center;\"><strong>Gustav Beermanni radadel<\/strong><\/p>\n<p style=\"text-align: center;\">Available in Estonian<\/p>\n<p style=\"text-align: center;\">Out of stock<\/p>\n<p style=\"text-align: center;\">2001 ISBN 9985-78-229-1 | 118 lk<\/p>\n<\/div>\n\n\n\n<div class=\"wp-block-column is-layout-flow wp-block-column-is-layout-flow\">\n<div class=\"wp-block-image\"><figure class=\"aligncenter size-full\"><img loading=\"lazy\" decoding=\"async\" width=\"190\" height=\"285\" src=\"https:\/\/poltsamaaloss.ee\/wp-content\/uploads\/2021\/11\/poltsamaa-ajaloo-vihik-nr-4.jpg\" alt=\"\" class=\"wp-image-1928\" srcset=\"https:\/\/poltsamaaloss.ee\/wp-content\/uploads\/2021\/11\/poltsamaa-ajaloo-vihik-nr-4.jpg 190w, https:\/\/poltsamaaloss.ee\/wp-content\/uploads\/2021\/11\/poltsamaa-ajaloo-vihik-nr-4-133x200.jpg 133w\" sizes=\"auto, (max-width: 190px) 100vw, 190px\" \/><\/figure><\/div>\n\n\n\n<p style=\"text-align: center;\">P\u00f5ltsamaa Ajaloo Vihik Nr 4<\/p>\n<p style=\"text-align: center;\"><strong>P\u00f5ltsamaa linn ajakirjanduse peeglis 1926\u20131939<\/strong><\/p>\n<p style=\"text-align: center;\"><em>Events in P\u00f5ltsamaa during 1920-30s<\/em><\/p>\n<p style=\"text-align: center;\">Helen Piisang<\/p>\n<p style=\"text-align: center;\">Available in Estonian<\/p>\n<p style=\"text-align: center;\">2006 ISSN 1406-5207 | 66 lk | Price: 1,60 \u20ac<\/p>\n<\/div>\n<\/div>\n<\/div>\n<\/div>\n\n\n\n<div class=\"wp-block-columns is-layout-flex wp-container-core-columns-is-layout-9d6595d7 wp-block-columns-is-layout-flex\">\n<div class=\"wp-block-column is-layout-flow wp-block-column-is-layout-flow\">\n<div class=\"wp-block-columns is-layout-flex wp-container-core-columns-is-layout-9d6595d7 wp-block-columns-is-layout-flex\">\n<div class=\"wp-block-column is-layout-flow wp-block-column-is-layout-flow\">\n<div class=\"wp-block-image\"><figure class=\"aligncenter size-full\"><img loading=\"lazy\" decoding=\"async\" width=\"190\" height=\"285\" src=\"https:\/\/poltsamaaloss.ee\/wp-content\/uploads\/2021\/11\/poltsamaa-ajaloo-vihik-nr-5.jpg\" alt=\"\" class=\"wp-image-1931\" srcset=\"https:\/\/poltsamaaloss.ee\/wp-content\/uploads\/2021\/11\/poltsamaa-ajaloo-vihik-nr-5.jpg 190w, https:\/\/poltsamaaloss.ee\/wp-content\/uploads\/2021\/11\/poltsamaa-ajaloo-vihik-nr-5-133x200.jpg 133w\" sizes=\"auto, (max-width: 190px) 100vw, 190px\" \/><\/figure><\/div>\n\n\n\n<p style=\"text-align: center;\">P\u00f5ltsamaa Ajaloo Vihik Nr 5<\/p>\n<p style=\"text-align: center;\"><strong>Emilie Beermann, Eesti lipp ja P\u00f5ltsamaa<\/strong><\/p>\n<p style=\"text-align: center;\">Einar Hiob, Rutt T\u00e4nav<\/p>\n<p style=\"text-align: center;\"><em>Emilie Beermann &#8211; the lady, who sew the first tricolor of Estonia<\/em><\/p>\n<p style=\"text-align: center;\">Available in Estonian<\/p>\n<p style=\"text-align: center;\">2012 ISSN 1406-5207 | 68 lk | Price: 1 \u20ac<\/p>\n<\/div>\n\n\n\n<div class=\"wp-block-column is-layout-flow wp-block-column-is-layout-flow\">\n<div class=\"wp-block-image\"><figure class=\"aligncenter size-full\"><img loading=\"lazy\" decoding=\"async\" width=\"192\" height=\"287\" src=\"https:\/\/poltsamaaloss.ee\/wp-content\/uploads\/2021\/11\/poltsamaa-ajaloo-vihik-nr-6.jpg\" alt=\"\" class=\"wp-image-1932\" srcset=\"https:\/\/poltsamaaloss.ee\/wp-content\/uploads\/2021\/11\/poltsamaa-ajaloo-vihik-nr-6.jpg 192w, https:\/\/poltsamaaloss.ee\/wp-content\/uploads\/2021\/11\/poltsamaa-ajaloo-vihik-nr-6-134x200.jpg 134w\" sizes=\"auto, (max-width: 192px) 100vw, 192px\" \/><\/figure><\/div>\n\n\n\n<p style=\"text-align: center;\">P\u00f5ltsamaa Ajaloo Vihik Nr 6<\/p>\n<p style=\"text-align: center;\"><strong>Muutuste tuules<\/strong><\/p>\n<p style=\"text-align: center;\">Kadri Tael<\/p>\n<p style=\"text-align: center;\"><em>Land reform in Vana-P\u00f5ltsamaa rural municipality<\/em><\/p>\n<p style=\"text-align: center;\">Available in Estonian<\/p>\n<p style=\"text-align: center;\">2014 ISSN 1406-5207 | 88 LK | Price: 1,60 \u20ac<\/p>\n<\/div>\n<\/div>\n<\/div>\n\n\n\n<div class=\"wp-block-column is-layout-flow wp-block-column-is-layout-flow\">\n<div class=\"wp-block-columns is-layout-flex wp-container-core-columns-is-layout-9d6595d7 wp-block-columns-is-layout-flex\">\n<div class=\"wp-block-column is-layout-flow wp-block-column-is-layout-flow\">\n<div class=\"wp-block-image\"><figure class=\"aligncenter size-full\"><img loading=\"lazy\" decoding=\"async\" width=\"189\" height=\"283\" src=\"https:\/\/poltsamaaloss.ee\/wp-content\/uploads\/2021\/11\/poltsamaa-muuseumi-toimetised-1.jpg\" alt=\"\" class=\"wp-image-1929\" srcset=\"https:\/\/poltsamaaloss.ee\/wp-content\/uploads\/2021\/11\/poltsamaa-muuseumi-toimetised-1.jpg 189w, https:\/\/poltsamaaloss.ee\/wp-content\/uploads\/2021\/11\/poltsamaa-muuseumi-toimetised-1-134x200.jpg 134w\" sizes=\"auto, (max-width: 189px) 100vw, 189px\" \/><\/figure><\/div>\n\n\n\n<p style=\"text-align: center;\">P\u00f5ltsamaa Muuseumi Toimetised<\/p>\n<p style=\"text-align: center;\"><strong>P\u00f5ltsamaa lossi sees ja \u00fcmber<\/strong><\/p>\n<p style=\"text-align: center;\">Editor Rutt T\u00e4nav<\/p>\n<p style=\"text-align: center;\"><em>The most detailed book about P\u00f5ltsamaa castle<\/em><\/p>\n<p style=\"text-align: center;\">Available in Estonian<\/p>\n<p style=\"text-align: center;\">2007 ISBN 978-9949-15-322-0 | 254 lk | Hind 15 \u20ac<\/p>\n<\/div>\n\n\n\n<div class=\"wp-block-column is-layout-flow wp-block-column-is-layout-flow\">\n<div class=\"wp-block-image\"><figure class=\"aligncenter size-full\"><img loading=\"lazy\" decoding=\"async\" width=\"190\" height=\"285\" src=\"https:\/\/poltsamaaloss.ee\/wp-content\/uploads\/2021\/11\/poltsamaa-muuseumi-toimetised-2.jpg\" alt=\"\" class=\"wp-image-1930\" srcset=\"https:\/\/poltsamaaloss.ee\/wp-content\/uploads\/2021\/11\/poltsamaa-muuseumi-toimetised-2.jpg 190w, https:\/\/poltsamaaloss.ee\/wp-content\/uploads\/2021\/11\/poltsamaa-muuseumi-toimetised-2-133x200.jpg 133w\" sizes=\"auto, (max-width: 190px) 100vw, 190px\" \/><\/figure><\/div>\n\n\n\n<p style=\"text-align: center;\">P\u00f5ltsamaa Muuseumi Toimetised II<\/p>\n<p style=\"text-align: center;\"><strong>P\u00f5ltsamaa ilust ja inimestest<\/strong><\/p>\n<p style=\"text-align: center;\">Editor Rutt T\u00e4nav<\/p>\n<p style=\"text-align: center;\"><em>About P\u00f5ltsamaa people and lovely places<\/em><\/p>\n<p style=\"text-align: center;\">Available in Estonian<\/p>\n<p style=\"text-align: center;\">Out of stock<\/p>\n<p style=\"text-align: center;\">2017 ISBN 978-9949-81-899-0 | 266 lk<\/p>\n<\/div>\n<\/div>\n<\/div>\n<\/div>\n\n\n\n<div class=\"wp-block-columns is-layout-flex wp-container-core-columns-is-layout-9d6595d7 wp-block-columns-is-layout-flex\">\n<div class=\"wp-block-column is-layout-flow wp-block-column-is-layout-flow\">\n<div class=\"wp-block-columns is-layout-flex wp-container-core-columns-is-layout-9d6595d7 wp-block-columns-is-layout-flex\">\n<div class=\"wp-block-column is-layout-flow wp-block-column-is-layout-flow\">\n<div class=\"wp-block-image\"><figure class=\"aligncenter size-full\"><img loading=\"lazy\" decoding=\"async\" width=\"200\" height=\"201\" src=\"https:\/\/poltsamaaloss.ee\/wp-content\/uploads\/2021\/11\/poltsamaa_ajalooline_parand.jpg\" alt=\"\" class=\"wp-image-1934\" srcset=\"https:\/\/poltsamaaloss.ee\/wp-content\/uploads\/2021\/11\/poltsamaa_ajalooline_parand.jpg 200w, https:\/\/poltsamaaloss.ee\/wp-content\/uploads\/2021\/11\/poltsamaa_ajalooline_parand-150x150.jpg 150w\" sizes=\"auto, (max-width: 200px) 100vw, 200px\" \/><\/figure><\/div>\n\n\n\n<p style=\"text-align: center;\">Ursula Haava, Rutt T\u00e4nav<\/p>\n<p style=\"text-align: center;\"><strong>P\u00f5ltsamaa ajalooline p\u00e4rand<\/strong><\/p>\n<p style=\"text-align: center;\"><em>Brief overview anout P\u00f5ltsamaa historical heritage<\/em><\/p>\n<p style=\"text-align: center;\">Available in Estonian, English, German, Finnish and Russian<\/p>\n<p style=\"text-align: center;\">2002 | 16 LK | Hind 1,10 \u20ac<\/p>\n<\/div>\n\n\n\n<div class=\"wp-block-column is-layout-flow wp-block-column-is-layout-flow\">\n<div class=\"wp-block-image\"><figure class=\"aligncenter size-full\"><img loading=\"lazy\" decoding=\"async\" width=\"200\" height=\"209\" src=\"https:\/\/poltsamaaloss.ee\/wp-content\/uploads\/2021\/11\/poltsamaa-vanadel-fotodel-raamat.jpg\" alt=\"\" class=\"wp-image-1933\" srcset=\"https:\/\/poltsamaaloss.ee\/wp-content\/uploads\/2021\/11\/poltsamaa-vanadel-fotodel-raamat.jpg 200w, https:\/\/poltsamaaloss.ee\/wp-content\/uploads\/2021\/11\/poltsamaa-vanadel-fotodel-raamat-191x200.jpg 191w\" sizes=\"auto, (max-width: 200px) 100vw, 200px\" \/><\/figure><\/div>\n\n\n\n<p style=\"text-align: center;\">Rutt T\u00e4nav, Viktor Kuik, Ants Kulo<\/p>\n<p style=\"text-align: center;\"><strong>P\u00f5ltsamaa vanadel fotodel<\/strong><\/p>\n<p style=\"text-align: center;\"><em>P\u00f5ltsamaa in old photos<\/em><\/p>\n<p style=\"text-align: center;\">Avilable in Estonian\/English<\/p>\n<p style=\"text-align: center;\">Out of stock<\/p>\n<p style=\"text-align: center;\">2008 | 288 LK<\/p>\n<\/div>\n<\/div>\n<\/div>\n\n\n\n<div class=\"wp-block-column is-layout-flow wp-block-column-is-layout-flow\"><\/div>\n<\/div>\n","protected":false},"excerpt":{"rendered":"<p>P\u00f5ltsamaa museum has published or contributed in publishing of different publications. See the list here, most of them are on sale in the museum shop. P\u00f5ltsamaa Ajaloo Vihik Nr 1 Oberpahleni ajaloost ja t\u00f6\u00f6stuslikust \u00f5itseajast History of Oberpahlen and its industrial glory Available in Estonian 1999 ISSN 1406-5207 | 28 &hellip;<\/p>\n","protected":false},"author":2,"featured_media":0,"parent":0,"menu_order":0,"comment_status":"closed","ping_status":"closed","template":"","meta":{"footnotes":""},"class_list":["post-2064","page","type-page","status-publish","hentry"],"yoast_head":"<!-- This site is optimized with the Yoast SEO plugin v27.3 - https:\/\/yoast.com\/product\/yoast-seo-wordpress\/ -->\n<title>Publications - P&otilde;ltsamaa loss<\/title>\n<meta name=\"robots\" content=\"index, follow, max-snippet:-1, max-image-preview:large, max-video-preview:-1\" \/>\n<link rel=\"canonical\" href=\"https:\/\/poltsamaaloss.ee\/en\/publications\/\" \/>\n<meta property=\"og:locale\" content=\"en_US\" \/>\n<meta property=\"og:type\" content=\"article\" \/>\n<meta property=\"og:title\" content=\"Publications - P&otilde;ltsamaa loss\" \/>\n<meta property=\"og:description\" content=\"P\u00f5ltsamaa museum has published or contributed in publishing of different publications. See the list here, most of them are on sale in the museum shop. P\u00f5ltsamaa Ajaloo Vihik Nr 1 Oberpahleni ajaloost ja t\u00f6\u00f6stuslikust \u00f5itseajast History of Oberpahlen and its industrial glory Available in Estonian 1999 ISSN 1406-5207 | 28 &hellip;\" \/>\n<meta property=\"og:url\" content=\"https:\/\/poltsamaaloss.ee\/en\/publications\/\" \/>\n<meta property=\"og:site_name\" content=\"P&otilde;ltsamaa loss\" \/>\n<meta property=\"article:modified_time\" content=\"2022-01-14T11:14:26+00:00\" \/>\n<meta property=\"og:image\" content=\"https:\/\/poltsamaaloss.ee\/wp-content\/uploads\/2021\/11\/poltsamaa-ajaloo-vihik-nr-1.jpg\" \/>\n<meta name=\"twitter:card\" content=\"summary_large_image\" \/>\n<meta name=\"twitter:label1\" content=\"Est. reading time\" \/>\n\t<meta name=\"twitter:data1\" content=\"4 minutes\" \/>\n<script type=\"application\/ld+json\" class=\"yoast-schema-graph\">{\"@context\":\"https:\\\/\\\/schema.org\",\"@graph\":[{\"@type\":\"WebPage\",\"@id\":\"https:\\\/\\\/poltsamaaloss.ee\\\/en\\\/publications\\\/\",\"url\":\"https:\\\/\\\/poltsamaaloss.ee\\\/en\\\/publications\\\/\",\"name\":\"Publications - P&otilde;ltsamaa loss\",\"isPartOf\":{\"@id\":\"https:\\\/\\\/poltsamaaloss.ee\\\/en\\\/#website\"},\"primaryImageOfPage\":{\"@id\":\"https:\\\/\\\/poltsamaaloss.ee\\\/en\\\/publications\\\/#primaryimage\"},\"image\":{\"@id\":\"https:\\\/\\\/poltsamaaloss.ee\\\/en\\\/publications\\\/#primaryimage\"},\"thumbnailUrl\":\"https:\\\/\\\/poltsamaaloss.ee\\\/wp-content\\\/uploads\\\/2021\\\/11\\\/poltsamaa-ajaloo-vihik-nr-1.jpg\",\"datePublished\":\"2022-01-04T12:00:37+00:00\",\"dateModified\":\"2022-01-14T11:14:26+00:00\",\"breadcrumb\":{\"@id\":\"https:\\\/\\\/poltsamaaloss.ee\\\/en\\\/publications\\\/#breadcrumb\"},\"inLanguage\":\"en-US\",\"potentialAction\":[{\"@type\":\"ReadAction\",\"target\":[\"https:\\\/\\\/poltsamaaloss.ee\\\/en\\\/publications\\\/\"]}]},{\"@type\":\"ImageObject\",\"inLanguage\":\"en-US\",\"@id\":\"https:\\\/\\\/poltsamaaloss.ee\\\/en\\\/publications\\\/#primaryimage\",\"url\":\"https:\\\/\\\/poltsamaaloss.ee\\\/wp-content\\\/uploads\\\/2021\\\/11\\\/poltsamaa-ajaloo-vihik-nr-1.jpg\",\"contentUrl\":\"https:\\\/\\\/poltsamaaloss.ee\\\/wp-content\\\/uploads\\\/2021\\\/11\\\/poltsamaa-ajaloo-vihik-nr-1.jpg\"},{\"@type\":\"BreadcrumbList\",\"@id\":\"https:\\\/\\\/poltsamaaloss.ee\\\/en\\\/publications\\\/#breadcrumb\",\"itemListElement\":[{\"@type\":\"ListItem\",\"position\":1,\"name\":\"Home\",\"item\":\"https:\\\/\\\/poltsamaaloss.ee\\\/en\\\/home\\\/\"},{\"@type\":\"ListItem\",\"position\":2,\"name\":\"Publications\"}]},{\"@type\":\"WebSite\",\"@id\":\"https:\\\/\\\/poltsamaaloss.ee\\\/en\\\/#website\",\"url\":\"https:\\\/\\\/poltsamaaloss.ee\\\/en\\\/\",\"name\":\"P\u00f5ltsamaa loss\",\"description\":\"\",\"publisher\":{\"@id\":\"https:\\\/\\\/poltsamaaloss.ee\\\/en\\\/#organization\"},\"potentialAction\":[{\"@type\":\"SearchAction\",\"target\":{\"@type\":\"EntryPoint\",\"urlTemplate\":\"https:\\\/\\\/poltsamaaloss.ee\\\/en\\\/?s={search_term_string}\"},\"query-input\":{\"@type\":\"PropertyValueSpecification\",\"valueRequired\":true,\"valueName\":\"search_term_string\"}}],\"inLanguage\":\"en-US\"},{\"@type\":\"Organization\",\"@id\":\"https:\\\/\\\/poltsamaaloss.ee\\\/en\\\/#organization\",\"name\":\"P\u00f5ltsamaa castle\",\"url\":\"https:\\\/\\\/poltsamaaloss.ee\\\/en\\\/\",\"logo\":{\"@type\":\"ImageObject\",\"inLanguage\":\"en-US\",\"@id\":\"https:\\\/\\\/poltsamaaloss.ee\\\/en\\\/#\\\/schema\\\/logo\\\/image\\\/\",\"url\":\"https:\\\/\\\/poltsamaaloss.ee\\\/wp-content\\\/uploads\\\/2020\\\/10\\\/poltsamaa-loss-logo.png\",\"contentUrl\":\"https:\\\/\\\/poltsamaaloss.ee\\\/wp-content\\\/uploads\\\/2020\\\/10\\\/poltsamaa-loss-logo.png\",\"width\":1035,\"height\":690,\"caption\":\"P\u00f5ltsamaa castle\"},\"image\":{\"@id\":\"https:\\\/\\\/poltsamaaloss.ee\\\/en\\\/#\\\/schema\\\/logo\\\/image\\\/\"}}]}<\/script>\n<!-- \/ Yoast SEO plugin. -->","yoast_head_json":{"title":"Publications - P&otilde;ltsamaa loss","robots":{"index":"index","follow":"follow","max-snippet":"max-snippet:-1","max-image-preview":"max-image-preview:large","max-video-preview":"max-video-preview:-1"},"canonical":"https:\/\/poltsamaaloss.ee\/en\/publications\/","og_locale":"en_US","og_type":"article","og_title":"Publications - P&otilde;ltsamaa loss","og_description":"P\u00f5ltsamaa museum has published or contributed in publishing of different publications. See the list here, most of them are on sale in the museum shop. P\u00f5ltsamaa Ajaloo Vihik Nr 1 Oberpahleni ajaloost ja t\u00f6\u00f6stuslikust \u00f5itseajast History of Oberpahlen and its industrial glory Available in Estonian 1999 ISSN 1406-5207 | 28 &hellip;","og_url":"https:\/\/poltsamaaloss.ee\/en\/publications\/","og_site_name":"P&otilde;ltsamaa loss","article_modified_time":"2022-01-14T11:14:26+00:00","og_image":[{"url":"https:\/\/poltsamaaloss.ee\/wp-content\/uploads\/2021\/11\/poltsamaa-ajaloo-vihik-nr-1.jpg","type":"","width":"","height":""}],"twitter_card":"summary_large_image","twitter_misc":{"Est. reading time":"4 minutes"},"schema":{"@context":"https:\/\/schema.org","@graph":[{"@type":"WebPage","@id":"https:\/\/poltsamaaloss.ee\/en\/publications\/","url":"https:\/\/poltsamaaloss.ee\/en\/publications\/","name":"Publications - P&otilde;ltsamaa loss","isPartOf":{"@id":"https:\/\/poltsamaaloss.ee\/en\/#website"},"primaryImageOfPage":{"@id":"https:\/\/poltsamaaloss.ee\/en\/publications\/#primaryimage"},"image":{"@id":"https:\/\/poltsamaaloss.ee\/en\/publications\/#primaryimage"},"thumbnailUrl":"https:\/\/poltsamaaloss.ee\/wp-content\/uploads\/2021\/11\/poltsamaa-ajaloo-vihik-nr-1.jpg","datePublished":"2022-01-04T12:00:37+00:00","dateModified":"2022-01-14T11:14:26+00:00","breadcrumb":{"@id":"https:\/\/poltsamaaloss.ee\/en\/publications\/#breadcrumb"},"inLanguage":"en-US","potentialAction":[{"@type":"ReadAction","target":["https:\/\/poltsamaaloss.ee\/en\/publications\/"]}]},{"@type":"ImageObject","inLanguage":"en-US","@id":"https:\/\/poltsamaaloss.ee\/en\/publications\/#primaryimage","url":"https:\/\/poltsamaaloss.ee\/wp-content\/uploads\/2021\/11\/poltsamaa-ajaloo-vihik-nr-1.jpg","contentUrl":"https:\/\/poltsamaaloss.ee\/wp-content\/uploads\/2021\/11\/poltsamaa-ajaloo-vihik-nr-1.jpg"},{"@type":"BreadcrumbList","@id":"https:\/\/poltsamaaloss.ee\/en\/publications\/#breadcrumb","itemListElement":[{"@type":"ListItem","position":1,"name":"Home","item":"https:\/\/poltsamaaloss.ee\/en\/home\/"},{"@type":"ListItem","position":2,"name":"Publications"}]},{"@type":"WebSite","@id":"https:\/\/poltsamaaloss.ee\/en\/#website","url":"https:\/\/poltsamaaloss.ee\/en\/","name":"P\u00f5ltsamaa loss","description":"","publisher":{"@id":"https:\/\/poltsamaaloss.ee\/en\/#organization"},"potentialAction":[{"@type":"SearchAction","target":{"@type":"EntryPoint","urlTemplate":"https:\/\/poltsamaaloss.ee\/en\/?s={search_term_string}"},"query-input":{"@type":"PropertyValueSpecification","valueRequired":true,"valueName":"search_term_string"}}],"inLanguage":"en-US"},{"@type":"Organization","@id":"https:\/\/poltsamaaloss.ee\/en\/#organization","name":"P\u00f5ltsamaa castle","url":"https:\/\/poltsamaaloss.ee\/en\/","logo":{"@type":"ImageObject","inLanguage":"en-US","@id":"https:\/\/poltsamaaloss.ee\/en\/#\/schema\/logo\/image\/","url":"https:\/\/poltsamaaloss.ee\/wp-content\/uploads\/2020\/10\/poltsamaa-loss-logo.png","contentUrl":"https:\/\/poltsamaaloss.ee\/wp-content\/uploads\/2020\/10\/poltsamaa-loss-logo.png","width":1035,"height":690,"caption":"P\u00f5ltsamaa castle"},"image":{"@id":"https:\/\/poltsamaaloss.ee\/en\/#\/schema\/logo\/image\/"}}]}},"_links":{"self":[{"href":"https:\/\/poltsamaaloss.ee\/en\/wp-json\/wp\/v2\/pages\/2064","targetHints":{"allow":["GET"]}}],"collection":[{"href":"https:\/\/poltsamaaloss.ee\/en\/wp-json\/wp\/v2\/pages"}],"about":[{"href":"https:\/\/poltsamaaloss.ee\/en\/wp-json\/wp\/v2\/types\/page"}],"author":[{"embeddable":true,"href":"https:\/\/poltsamaaloss.ee\/en\/wp-json\/wp\/v2\/users\/2"}],"replies":[{"embeddable":true,"href":"https:\/\/poltsamaaloss.ee\/en\/wp-json\/wp\/v2\/comments?post=2064"}],"version-history":[{"count":2,"href":"https:\/\/poltsamaaloss.ee\/en\/wp-json\/wp\/v2\/pages\/2064\/revisions"}],"predecessor-version":[{"id":2114,"href":"https:\/\/poltsamaaloss.ee\/en\/wp-json\/wp\/v2\/pages\/2064\/revisions\/2114"}],"wp:attachment":[{"href":"https:\/\/poltsamaaloss.ee\/en\/wp-json\/wp\/v2\/media?parent=2064"}],"curies":[{"name":"wp","href":"https:\/\/api.w.org\/{rel}","templated":true}]}}