{"id":2051,"date":"2022-01-04T11:55:45","date_gmt":"2022-01-04T11:55:45","guid":{"rendered":"https:\/\/poltsamaaloss.ee\/?page_id=2051"},"modified":"2026-05-06T00:54:31","modified_gmt":"2026-05-05T21:54:31","slug":"poltsamaa-museum","status":"publish","type":"page","link":"https:\/\/poltsamaaloss.ee\/en\/poltsamaa-museum\/","title":{"rendered":"P\u00f5ltsamaa museum"},"content":{"rendered":"<p>P\u00f5ltsamaa museum is located within the walls of the ancient P\u00f5ltsamaa castle. It gives an overview of the glorious past of the stronghold, town and the parish. You can book guided tours and educational programmes. Museum operates together with P\u00f5ltsamaa tourist information, where you can buy local souveniers and take free tourism brochures.<\/p>\n\n\n<div class=\"wp-block-columns is-layout-flex wp-container-core-columns-is-layout-9d6595d7 wp-block-columns-is-layout-flex\">\n<div class=\"wp-block-column is-layout-flow wp-block-column-is-layout-flow\">\n<h5><strong>PRICE LIST &amp; OPENING HOURS 2026<\/strong><\/h5>\n<p class=\"has-text-align-center\" style=\"text-align: left;\"><strong>From 02.06.2023<\/strong> castle tower and new museum buildings are open!<br \/>Oct-April: Tue-Sun at 10-18; May-Sept: Mon-Sun at 10-18.<\/p>\n\n\n\n<figure class=\"wp-block-table\"><table><tbody><tr><td><strong>Joint ticket<\/strong>&nbsp;(access to everywhere: gate house and museum house + castle tower and convent building):<\/td><td>Standard ticket 15\u20ac<br>Discount ticket 11\u20ac<br>Family ticket 29\u20ac<\/td><\/tr><tr><td><strong>Museum ticket<\/strong>&nbsp;(gate house and museum house)<\/td><td>Standard ticket 11\u20ac<br>Discount ticket 8\u20ac<br>Family ticket 25\u20ac<\/td><\/tr><tr><td><strong>Castle tower and convent building<\/strong><\/td><td>Standard ticket 7\u20ac<br>Discount ticket 5\u20ac<br>Family ticket 16\u20ac<\/td><\/tr><tr><td><strong>Guided tours<\/strong><br>In the castle and also in the town center and P\u00f5ltsamaa district.<\/td><td>In Estonian 40 eur\/h <br>In foreign language 50 eur\/h<\/td><\/tr><\/tbody><\/table><\/figure>\n\n\n\n<p>Discount ticket is for students, teacher and seniors.<\/p>\n<p>For groups with 15 members or more, we offer -10% discount from all ticket types. Entrance for the group leader and bus driver is free of charge.<\/p>\n<\/div>\n\n\n\n<div class=\"wp-block-column is-layout-flow wp-block-column-is-layout-flow\">\n<p><strong>Free entrance:<\/strong><\/p>\n<ul>\n<li>Preschoolers;<\/li>\n<li>Orphanage children;<\/li>\n<li>Disabled people and their companion (severe and profound disability &#8211; free entrance; moderate disability &#8211; discount ticket);<\/li>\n<li>Repressed people;<\/li>\n<li>Military conscripts on the Republic of Estonia wearing a uniform;<\/li>\n<li>Employees of Estonian museums;<\/li>\n<li>Members of ICOM;<\/li>\n<li>Members of Estonian Museums Association;<\/li>\n<li>Teachers with a group during a study visit;<\/li>\n<li>Journalists withna press card.<\/li>\n<\/ul>\n<hr \/>\n<h3><strong>CONTACT<\/strong><\/h3>\n<p>P\u00f5ltsamaa museum<\/p>\n<p>Lossi 1b, 48103 P\u00f5ltsamaa linn, P\u00f5ltsamaa vald<br \/>+372 775 1390, 529 3307<br \/>muuseum@poltsamaa.ee<\/p>\n<p><a href=\"https:\/\/poltsamaaloss.ee\/en\/contact\/\">See the location and detailed contacts here!<\/a><\/p>\n<\/div>\n<\/div>\n\n\n\n<div class=\"wp-block-columns is-layout-flex wp-container-core-columns-is-layout-9d6595d7 wp-block-columns-is-layout-flex\">\n<div class=\"wp-block-column is-layout-flow wp-block-column-is-layout-flow\">\n<figure class=\"wp-block-image size-full\"><img loading=\"lazy\" decoding=\"async\" width=\"1024\" height=\"684\" src=\"https:\/\/poltsamaaloss.ee\/wp-content\/uploads\/2021\/09\/poltsamaa-suudlus-poltsamaa-muuseum.jpg\" alt=\"\" class=\"wp-image-1892\" srcset=\"https:\/\/poltsamaaloss.ee\/wp-content\/uploads\/2021\/09\/poltsamaa-suudlus-poltsamaa-muuseum.jpg 1024w, https:\/\/poltsamaaloss.ee\/wp-content\/uploads\/2021\/09\/poltsamaa-suudlus-poltsamaa-muuseum-300x200.jpg 300w, https:\/\/poltsamaaloss.ee\/wp-content\/uploads\/2021\/09\/poltsamaa-suudlus-poltsamaa-muuseum-768x513.jpg 768w, https:\/\/poltsamaaloss.ee\/wp-content\/uploads\/2021\/09\/poltsamaa-suudlus-poltsamaa-muuseum-299x200.jpg 299w\" sizes=\"auto, (max-width: 1024px) 100vw, 1024px\" \/><\/figure>\n<\/div>\n\n\n\n<div class=\"wp-block-column is-layout-flow wp-block-column-is-layout-flow\">\n<figure class=\"wp-block-image size-full\"><img loading=\"lazy\" decoding=\"async\" width=\"942\" height=\"628\" src=\"https:\/\/poltsamaaloss.ee\/wp-content\/uploads\/2021\/09\/kuldmunt-poltsamaa-muuseum.jpg\" alt=\"\" class=\"wp-image-1893\" srcset=\"https:\/\/poltsamaaloss.ee\/wp-content\/uploads\/2021\/09\/kuldmunt-poltsamaa-muuseum.jpg 942w, https:\/\/poltsamaaloss.ee\/wp-content\/uploads\/2021\/09\/kuldmunt-poltsamaa-muuseum-300x200.jpg 300w, https:\/\/poltsamaaloss.ee\/wp-content\/uploads\/2021\/09\/kuldmunt-poltsamaa-muuseum-768x512.jpg 768w\" sizes=\"auto, (max-width: 942px) 100vw, 942px\" \/><\/figure>\n<\/div>\n\n\n\n<div class=\"wp-block-column is-layout-flow wp-block-column-is-layout-flow\">\n<figure class=\"wp-block-image size-full\"><img loading=\"lazy\" decoding=\"async\" width=\"768\" height=\"512\" src=\"https:\/\/poltsamaaloss.ee\/wp-content\/uploads\/2023\/05\/magnus-maria-web-23.jpg\" alt=\"\" class=\"wp-image-3837\" srcset=\"https:\/\/poltsamaaloss.ee\/wp-content\/uploads\/2023\/05\/magnus-maria-web-23.jpg 768w, https:\/\/poltsamaaloss.ee\/wp-content\/uploads\/2023\/05\/magnus-maria-web-23-300x200.jpg 300w\" sizes=\"auto, (max-width: 768px) 100vw, 768px\" \/><\/figure>\n<\/div>\n<\/div>\n","protected":false},"excerpt":{"rendered":"<p>P\u00f5ltsamaa museum is located within the walls of the ancient P\u00f5ltsamaa castle. It gives an overview of the glorious past of the stronghold, town and the parish. You can book guided tours and educational programmes. Museum operates together with P\u00f5ltsamaa tourist information, where you can buy local souveniers and take &hellip;<\/p>\n","protected":false},"author":2,"featured_media":0,"parent":0,"menu_order":0,"comment_status":"closed","ping_status":"closed","template":"","meta":{"footnotes":""},"class_list":["post-2051","page","type-page","status-publish","hentry"],"yoast_head":"<!-- This site is optimized with the Yoast SEO plugin v27.5 - https:\/\/yoast.com\/product\/yoast-seo-wordpress\/ -->\n<title>P\u00f5ltsamaa museum - P&otilde;ltsamaa loss<\/title>\n<meta name=\"robots\" content=\"index, follow, max-snippet:-1, max-image-preview:large, max-video-preview:-1\" \/>\n<link rel=\"canonical\" href=\"https:\/\/poltsamaaloss.ee\/en\/poltsamaa-museum\/\" \/>\n<meta property=\"og:locale\" content=\"en_US\" \/>\n<meta property=\"og:type\" content=\"article\" \/>\n<meta property=\"og:title\" content=\"P\u00f5ltsamaa museum - P&otilde;ltsamaa loss\" \/>\n<meta property=\"og:description\" content=\"P\u00f5ltsamaa museum is located within the walls of the ancient P\u00f5ltsamaa castle. It gives an overview of the glorious past of the stronghold, town and the parish. You can book guided tours and educational programmes. Museum operates together with P\u00f5ltsamaa tourist information, where you can buy local souveniers and take &hellip;\" \/>\n<meta property=\"og:url\" content=\"https:\/\/poltsamaaloss.ee\/en\/poltsamaa-museum\/\" \/>\n<meta property=\"og:site_name\" content=\"P&otilde;ltsamaa loss\" \/>\n<meta property=\"article:modified_time\" content=\"2026-05-05T21:54:31+00:00\" \/>\n<meta property=\"og:image\" content=\"https:\/\/poltsamaaloss.ee\/wp-content\/uploads\/2021\/09\/poltsamaa-suudlus-poltsamaa-muuseum.jpg\" \/>\n\t<meta property=\"og:image:width\" content=\"1024\" \/>\n\t<meta property=\"og:image:height\" content=\"684\" \/>\n\t<meta property=\"og:image:type\" content=\"image\/jpeg\" \/>\n<meta name=\"twitter:card\" content=\"summary_large_image\" \/>\n<meta name=\"twitter:label1\" content=\"Est. reading time\" \/>\n\t<meta name=\"twitter:data1\" content=\"3 minutes\" \/>\n<script type=\"application\/ld+json\" class=\"yoast-schema-graph\">{\"@context\":\"https:\\\/\\\/schema.org\",\"@graph\":[{\"@type\":\"WebPage\",\"@id\":\"https:\\\/\\\/poltsamaaloss.ee\\\/en\\\/poltsamaa-museum\\\/\",\"url\":\"https:\\\/\\\/poltsamaaloss.ee\\\/en\\\/poltsamaa-museum\\\/\",\"name\":\"P\u00f5ltsamaa museum - P&otilde;ltsamaa loss\",\"isPartOf\":{\"@id\":\"https:\\\/\\\/poltsamaaloss.ee\\\/en\\\/#website\"},\"primaryImageOfPage\":{\"@id\":\"https:\\\/\\\/poltsamaaloss.ee\\\/en\\\/poltsamaa-museum\\\/#primaryimage\"},\"image\":{\"@id\":\"https:\\\/\\\/poltsamaaloss.ee\\\/en\\\/poltsamaa-museum\\\/#primaryimage\"},\"thumbnailUrl\":\"https:\\\/\\\/poltsamaaloss.ee\\\/wp-content\\\/uploads\\\/2021\\\/09\\\/poltsamaa-suudlus-poltsamaa-muuseum.jpg\",\"datePublished\":\"2022-01-04T11:55:45+00:00\",\"dateModified\":\"2026-05-05T21:54:31+00:00\",\"breadcrumb\":{\"@id\":\"https:\\\/\\\/poltsamaaloss.ee\\\/en\\\/poltsamaa-museum\\\/#breadcrumb\"},\"inLanguage\":\"en-US\",\"potentialAction\":[{\"@type\":\"ReadAction\",\"target\":[\"https:\\\/\\\/poltsamaaloss.ee\\\/en\\\/poltsamaa-museum\\\/\"]}]},{\"@type\":\"ImageObject\",\"inLanguage\":\"en-US\",\"@id\":\"https:\\\/\\\/poltsamaaloss.ee\\\/en\\\/poltsamaa-museum\\\/#primaryimage\",\"url\":\"https:\\\/\\\/poltsamaaloss.ee\\\/wp-content\\\/uploads\\\/2021\\\/09\\\/poltsamaa-suudlus-poltsamaa-muuseum.jpg\",\"contentUrl\":\"https:\\\/\\\/poltsamaaloss.ee\\\/wp-content\\\/uploads\\\/2021\\\/09\\\/poltsamaa-suudlus-poltsamaa-muuseum.jpg\"},{\"@type\":\"BreadcrumbList\",\"@id\":\"https:\\\/\\\/poltsamaaloss.ee\\\/en\\\/poltsamaa-museum\\\/#breadcrumb\",\"itemListElement\":[{\"@type\":\"ListItem\",\"position\":1,\"name\":\"Home\",\"item\":\"https:\\\/\\\/poltsamaaloss.ee\\\/en\\\/home\\\/\"},{\"@type\":\"ListItem\",\"position\":2,\"name\":\"P\u00f5ltsamaa museum\"}]},{\"@type\":\"WebSite\",\"@id\":\"https:\\\/\\\/poltsamaaloss.ee\\\/en\\\/#website\",\"url\":\"https:\\\/\\\/poltsamaaloss.ee\\\/en\\\/\",\"name\":\"P\u00f5ltsamaa loss\",\"description\":\"\",\"publisher\":{\"@id\":\"https:\\\/\\\/poltsamaaloss.ee\\\/en\\\/#organization\"},\"potentialAction\":[{\"@type\":\"SearchAction\",\"target\":{\"@type\":\"EntryPoint\",\"urlTemplate\":\"https:\\\/\\\/poltsamaaloss.ee\\\/en\\\/?s={search_term_string}\"},\"query-input\":{\"@type\":\"PropertyValueSpecification\",\"valueRequired\":true,\"valueName\":\"search_term_string\"}}],\"inLanguage\":\"en-US\"},{\"@type\":\"Organization\",\"@id\":\"https:\\\/\\\/poltsamaaloss.ee\\\/en\\\/#organization\",\"name\":\"P\u00f5ltsamaa castle\",\"url\":\"https:\\\/\\\/poltsamaaloss.ee\\\/en\\\/\",\"logo\":{\"@type\":\"ImageObject\",\"inLanguage\":\"en-US\",\"@id\":\"https:\\\/\\\/poltsamaaloss.ee\\\/en\\\/#\\\/schema\\\/logo\\\/image\\\/\",\"url\":\"https:\\\/\\\/poltsamaaloss.ee\\\/wp-content\\\/uploads\\\/2020\\\/10\\\/poltsamaa-loss-logo.png\",\"contentUrl\":\"https:\\\/\\\/poltsamaaloss.ee\\\/wp-content\\\/uploads\\\/2020\\\/10\\\/poltsamaa-loss-logo.png\",\"width\":1035,\"height\":690,\"caption\":\"P\u00f5ltsamaa castle\"},\"image\":{\"@id\":\"https:\\\/\\\/poltsamaaloss.ee\\\/en\\\/#\\\/schema\\\/logo\\\/image\\\/\"}}]}<\/script>\n<!-- \/ Yoast SEO plugin. -->","yoast_head_json":{"title":"P\u00f5ltsamaa museum - P&otilde;ltsamaa loss","robots":{"index":"index","follow":"follow","max-snippet":"max-snippet:-1","max-image-preview":"max-image-preview:large","max-video-preview":"max-video-preview:-1"},"canonical":"https:\/\/poltsamaaloss.ee\/en\/poltsamaa-museum\/","og_locale":"en_US","og_type":"article","og_title":"P\u00f5ltsamaa museum - P&otilde;ltsamaa loss","og_description":"P\u00f5ltsamaa museum is located within the walls of the ancient P\u00f5ltsamaa castle. It gives an overview of the glorious past of the stronghold, town and the parish. You can book guided tours and educational programmes. Museum operates together with P\u00f5ltsamaa tourist information, where you can buy local souveniers and take &hellip;","og_url":"https:\/\/poltsamaaloss.ee\/en\/poltsamaa-museum\/","og_site_name":"P&otilde;ltsamaa loss","article_modified_time":"2026-05-05T21:54:31+00:00","og_image":[{"width":1024,"height":684,"url":"https:\/\/poltsamaaloss.ee\/wp-content\/uploads\/2021\/09\/poltsamaa-suudlus-poltsamaa-muuseum.jpg","type":"image\/jpeg"}],"twitter_card":"summary_large_image","twitter_misc":{"Est. reading time":"3 minutes"},"schema":{"@context":"https:\/\/schema.org","@graph":[{"@type":"WebPage","@id":"https:\/\/poltsamaaloss.ee\/en\/poltsamaa-museum\/","url":"https:\/\/poltsamaaloss.ee\/en\/poltsamaa-museum\/","name":"P\u00f5ltsamaa museum - P&otilde;ltsamaa loss","isPartOf":{"@id":"https:\/\/poltsamaaloss.ee\/en\/#website"},"primaryImageOfPage":{"@id":"https:\/\/poltsamaaloss.ee\/en\/poltsamaa-museum\/#primaryimage"},"image":{"@id":"https:\/\/poltsamaaloss.ee\/en\/poltsamaa-museum\/#primaryimage"},"thumbnailUrl":"https:\/\/poltsamaaloss.ee\/wp-content\/uploads\/2021\/09\/poltsamaa-suudlus-poltsamaa-muuseum.jpg","datePublished":"2022-01-04T11:55:45+00:00","dateModified":"2026-05-05T21:54:31+00:00","breadcrumb":{"@id":"https:\/\/poltsamaaloss.ee\/en\/poltsamaa-museum\/#breadcrumb"},"inLanguage":"en-US","potentialAction":[{"@type":"ReadAction","target":["https:\/\/poltsamaaloss.ee\/en\/poltsamaa-museum\/"]}]},{"@type":"ImageObject","inLanguage":"en-US","@id":"https:\/\/poltsamaaloss.ee\/en\/poltsamaa-museum\/#primaryimage","url":"https:\/\/poltsamaaloss.ee\/wp-content\/uploads\/2021\/09\/poltsamaa-suudlus-poltsamaa-muuseum.jpg","contentUrl":"https:\/\/poltsamaaloss.ee\/wp-content\/uploads\/2021\/09\/poltsamaa-suudlus-poltsamaa-muuseum.jpg"},{"@type":"BreadcrumbList","@id":"https:\/\/poltsamaaloss.ee\/en\/poltsamaa-museum\/#breadcrumb","itemListElement":[{"@type":"ListItem","position":1,"name":"Home","item":"https:\/\/poltsamaaloss.ee\/en\/home\/"},{"@type":"ListItem","position":2,"name":"P\u00f5ltsamaa museum"}]},{"@type":"WebSite","@id":"https:\/\/poltsamaaloss.ee\/en\/#website","url":"https:\/\/poltsamaaloss.ee\/en\/","name":"P\u00f5ltsamaa loss","description":"","publisher":{"@id":"https:\/\/poltsamaaloss.ee\/en\/#organization"},"potentialAction":[{"@type":"SearchAction","target":{"@type":"EntryPoint","urlTemplate":"https:\/\/poltsamaaloss.ee\/en\/?s={search_term_string}"},"query-input":{"@type":"PropertyValueSpecification","valueRequired":true,"valueName":"search_term_string"}}],"inLanguage":"en-US"},{"@type":"Organization","@id":"https:\/\/poltsamaaloss.ee\/en\/#organization","name":"P\u00f5ltsamaa castle","url":"https:\/\/poltsamaaloss.ee\/en\/","logo":{"@type":"ImageObject","inLanguage":"en-US","@id":"https:\/\/poltsamaaloss.ee\/en\/#\/schema\/logo\/image\/","url":"https:\/\/poltsamaaloss.ee\/wp-content\/uploads\/2020\/10\/poltsamaa-loss-logo.png","contentUrl":"https:\/\/poltsamaaloss.ee\/wp-content\/uploads\/2020\/10\/poltsamaa-loss-logo.png","width":1035,"height":690,"caption":"P\u00f5ltsamaa castle"},"image":{"@id":"https:\/\/poltsamaaloss.ee\/en\/#\/schema\/logo\/image\/"}}]}},"_links":{"self":[{"href":"https:\/\/poltsamaaloss.ee\/en\/wp-json\/wp\/v2\/pages\/2051","targetHints":{"allow":["GET"]}}],"collection":[{"href":"https:\/\/poltsamaaloss.ee\/en\/wp-json\/wp\/v2\/pages"}],"about":[{"href":"https:\/\/poltsamaaloss.ee\/en\/wp-json\/wp\/v2\/types\/page"}],"author":[{"embeddable":true,"href":"https:\/\/poltsamaaloss.ee\/en\/wp-json\/wp\/v2\/users\/2"}],"replies":[{"embeddable":true,"href":"https:\/\/poltsamaaloss.ee\/en\/wp-json\/wp\/v2\/comments?post=2051"}],"version-history":[{"count":57,"href":"https:\/\/poltsamaaloss.ee\/en\/wp-json\/wp\/v2\/pages\/2051\/revisions"}],"predecessor-version":[{"id":8542,"href":"https:\/\/poltsamaaloss.ee\/en\/wp-json\/wp\/v2\/pages\/2051\/revisions\/8542"}],"wp:attachment":[{"href":"https:\/\/poltsamaaloss.ee\/en\/wp-json\/wp\/v2\/media?parent=2051"}],"curies":[{"name":"wp","href":"https:\/\/api.w.org\/{rel}","templated":true}]}}