{"id":2047,"date":"2022-01-04T11:53:49","date_gmt":"2022-01-04T11:53:49","guid":{"rendered":"https:\/\/poltsamaaloss.ee\/?page_id=2047"},"modified":"2022-01-05T10:24:31","modified_gmt":"2022-01-05T10:24:31","slug":"organize-event-extra","status":"publish","type":"page","link":"https:\/\/poltsamaaloss.ee\/en\/organize-event-extra\/","title":{"rendered":"Organize event"},"content":{"rendered":"<p>V\u00f5imalused s\u00fcndmuskorralduseks P\u00f5ltsamaa lossis:<\/p>\n<p><img loading=\"lazy\" decoding=\"async\" class=\"alignleft wp-image-1781\" src=\"https:\/\/poltsamaaloss.ee\/wp-content\/uploads\/2020\/04\/p\u00f5ltsamaa-loss-2-300x200.jpg\" alt=\"\" width=\"400\" height=\"266\" srcset=\"https:\/\/poltsamaaloss.ee\/wp-content\/uploads\/2020\/04\/p\u00f5ltsamaa-loss-2-300x200.jpg 300w, https:\/\/poltsamaaloss.ee\/wp-content\/uploads\/2020\/04\/p\u00f5ltsamaa-loss-2.jpg 581w\" sizes=\"auto, (max-width: 400px) 100vw, 400px\" \/> <strong>P\u00f5ltsamaa lossihoov<\/strong><\/p>\n<p>Korralda lossihoovis oma suvine suurs\u00fcndmus &#8211; kontsert, teatrietendus, disko v\u00f5i suvep\u00e4evad! Sinu k\u00e4sutuses on kogu hoov&nbsp; koos lava ja pinkidega. Pakume tuge erinevate abiteenuste osas &#8211; helitehnika ja v\u00e4lim\u00f6\u00f6bli rent, toitlustamine, turundus jm.<\/p>\n<p>K\u00fcsi lisa: +372 522 2584, loss@poltsamaa.ee<\/p>\n<hr>\n<p><strong><img loading=\"lazy\" decoding=\"async\" class=\"alignleft wp-image-1803\" src=\"https:\/\/poltsamaaloss.ee\/wp-content\/uploads\/2020\/04\/p\u00f5ltsamaa-lossirestoran-konvent-9-300x200.jpg\" alt=\"\" width=\"400\" height=\"267\" srcset=\"https:\/\/poltsamaaloss.ee\/wp-content\/uploads\/2020\/04\/p\u00f5ltsamaa-lossirestoran-konvent-9-300x200.jpg 300w, https:\/\/poltsamaaloss.ee\/wp-content\/uploads\/2020\/04\/p\u00f5ltsamaa-lossirestoran-konvent-9-768x512.jpg 768w, https:\/\/poltsamaaloss.ee\/wp-content\/uploads\/2020\/04\/p\u00f5ltsamaa-lossirestoran-konvent-9.jpg 800w\" sizes=\"auto, (max-width: 400px) 100vw, 400px\" \/><a href=\"https:\/\/poltsamaaloss.ee\/lossirestoran-konvent\/\">P\u00f5ltsamaa lossirestoran Konvent<\/a><\/strong><\/p>\n<p>Meie juures saab pidada seminare ja koosolekuid ning tellida juurde kohvilaua. Samuti on konvendisaal suurep\u00e4rane paik erinevate \u00fcrituste nt, pulmade ja s\u00fcnnip\u00e4evade t\u00e4histamiseks. Einestama on oodatud ka lossihoovi k\u00fclastavad grupid. Sobilik kuni 100-le.<\/p>\n<p>K\u00fcsi lisa: +372 522 2584, loss@poltsamaa.ee<\/p>\n<hr>\n<p><strong><img loading=\"lazy\" decoding=\"async\" class=\"alignleft wp-image-1804\" src=\"https:\/\/poltsamaaloss.ee\/wp-content\/uploads\/2020\/06\/seminarinurk-300x200.jpg\" alt=\"\" width=\"400\" height=\"267\" srcset=\"https:\/\/poltsamaaloss.ee\/wp-content\/uploads\/2020\/06\/seminarinurk-300x200.jpg 300w, https:\/\/poltsamaaloss.ee\/wp-content\/uploads\/2020\/06\/seminarinurk-768x512.jpg 768w, https:\/\/poltsamaaloss.ee\/wp-content\/uploads\/2020\/06\/seminarinurk.jpg 800w\" sizes=\"auto, (max-width: 400px) 100vw, 400px\" \/>P\u00f5ltsamaa muuseum ja turismiinfopunkti seminarinurk<\/strong><\/p>\n<p>Avatud ruumilahendusega seminarituba on sobilik 10 inimesele, lisatoolidega kuni 12-le. Ruumis on pikk laud toolidega, suur teleekraan seinal, pabertahvel ja wifi. Sobilik v\u00e4iksemate n\u00f5upidamiste ja t\u00f6\u00f6tubade jaoks. Kohvipaus ettetellimisel. V\u00f5imalus ka ise kohapealt kohvi osta.<\/p>\n<p>K\u00fcsi lisa: 775 1390, turism@poltsamaa.ee<\/p>\n<hr>\n<p><img loading=\"lazy\" decoding=\"async\" class=\"wp-image-1749 alignleft\" src=\"https:\/\/poltsamaaloss.ee\/wp-content\/uploads\/2020\/05\/p\u00f5ltsamaa-veinikelder-1-300x200.jpg\" alt=\"\" width=\"400\" height=\"267\" srcset=\"https:\/\/poltsamaaloss.ee\/wp-content\/uploads\/2020\/05\/p\u00f5ltsamaa-veinikelder-1-300x200.jpg 300w, https:\/\/poltsamaaloss.ee\/wp-content\/uploads\/2020\/05\/p\u00f5ltsamaa-veinikelder-1-768x513.jpg 768w, https:\/\/poltsamaaloss.ee\/wp-content\/uploads\/2020\/05\/p\u00f5ltsamaa-veinikelder-1.jpg 800w\" sizes=\"auto, (max-width: 400px) 100vw, 400px\" \/> <strong>P\u00f5ltsamaa veinikelder ja toidumuuseumi seminarituba<\/strong><\/p>\n<p>P\u00f5ltsamaa veinikelder on \u00f5dus paik erinevate s\u00fcndmuste, nt s\u00fcnnip\u00e4evade t\u00e4histamiseks. Veinikeldris jagub istekohti 20-le, k\u00f5rvalruumis asuvas toidumuuseumis on 15 lisaistekohta pika laua taga.<\/p>\n<p>K\u00fcsi lisa: +372 5855 6299, veinikelder@orkla.ee<\/p>\n","protected":false},"excerpt":{"rendered":"<p>V\u00f5imalused s\u00fcndmuskorralduseks P\u00f5ltsamaa lossis: P\u00f5ltsamaa lossihoov Korralda lossihoovis oma suvine suurs\u00fcndmus &#8211; kontsert, teatrietendus, disko v\u00f5i suvep\u00e4evad! Sinu k\u00e4sutuses on kogu hoov&nbsp; koos lava ja pinkidega. Pakume tuge erinevate abiteenuste osas &#8211; helitehnika ja v\u00e4lim\u00f6\u00f6bli rent, toitlustamine, turundus jm. K\u00fcsi lisa: +372 522 2584, loss@poltsamaa.ee P\u00f5ltsamaa lossirestoran Konvent Meie juures &hellip;<\/p>\n","protected":false},"author":2,"featured_media":0,"parent":0,"menu_order":0,"comment_status":"closed","ping_status":"closed","template":"","meta":{"footnotes":""},"class_list":["post-2047","page","type-page","status-publish","hentry"],"yoast_head":"<!-- This site is optimized with the Yoast SEO plugin v27.3 - https:\/\/yoast.com\/product\/yoast-seo-wordpress\/ -->\n<title>Organize event - P&otilde;ltsamaa loss<\/title>\n<meta name=\"robots\" content=\"index, follow, max-snippet:-1, max-image-preview:large, max-video-preview:-1\" \/>\n<link rel=\"canonical\" href=\"https:\/\/poltsamaaloss.ee\/en\/organize-event-extra\/\" \/>\n<meta property=\"og:locale\" content=\"en_US\" \/>\n<meta property=\"og:type\" content=\"article\" \/>\n<meta property=\"og:title\" content=\"Organize event - P&otilde;ltsamaa loss\" \/>\n<meta property=\"og:description\" content=\"V\u00f5imalused s\u00fcndmuskorralduseks P\u00f5ltsamaa lossis: P\u00f5ltsamaa lossihoov Korralda lossihoovis oma suvine suurs\u00fcndmus &#8211; kontsert, teatrietendus, disko v\u00f5i suvep\u00e4evad! Sinu k\u00e4sutuses on kogu hoov&nbsp; koos lava ja pinkidega. Pakume tuge erinevate abiteenuste osas &#8211; helitehnika ja v\u00e4lim\u00f6\u00f6bli rent, toitlustamine, turundus jm. K\u00fcsi lisa: +372 522 2584, loss@poltsamaa.ee P\u00f5ltsamaa lossirestoran Konvent Meie juures &hellip;\" \/>\n<meta property=\"og:url\" content=\"https:\/\/poltsamaaloss.ee\/en\/organize-event-extra\/\" \/>\n<meta property=\"og:site_name\" content=\"P&otilde;ltsamaa loss\" \/>\n<meta property=\"article:modified_time\" content=\"2022-01-05T10:24:31+00:00\" \/>\n<meta property=\"og:image\" content=\"https:\/\/poltsamaaloss.ee\/wp-content\/uploads\/2020\/04\/p\u00f5ltsamaa-loss-2-300x200.jpg\" \/>\n<meta name=\"twitter:card\" content=\"summary_large_image\" \/>\n<meta name=\"twitter:label1\" content=\"Est. reading time\" \/>\n\t<meta name=\"twitter:data1\" content=\"2 minutes\" \/>\n<script type=\"application\/ld+json\" class=\"yoast-schema-graph\">{\"@context\":\"https:\\\/\\\/schema.org\",\"@graph\":[{\"@type\":\"WebPage\",\"@id\":\"https:\\\/\\\/poltsamaaloss.ee\\\/en\\\/organize-event-extra\\\/\",\"url\":\"https:\\\/\\\/poltsamaaloss.ee\\\/en\\\/organize-event-extra\\\/\",\"name\":\"Organize event - P&otilde;ltsamaa loss\",\"isPartOf\":{\"@id\":\"https:\\\/\\\/poltsamaaloss.ee\\\/en\\\/#website\"},\"primaryImageOfPage\":{\"@id\":\"https:\\\/\\\/poltsamaaloss.ee\\\/en\\\/organize-event-extra\\\/#primaryimage\"},\"image\":{\"@id\":\"https:\\\/\\\/poltsamaaloss.ee\\\/en\\\/organize-event-extra\\\/#primaryimage\"},\"thumbnailUrl\":\"https:\\\/\\\/poltsamaaloss.ee\\\/wp-content\\\/uploads\\\/2020\\\/06\\\/seminarinurk-300x200.jpg\",\"datePublished\":\"2022-01-04T11:53:49+00:00\",\"dateModified\":\"2022-01-05T10:24:31+00:00\",\"breadcrumb\":{\"@id\":\"https:\\\/\\\/poltsamaaloss.ee\\\/en\\\/organize-event-extra\\\/#breadcrumb\"},\"inLanguage\":\"en-US\",\"potentialAction\":[{\"@type\":\"ReadAction\",\"target\":[\"https:\\\/\\\/poltsamaaloss.ee\\\/en\\\/organize-event-extra\\\/\"]}]},{\"@type\":\"ImageObject\",\"inLanguage\":\"en-US\",\"@id\":\"https:\\\/\\\/poltsamaaloss.ee\\\/en\\\/organize-event-extra\\\/#primaryimage\",\"url\":\"https:\\\/\\\/poltsamaaloss.ee\\\/wp-content\\\/uploads\\\/2020\\\/06\\\/seminarinurk-300x200.jpg\",\"contentUrl\":\"https:\\\/\\\/poltsamaaloss.ee\\\/wp-content\\\/uploads\\\/2020\\\/06\\\/seminarinurk-300x200.jpg\"},{\"@type\":\"BreadcrumbList\",\"@id\":\"https:\\\/\\\/poltsamaaloss.ee\\\/en\\\/organize-event-extra\\\/#breadcrumb\",\"itemListElement\":[{\"@type\":\"ListItem\",\"position\":1,\"name\":\"Home\",\"item\":\"https:\\\/\\\/poltsamaaloss.ee\\\/en\\\/home\\\/\"},{\"@type\":\"ListItem\",\"position\":2,\"name\":\"Organize event\"}]},{\"@type\":\"WebSite\",\"@id\":\"https:\\\/\\\/poltsamaaloss.ee\\\/en\\\/#website\",\"url\":\"https:\\\/\\\/poltsamaaloss.ee\\\/en\\\/\",\"name\":\"P\u00f5ltsamaa loss\",\"description\":\"\",\"publisher\":{\"@id\":\"https:\\\/\\\/poltsamaaloss.ee\\\/en\\\/#organization\"},\"potentialAction\":[{\"@type\":\"SearchAction\",\"target\":{\"@type\":\"EntryPoint\",\"urlTemplate\":\"https:\\\/\\\/poltsamaaloss.ee\\\/en\\\/?s={search_term_string}\"},\"query-input\":{\"@type\":\"PropertyValueSpecification\",\"valueRequired\":true,\"valueName\":\"search_term_string\"}}],\"inLanguage\":\"en-US\"},{\"@type\":\"Organization\",\"@id\":\"https:\\\/\\\/poltsamaaloss.ee\\\/en\\\/#organization\",\"name\":\"P\u00f5ltsamaa castle\",\"url\":\"https:\\\/\\\/poltsamaaloss.ee\\\/en\\\/\",\"logo\":{\"@type\":\"ImageObject\",\"inLanguage\":\"en-US\",\"@id\":\"https:\\\/\\\/poltsamaaloss.ee\\\/en\\\/#\\\/schema\\\/logo\\\/image\\\/\",\"url\":\"https:\\\/\\\/poltsamaaloss.ee\\\/wp-content\\\/uploads\\\/2020\\\/10\\\/poltsamaa-loss-logo.png\",\"contentUrl\":\"https:\\\/\\\/poltsamaaloss.ee\\\/wp-content\\\/uploads\\\/2020\\\/10\\\/poltsamaa-loss-logo.png\",\"width\":1035,\"height\":690,\"caption\":\"P\u00f5ltsamaa castle\"},\"image\":{\"@id\":\"https:\\\/\\\/poltsamaaloss.ee\\\/en\\\/#\\\/schema\\\/logo\\\/image\\\/\"}}]}<\/script>\n<!-- \/ Yoast SEO plugin. -->","yoast_head_json":{"title":"Organize event - P&otilde;ltsamaa loss","robots":{"index":"index","follow":"follow","max-snippet":"max-snippet:-1","max-image-preview":"max-image-preview:large","max-video-preview":"max-video-preview:-1"},"canonical":"https:\/\/poltsamaaloss.ee\/en\/organize-event-extra\/","og_locale":"en_US","og_type":"article","og_title":"Organize event - P&otilde;ltsamaa loss","og_description":"V\u00f5imalused s\u00fcndmuskorralduseks P\u00f5ltsamaa lossis: P\u00f5ltsamaa lossihoov Korralda lossihoovis oma suvine suurs\u00fcndmus &#8211; kontsert, teatrietendus, disko v\u00f5i suvep\u00e4evad! Sinu k\u00e4sutuses on kogu hoov&nbsp; koos lava ja pinkidega. Pakume tuge erinevate abiteenuste osas &#8211; helitehnika ja v\u00e4lim\u00f6\u00f6bli rent, toitlustamine, turundus jm. K\u00fcsi lisa: +372 522 2584, loss@poltsamaa.ee P\u00f5ltsamaa lossirestoran Konvent Meie juures &hellip;","og_url":"https:\/\/poltsamaaloss.ee\/en\/organize-event-extra\/","og_site_name":"P&otilde;ltsamaa loss","article_modified_time":"2022-01-05T10:24:31+00:00","og_image":[{"url":"https:\/\/poltsamaaloss.ee\/wp-content\/uploads\/2020\/04\/p\u00f5ltsamaa-loss-2-300x200.jpg","type":"","width":"","height":""}],"twitter_card":"summary_large_image","twitter_misc":{"Est. reading time":"2 minutes"},"schema":{"@context":"https:\/\/schema.org","@graph":[{"@type":"WebPage","@id":"https:\/\/poltsamaaloss.ee\/en\/organize-event-extra\/","url":"https:\/\/poltsamaaloss.ee\/en\/organize-event-extra\/","name":"Organize event - P&otilde;ltsamaa loss","isPartOf":{"@id":"https:\/\/poltsamaaloss.ee\/en\/#website"},"primaryImageOfPage":{"@id":"https:\/\/poltsamaaloss.ee\/en\/organize-event-extra\/#primaryimage"},"image":{"@id":"https:\/\/poltsamaaloss.ee\/en\/organize-event-extra\/#primaryimage"},"thumbnailUrl":"https:\/\/poltsamaaloss.ee\/wp-content\/uploads\/2020\/06\/seminarinurk-300x200.jpg","datePublished":"2022-01-04T11:53:49+00:00","dateModified":"2022-01-05T10:24:31+00:00","breadcrumb":{"@id":"https:\/\/poltsamaaloss.ee\/en\/organize-event-extra\/#breadcrumb"},"inLanguage":"en-US","potentialAction":[{"@type":"ReadAction","target":["https:\/\/poltsamaaloss.ee\/en\/organize-event-extra\/"]}]},{"@type":"ImageObject","inLanguage":"en-US","@id":"https:\/\/poltsamaaloss.ee\/en\/organize-event-extra\/#primaryimage","url":"https:\/\/poltsamaaloss.ee\/wp-content\/uploads\/2020\/06\/seminarinurk-300x200.jpg","contentUrl":"https:\/\/poltsamaaloss.ee\/wp-content\/uploads\/2020\/06\/seminarinurk-300x200.jpg"},{"@type":"BreadcrumbList","@id":"https:\/\/poltsamaaloss.ee\/en\/organize-event-extra\/#breadcrumb","itemListElement":[{"@type":"ListItem","position":1,"name":"Home","item":"https:\/\/poltsamaaloss.ee\/en\/home\/"},{"@type":"ListItem","position":2,"name":"Organize event"}]},{"@type":"WebSite","@id":"https:\/\/poltsamaaloss.ee\/en\/#website","url":"https:\/\/poltsamaaloss.ee\/en\/","name":"P\u00f5ltsamaa loss","description":"","publisher":{"@id":"https:\/\/poltsamaaloss.ee\/en\/#organization"},"potentialAction":[{"@type":"SearchAction","target":{"@type":"EntryPoint","urlTemplate":"https:\/\/poltsamaaloss.ee\/en\/?s={search_term_string}"},"query-input":{"@type":"PropertyValueSpecification","valueRequired":true,"valueName":"search_term_string"}}],"inLanguage":"en-US"},{"@type":"Organization","@id":"https:\/\/poltsamaaloss.ee\/en\/#organization","name":"P\u00f5ltsamaa castle","url":"https:\/\/poltsamaaloss.ee\/en\/","logo":{"@type":"ImageObject","inLanguage":"en-US","@id":"https:\/\/poltsamaaloss.ee\/en\/#\/schema\/logo\/image\/","url":"https:\/\/poltsamaaloss.ee\/wp-content\/uploads\/2020\/10\/poltsamaa-loss-logo.png","contentUrl":"https:\/\/poltsamaaloss.ee\/wp-content\/uploads\/2020\/10\/poltsamaa-loss-logo.png","width":1035,"height":690,"caption":"P\u00f5ltsamaa castle"},"image":{"@id":"https:\/\/poltsamaaloss.ee\/en\/#\/schema\/logo\/image\/"}}]}},"_links":{"self":[{"href":"https:\/\/poltsamaaloss.ee\/en\/wp-json\/wp\/v2\/pages\/2047","targetHints":{"allow":["GET"]}}],"collection":[{"href":"https:\/\/poltsamaaloss.ee\/en\/wp-json\/wp\/v2\/pages"}],"about":[{"href":"https:\/\/poltsamaaloss.ee\/en\/wp-json\/wp\/v2\/types\/page"}],"author":[{"embeddable":true,"href":"https:\/\/poltsamaaloss.ee\/en\/wp-json\/wp\/v2\/users\/2"}],"replies":[{"embeddable":true,"href":"https:\/\/poltsamaaloss.ee\/en\/wp-json\/wp\/v2\/comments?post=2047"}],"version-history":[{"count":2,"href":"https:\/\/poltsamaaloss.ee\/en\/wp-json\/wp\/v2\/pages\/2047\/revisions"}],"predecessor-version":[{"id":2126,"href":"https:\/\/poltsamaaloss.ee\/en\/wp-json\/wp\/v2\/pages\/2047\/revisions\/2126"}],"wp:attachment":[{"href":"https:\/\/poltsamaaloss.ee\/en\/wp-json\/wp\/v2\/media?parent=2047"}],"curies":[{"name":"wp","href":"https:\/\/api.w.org\/{rel}","templated":true}]}}