{"id":2044,"date":"2022-01-04T11:53:06","date_gmt":"2022-01-04T11:53:06","guid":{"rendered":"https:\/\/poltsamaaloss.ee\/?page_id=2044"},"modified":"2022-01-04T11:53:06","modified_gmt":"2022-01-04T11:53:06","slug":"gallery","status":"publish","type":"page","link":"https:\/\/poltsamaaloss.ee\/en\/gallery\/","title":{"rendered":"Gallery"},"content":{"rendered":"<div class=\"su-custom-gallery su-custom-gallery-align-left su-custom-gallery-title-never su-lightbox-gallery\"><div class=\"su-custom-gallery-slide\" style=\"width:200px;height:200px\"><a href=\"https:\/\/poltsamaaloss.ee\/wp-content\/uploads\/2020\/05\/p\u00f5ltsamaa-loss-1.jpg\" title=\"P\u00f5ltsamaa loss | Ragnar Vutt\"><img loading=\"lazy\" decoding=\"async\" src=\"https:\/\/poltsamaaloss.ee\/wp-content\/uploads\/2020\/05\/p\u00f5ltsamaa-loss-1-200x200.jpg\" alt=\"P\u00f5ltsamaa loss | Ragnar Vutt\" width=\"200\" height=\"200\" \/><span class=\"su-custom-gallery-title\">P\u00f5ltsamaa loss | Ragnar Vutt<\/span><\/a><\/div><div class=\"su-custom-gallery-slide\" style=\"width:200px;height:200px\"><a href=\"https:\/\/poltsamaaloss.ee\/wp-content\/uploads\/2020\/05\/P\u00f5ltsamaa-Niguliste-kirik-1.jpg\" title=\"P\u00f5ltsamaa Niguliste kirik | Liina Laurikainen-P\u00e4ri\"><img loading=\"lazy\" decoding=\"async\" src=\"https:\/\/poltsamaaloss.ee\/wp-content\/uploads\/2020\/05\/P\u00f5ltsamaa-Niguliste-kirik-1-200x200.jpg\" alt=\"P\u00f5ltsamaa Niguliste kirik | Liina Laurikainen-P\u00e4ri\" width=\"200\" height=\"200\" \/><span class=\"su-custom-gallery-title\">P\u00f5ltsamaa Niguliste kirik | Liina Laurikainen-P\u00e4ri<\/span><\/a><\/div><div class=\"su-custom-gallery-slide\" style=\"width:200px;height:200px\"><a href=\"https:\/\/poltsamaaloss.ee\/wp-content\/uploads\/2020\/05\/P\u00f5ltsamaa-Niguliste-kirik.jpg\" title=\"P\u00f5ltsamaa Niguliste kirik | Teele Kaeramaa\"><img loading=\"lazy\" decoding=\"async\" src=\"https:\/\/poltsamaaloss.ee\/wp-content\/uploads\/2020\/05\/P\u00f5ltsamaa-Niguliste-kirik-200x200.jpg\" alt=\"P\u00f5ltsamaa Niguliste kirik | Teele Kaeramaa\" width=\"200\" height=\"200\" \/><span class=\"su-custom-gallery-title\">P\u00f5ltsamaa Niguliste kirik | Teele Kaeramaa<\/span><\/a><\/div><div class=\"su-custom-gallery-slide\" style=\"width:200px;height:200px\"><a href=\"https:\/\/poltsamaaloss.ee\/wp-content\/uploads\/2020\/05\/p\u00f5ltsamaa-lossirestoran-konvent.jpg\" title=\"P\u00f5ltsamaa lossirestoran Konvent | Liina Laurikainen-P\u00e4ri\"><img loading=\"lazy\" decoding=\"async\" src=\"https:\/\/poltsamaaloss.ee\/wp-content\/uploads\/2020\/05\/p\u00f5ltsamaa-lossirestoran-konvent-200x200.jpg\" alt=\"P\u00f5ltsamaa lossirestoran Konvent | Liina Laurikainen-P\u00e4ri\" width=\"200\" height=\"200\" \/><span class=\"su-custom-gallery-title\">P\u00f5ltsamaa lossirestoran Konvent | Liina Laurikainen-P\u00e4ri<\/span><\/a><\/div><div class=\"su-custom-gallery-slide\" style=\"width:200px;height:200px\"><a href=\"https:\/\/poltsamaaloss.ee\/wp-content\/uploads\/2020\/05\/eesti-k\u00e4sit\u00f6\u00f6-katre-arula.jpg\" title=\"Eesti k\u00e4sit\u00f6\u00f6 | Katre Arula Meistrikoda\"><img loading=\"lazy\" decoding=\"async\" src=\"https:\/\/poltsamaaloss.ee\/wp-content\/uploads\/2020\/05\/eesti-k\u00e4sit\u00f6\u00f6-katre-arula-200x200.jpg\" alt=\"Eesti k\u00e4sit\u00f6\u00f6 | Katre Arula Meistrikoda\" width=\"200\" height=\"200\" \/><span class=\"su-custom-gallery-title\">Eesti k\u00e4sit\u00f6\u00f6 | Katre Arula Meistrikoda<\/span><\/a><\/div><div class=\"su-custom-gallery-slide\" style=\"width:200px;height:200px\"><a href=\"https:\/\/poltsamaaloss.ee\/wp-content\/uploads\/2020\/05\/Eesti-disain-seljakotid-Husky-bag-Katre-Arula.jpg\" title=\"Katre Arula kotid | Katre Arula Meistrikoda\"><img loading=\"lazy\" decoding=\"async\" src=\"https:\/\/poltsamaaloss.ee\/wp-content\/uploads\/2020\/05\/Eesti-disain-seljakotid-Husky-bag-Katre-Arula-200x200.jpg\" alt=\"Katre Arula kotid | Katre Arula Meistrikoda\" width=\"200\" height=\"200\" \/><span class=\"su-custom-gallery-title\">Katre Arula kotid | Katre Arula Meistrikoda<\/span><\/a><\/div><div class=\"su-custom-gallery-slide\" style=\"width:200px;height:200px\"><a href=\"https:\/\/poltsamaaloss.ee\/wp-content\/uploads\/2020\/05\/Eesti-disain-k\u00e4sit\u00f6\u00f6kotid-Katre-Arula.jpg\" title=\"Katre Arula kotid | Katre Arula Meistrikoda\"><img loading=\"lazy\" decoding=\"async\" src=\"https:\/\/poltsamaaloss.ee\/wp-content\/uploads\/2020\/05\/Eesti-disain-k\u00e4sit\u00f6\u00f6kotid-Katre-Arula-200x200.jpg\" alt=\"Katre Arula kotid | Katre Arula Meistrikoda\" width=\"200\" height=\"200\" \/><span class=\"su-custom-gallery-title\">Katre Arula kotid | Katre Arula Meistrikoda<\/span><\/a><\/div><div class=\"su-custom-gallery-slide\" style=\"width:200px;height:200px\"><a href=\"https:\/\/poltsamaaloss.ee\/wp-content\/uploads\/2020\/05\/eesti-k\u00e4sti\u00f6\u00f6-katre-arula-1.jpg\" title=\"Eesti k\u00e4sit\u00f6\u00f6 | Katre Arula Meistrikoda\"><img loading=\"lazy\" decoding=\"async\" src=\"https:\/\/poltsamaaloss.ee\/wp-content\/uploads\/2020\/05\/eesti-k\u00e4sti\u00f6\u00f6-katre-arula-1-200x200.jpg\" alt=\"Eesti k\u00e4sit\u00f6\u00f6 | Katre Arula Meistrikoda\" width=\"200\" height=\"200\" \/><span class=\"su-custom-gallery-title\">Eesti k\u00e4sit\u00f6\u00f6 | Katre Arula Meistrikoda<\/span><\/a><\/div><div class=\"su-custom-gallery-slide\" style=\"width:200px;height:200px\"><a href=\"https:\/\/poltsamaaloss.ee\/wp-content\/uploads\/2020\/05\/eesti-lipp-katre-arula.jpg\" title=\"Eesti lipud | Katre Arula Meistrikoda\"><img loading=\"lazy\" decoding=\"async\" src=\"https:\/\/poltsamaaloss.ee\/wp-content\/uploads\/2020\/05\/eesti-lipp-katre-arula-200x200.jpg\" alt=\"Eesti lipud | Katre Arula Meistrikoda\" width=\"200\" height=\"200\" \/><span class=\"su-custom-gallery-title\">Eesti lipud | Katre Arula Meistrikoda<\/span><\/a><\/div><div class=\"su-custom-gallery-slide\" style=\"width:200px;height:200px\"><a href=\"https:\/\/poltsamaaloss.ee\/wp-content\/uploads\/2020\/05\/tuubitoit-p\u00f5ltsamaa-toidumuuseum.jpg\" title=\"Tuubitoit P\u00f5ltsamaa toidumuuseumis | Liina Laurikainen-P\u00e4ri\"><img loading=\"lazy\" decoding=\"async\" src=\"https:\/\/poltsamaaloss.ee\/wp-content\/uploads\/2020\/05\/tuubitoit-p\u00f5ltsamaa-toidumuuseum-200x200.jpg\" alt=\"Tuubitoit P\u00f5ltsamaa toidumuuseumis | Liina Laurikainen-P\u00e4ri\" width=\"200\" height=\"200\" \/><span class=\"su-custom-gallery-title\">Tuubitoit P\u00f5ltsamaa toidumuuseumis | Liina Laurikainen-P\u00e4ri<\/span><\/a><\/div><div class=\"su-custom-gallery-slide\" style=\"width:200px;height:200px\"><a href=\"https:\/\/poltsamaaloss.ee\/wp-content\/uploads\/2020\/05\/p\u00f5ltsamaa-veinikelder.jpg\" title=\"P\u00f5ltsamaa veinikelder | Liina Laurikainen-P\u00e4ri\"><img loading=\"lazy\" decoding=\"async\" src=\"https:\/\/poltsamaaloss.ee\/wp-content\/uploads\/2020\/05\/p\u00f5ltsamaa-veinikelder-200x200.jpg\" alt=\"P\u00f5ltsamaa veinikelder | Liina Laurikainen-P\u00e4ri\" width=\"200\" height=\"200\" \/><span class=\"su-custom-gallery-title\">P\u00f5ltsamaa veinikelder | Liina Laurikainen-P\u00e4ri<\/span><\/a><\/div><div class=\"su-custom-gallery-slide\" style=\"width:200px;height:200px\"><a href=\"https:\/\/poltsamaaloss.ee\/wp-content\/uploads\/2020\/05\/p\u00f5ltsamaa-veinikelder-1.jpg\" title=\"P\u00f5ltsamaa veinikelder | Liina Laurikainen-P\u00e4ri\"><img loading=\"lazy\" decoding=\"async\" src=\"https:\/\/poltsamaaloss.ee\/wp-content\/uploads\/2020\/05\/p\u00f5ltsamaa-veinikelder-1-200x200.jpg\" alt=\"P\u00f5ltsamaa veinikelder | Liina Laurikainen-P\u00e4ri\" width=\"200\" height=\"200\" \/><span class=\"su-custom-gallery-title\">P\u00f5ltsamaa veinikelder | Liina Laurikainen-P\u00e4ri<\/span><\/a><\/div><div class=\"su-custom-gallery-slide\" style=\"width:200px;height:200px\"><a href=\"https:\/\/poltsamaaloss.ee\/wp-content\/uploads\/2020\/05\/p\u00f5ltsamaa-toidumuuseum.jpg\" title=\"P\u00f5ltsamaa toidumuuseum | Liina Laurikainen-P\u00e4ri\"><img loading=\"lazy\" decoding=\"async\" src=\"https:\/\/poltsamaaloss.ee\/wp-content\/uploads\/2020\/05\/p\u00f5ltsamaa-toidumuuseum-200x200.jpg\" alt=\"P\u00f5ltsamaa toidumuuseum | Liina Laurikainen-P\u00e4ri\" width=\"200\" height=\"200\" \/><span class=\"su-custom-gallery-title\">P\u00f5ltsamaa toidumuuseum | Liina Laurikainen-P\u00e4ri<\/span><\/a><\/div><div class=\"su-custom-gallery-slide\" style=\"width:200px;height:200px\"><a href=\"https:\/\/poltsamaaloss.ee\/wp-content\/uploads\/2020\/04\/kersti-kangrukoda-2.jpg\" title=\"Kersti Kangrukoda | Kersti Kangrukoda\"><img loading=\"lazy\" decoding=\"async\" src=\"https:\/\/poltsamaaloss.ee\/wp-content\/uploads\/2020\/04\/kersti-kangrukoda-2-200x200.jpg\" alt=\"Kersti Kangrukoda | Kersti Kangrukoda\" width=\"200\" height=\"200\" \/><span class=\"su-custom-gallery-title\">Kersti Kangrukoda | Kersti Kangrukoda<\/span><\/a><\/div><div class=\"su-custom-gallery-slide\" style=\"width:200px;height:200px\"><a href=\"https:\/\/poltsamaaloss.ee\/wp-content\/uploads\/2020\/05\/kersti-kangrukoda-sall-eesti-k\u00e4sit\u00f6\u00f6.jpg\" title=\"Kersti Kangrukoda | Kersti Kangrukoda\"><img loading=\"lazy\" decoding=\"async\" src=\"https:\/\/poltsamaaloss.ee\/wp-content\/uploads\/2020\/05\/kersti-kangrukoda-sall-eesti-k\u00e4sit\u00f6\u00f6-200x200.jpg\" alt=\"Kersti Kangrukoda | Kersti Kangrukoda\" width=\"200\" height=\"200\" \/><span class=\"su-custom-gallery-title\">Kersti Kangrukoda | Kersti Kangrukoda<\/span><\/a><\/div><div class=\"su-custom-gallery-slide\" style=\"width:200px;height:200px\"><a href=\"https:\/\/poltsamaaloss.ee\/wp-content\/uploads\/2020\/05\/kersti-kangrukoda-eesti-k\u00e4sit\u00f6\u00f6.jpg\" title=\"Kersti Kangrukoda | Kersti Kangrukoda\"><img loading=\"lazy\" decoding=\"async\" src=\"https:\/\/poltsamaaloss.ee\/wp-content\/uploads\/2020\/05\/kersti-kangrukoda-eesti-k\u00e4sit\u00f6\u00f6-200x200.jpg\" alt=\"Kersti Kangrukoda | Kersti Kangrukoda\" width=\"200\" height=\"200\" \/><span class=\"su-custom-gallery-title\">Kersti Kangrukoda | Kersti Kangrukoda<\/span><\/a><\/div><div class=\"su-custom-gallery-slide\" style=\"width:200px;height:200px\"><a href=\"https:\/\/poltsamaaloss.ee\/wp-content\/uploads\/2020\/05\/kersti-kangrukoda-vaip-eesti-k\u00e4sit\u00f6\u00f6.jpg\" title=\"Kersti Kangrukoda | Kersti Kangrukoda\"><img loading=\"lazy\" decoding=\"async\" src=\"https:\/\/poltsamaaloss.ee\/wp-content\/uploads\/2020\/05\/kersti-kangrukoda-vaip-eesti-k\u00e4sit\u00f6\u00f6-200x200.jpg\" alt=\"Kersti Kangrukoda | Kersti Kangrukoda\" width=\"200\" height=\"200\" \/><span class=\"su-custom-gallery-title\">Kersti Kangrukoda | Kersti Kangrukoda<\/span><\/a><\/div><div class=\"su-custom-gallery-slide\" style=\"width:200px;height:200px\"><a href=\"https:\/\/poltsamaaloss.ee\/wp-content\/uploads\/2020\/05\/p\u00f5ltsamaa-muuseum-p\u00f5ltsamaa-portselan.jpg\" title=\"P\u00f5ltsamaa portselan P\u00f5ltsamaa muuseumis | Liina Laurikainen-P\u00e4ri\"><img loading=\"lazy\" decoding=\"async\" src=\"https:\/\/poltsamaaloss.ee\/wp-content\/uploads\/2020\/05\/p\u00f5ltsamaa-muuseum-p\u00f5ltsamaa-portselan-200x200.jpg\" alt=\"P\u00f5ltsamaa portselan P\u00f5ltsamaa muuseumis | Liina Laurikainen-P\u00e4ri\" width=\"200\" height=\"200\" \/><span class=\"su-custom-gallery-title\">P\u00f5ltsamaa portselan P\u00f5ltsamaa muuseumis | Liina Laurikainen-P\u00e4ri<\/span><\/a><\/div><div class=\"su-custom-gallery-slide\" style=\"width:200px;height:200px\"><a href=\"https:\/\/poltsamaaloss.ee\/wp-content\/uploads\/2020\/05\/p\u00f5ltsamaa-muuseum-p\u00f5ltsamaa-suudlus.jpg\" title=\"P\u00f5ltsamaa suudlus P\u00f5ltsamaa muuseumis | Liina Laurikainen-P\u00e4ri\"><img loading=\"lazy\" decoding=\"async\" src=\"https:\/\/poltsamaaloss.ee\/wp-content\/uploads\/2020\/05\/p\u00f5ltsamaa-muuseum-p\u00f5ltsamaa-suudlus-200x200.jpg\" alt=\"P\u00f5ltsamaa suudlus P\u00f5ltsamaa muuseumis | Liina Laurikainen-P\u00e4ri\" width=\"200\" height=\"200\" \/><span class=\"su-custom-gallery-title\">P\u00f5ltsamaa suudlus P\u00f5ltsamaa muuseumis | Liina Laurikainen-P\u00e4ri<\/span><\/a><\/div><div class=\"su-custom-gallery-slide\" style=\"width:200px;height:200px\"><a href=\"https:\/\/poltsamaaloss.ee\/wp-content\/uploads\/2020\/05\/p\u00f5ltsamaa-kunstikool-kustikeskus.jpg\" title=\"Kunstikeskus | Liina Laurikainen-P\u00e4ri\"><img loading=\"lazy\" decoding=\"async\" src=\"https:\/\/poltsamaaloss.ee\/wp-content\/uploads\/2020\/05\/p\u00f5ltsamaa-kunstikool-kustikeskus-200x200.jpg\" alt=\"Kunstikeskus | Liina Laurikainen-P\u00e4ri\" width=\"200\" height=\"200\" \/><span class=\"su-custom-gallery-title\">Kunstikeskus | Liina Laurikainen-P\u00e4ri<\/span><\/a><\/div><div class=\"su-custom-gallery-slide\" style=\"width:200px;height:200px\"><a href=\"https:\/\/poltsamaaloss.ee\/wp-content\/uploads\/2020\/05\/p\u00f5ltsamaa-kunstikool-kunstikeskus-1.jpg\" title=\"Kunstikeskus | Liina Laurikainen-P\u00e4ri\"><img loading=\"lazy\" decoding=\"async\" src=\"https:\/\/poltsamaaloss.ee\/wp-content\/uploads\/2020\/05\/p\u00f5ltsamaa-kunstikool-kunstikeskus-1-200x200.jpg\" alt=\"Kunstikeskus | Liina Laurikainen-P\u00e4ri\" width=\"200\" height=\"200\" \/><span class=\"su-custom-gallery-title\">Kunstikeskus | Liina Laurikainen-P\u00e4ri<\/span><\/a><\/div><div class=\"su-custom-gallery-slide\" style=\"width:200px;height:200px\"><a href=\"https:\/\/poltsamaaloss.ee\/wp-content\/uploads\/2020\/05\/p\u00f5ltsamaa-kunstikool-klaasikoda.jpg\" title=\"Klaasikoda | Liina Laurikainen-P\u00e4ri\"><img loading=\"lazy\" decoding=\"async\" src=\"https:\/\/poltsamaaloss.ee\/wp-content\/uploads\/2020\/05\/p\u00f5ltsamaa-kunstikool-klaasikoda-200x200.jpg\" alt=\"Klaasikoda | Liina Laurikainen-P\u00e4ri\" width=\"200\" height=\"200\" \/><span class=\"su-custom-gallery-title\">Klaasikoda | Liina Laurikainen-P\u00e4ri<\/span><\/a><\/div><div class=\"su-custom-gallery-slide\" style=\"width:200px;height:200px\"><a href=\"https:\/\/poltsamaaloss.ee\/wp-content\/uploads\/2020\/05\/kesk-eesti-kunstigalerii-part.jpg\" title=\"Kesk-Eesti Kunstigalerii pART | Liina Laurikainen-P\u00e4ri\"><img loading=\"lazy\" decoding=\"async\" src=\"https:\/\/poltsamaaloss.ee\/wp-content\/uploads\/2020\/05\/kesk-eesti-kunstigalerii-part-200x200.jpg\" alt=\"Kesk-Eesti Kunstigalerii pART | Liina Laurikainen-P\u00e4ri\" width=\"200\" height=\"200\" \/><span class=\"su-custom-gallery-title\">Kesk-Eesti Kunstigalerii pART | Liina Laurikainen-P\u00e4ri<\/span><\/a><\/div><div class=\"su-custom-gallery-slide\" style=\"width:200px;height:200px\"><a href=\"https:\/\/poltsamaaloss.ee\/wp-content\/uploads\/2020\/05\/kesk-eesti-kunstigalerii-part-1.jpg\" title=\"Kesk-Eesti Kunstigalerii pART | Liina Laurikainen-P\u00e4ri\"><img loading=\"lazy\" decoding=\"async\" src=\"https:\/\/poltsamaaloss.ee\/wp-content\/uploads\/2020\/05\/kesk-eesti-kunstigalerii-part-1-200x200.jpg\" alt=\"Kesk-Eesti Kunstigalerii pART | Liina Laurikainen-P\u00e4ri\" width=\"200\" height=\"200\" \/><span class=\"su-custom-gallery-title\">Kesk-Eesti Kunstigalerii pART | Liina Laurikainen-P\u00e4ri<\/span><\/a><\/div><div class=\"su-custom-gallery-slide\" style=\"width:200px;height:200px\"><a href=\"https:\/\/poltsamaaloss.ee\/wp-content\/uploads\/2020\/05\/kesk-eesti-kunstigalerii-part-2.jpg\" title=\"Kesk-Eesti Kunstigalerii pART | Liina Laurikainen-P\u00e4ri\"><img loading=\"lazy\" decoding=\"async\" src=\"https:\/\/poltsamaaloss.ee\/wp-content\/uploads\/2020\/05\/kesk-eesti-kunstigalerii-part-2-200x200.jpg\" alt=\"Kesk-Eesti Kunstigalerii pART | Liina Laurikainen-P\u00e4ri\" width=\"200\" height=\"200\" \/><span class=\"su-custom-gallery-title\">Kesk-Eesti Kunstigalerii pART | Liina Laurikainen-P\u00e4ri<\/span><\/a><\/div><div class=\"su-custom-gallery-slide\" style=\"width:200px;height:200px\"><a href=\"https:\/\/poltsamaaloss.ee\/wp-content\/uploads\/2020\/05\/p\u00f5ltsamaa-k\u00e4st\u00f6\u00f6seltsi-v\u00e4rkstuba-eesti-k\u00e4sit\u00f6\u00f6.jpg\" title=\"P\u00f5ltsamaa K\u00e4st\u00f6\u00f6seltsi V\u00e4rkstuba | Liina Laurikainen-P\u00e4ri\"><img loading=\"lazy\" decoding=\"async\" src=\"https:\/\/poltsamaaloss.ee\/wp-content\/uploads\/2020\/05\/p\u00f5ltsamaa-k\u00e4st\u00f6\u00f6seltsi-v\u00e4rkstuba-eesti-k\u00e4sit\u00f6\u00f6-200x200.jpg\" alt=\"P\u00f5ltsamaa K\u00e4st\u00f6\u00f6seltsi V\u00e4rkstuba | Liina Laurikainen-P\u00e4ri\" width=\"200\" height=\"200\" \/><span class=\"su-custom-gallery-title\">P\u00f5ltsamaa K\u00e4st\u00f6\u00f6seltsi V\u00e4rkstuba | Liina Laurikainen-P\u00e4ri<\/span><\/a><\/div><div class=\"su-custom-gallery-slide\" style=\"width:200px;height:200px\"><a href=\"https:\/\/poltsamaaloss.ee\/wp-content\/uploads\/2020\/05\/p\u00f5ltsamaa-k\u00e4st\u00f6\u00f6seltsi-v\u00e4rkstuba-karbid-eesti-k\u00e4sit\u00f6\u00f6.jpg\" title=\"P\u00f5ltsamaa K\u00e4st\u00f6\u00f6seltsi V\u00e4rkstuba &#8211; karpide valmistamise t\u00f6\u00f6tuba | | Liina Laurikainen-P\u00e4ri\"><img loading=\"lazy\" decoding=\"async\" src=\"https:\/\/poltsamaaloss.ee\/wp-content\/uploads\/2020\/05\/p\u00f5ltsamaa-k\u00e4st\u00f6\u00f6seltsi-v\u00e4rkstuba-karbid-eesti-k\u00e4sit\u00f6\u00f6-200x200.jpg\" alt=\"P\u00f5ltsamaa K\u00e4st\u00f6\u00f6seltsi V\u00e4rkstuba &#8211; karpide valmistamise t\u00f6\u00f6tuba | | Liina Laurikainen-P\u00e4ri\" width=\"200\" height=\"200\" \/><span class=\"su-custom-gallery-title\">P\u00f5ltsamaa K\u00e4st\u00f6\u00f6seltsi V\u00e4rkstuba &#8211; karpide valmistamise t\u00f6\u00f6tuba | | Liina Laurikainen-P\u00e4ri<\/span><\/a><\/div><div class=\"su-custom-gallery-slide\" style=\"width:200px;height:200px\"><a href=\"https:\/\/poltsamaaloss.ee\/wp-content\/uploads\/2020\/05\/p\u00f5ltsamaa-loss-s\u00fcndmused.jpg\" title=\"Suves\u00fcndmused P\u00f5ltsamaa lossihoovis | Teele Kaeramaa\"><img loading=\"lazy\" decoding=\"async\" src=\"https:\/\/poltsamaaloss.ee\/wp-content\/uploads\/2020\/05\/p\u00f5ltsamaa-loss-s\u00fcndmused-200x200.jpg\" alt=\"Suves\u00fcndmused P\u00f5ltsamaa lossihoovis | Teele Kaeramaa\" width=\"200\" height=\"200\" \/><span class=\"su-custom-gallery-title\">Suves\u00fcndmused P\u00f5ltsamaa lossihoovis | Teele Kaeramaa<\/span><\/a><\/div><div class=\"su-custom-gallery-slide\" style=\"width:200px;height:200px\"><a href=\"https:\/\/poltsamaaloss.ee\/wp-content\/uploads\/2020\/05\/p\u00f5ltsamaa-loss.jpg\" title=\"P\u00f5ltsamaa loss | Liina Laurikainen-P\u00e4ri\"><img loading=\"lazy\" decoding=\"async\" src=\"https:\/\/poltsamaaloss.ee\/wp-content\/uploads\/2020\/05\/p\u00f5ltsamaa-loss-200x200.jpg\" alt=\"P\u00f5ltsamaa loss | Liina Laurikainen-P\u00e4ri\" width=\"200\" height=\"200\" \/><span class=\"su-custom-gallery-title\">P\u00f5ltsamaa loss | Liina Laurikainen-P\u00e4ri<\/span><\/a><\/div><div class=\"su-clear\"><\/div><\/div>\n","protected":false},"excerpt":{"rendered":"","protected":false},"author":2,"featured_media":0,"parent":0,"menu_order":0,"comment_status":"closed","ping_status":"closed","template":"","meta":{"footnotes":""},"class_list":["post-2044","page","type-page","status-publish","hentry"],"yoast_head":"<!-- This site is optimized with the Yoast SEO plugin v27.5 - https:\/\/yoast.com\/product\/yoast-seo-wordpress\/ -->\n<title>Gallery - P&otilde;ltsamaa loss<\/title>\n<meta name=\"robots\" content=\"index, follow, max-snippet:-1, max-image-preview:large, max-video-preview:-1\" \/>\n<link rel=\"canonical\" href=\"https:\/\/poltsamaaloss.ee\/en\/gallery\/\" \/>\n<meta property=\"og:locale\" content=\"en_US\" \/>\n<meta property=\"og:type\" content=\"article\" \/>\n<meta property=\"og:title\" content=\"Gallery - P&otilde;ltsamaa loss\" \/>\n<meta property=\"og:url\" content=\"https:\/\/poltsamaaloss.ee\/en\/gallery\/\" \/>\n<meta property=\"og:site_name\" content=\"P&otilde;ltsamaa loss\" \/>\n<meta name=\"twitter:card\" content=\"summary_large_image\" \/>\n<meta name=\"twitter:label1\" content=\"Est. reading time\" \/>\n\t<meta name=\"twitter:data1\" content=\"1 minute\" \/>\n<script type=\"application\/ld+json\" class=\"yoast-schema-graph\">{\"@context\":\"https:\\\/\\\/schema.org\",\"@graph\":[{\"@type\":\"WebPage\",\"@id\":\"https:\\\/\\\/poltsamaaloss.ee\\\/en\\\/gallery\\\/\",\"url\":\"https:\\\/\\\/poltsamaaloss.ee\\\/en\\\/gallery\\\/\",\"name\":\"Gallery - P&otilde;ltsamaa loss\",\"isPartOf\":{\"@id\":\"https:\\\/\\\/poltsamaaloss.ee\\\/en\\\/#website\"},\"datePublished\":\"2022-01-04T11:53:06+00:00\",\"breadcrumb\":{\"@id\":\"https:\\\/\\\/poltsamaaloss.ee\\\/en\\\/gallery\\\/#breadcrumb\"},\"inLanguage\":\"en-US\",\"potentialAction\":[{\"@type\":\"ReadAction\",\"target\":[\"https:\\\/\\\/poltsamaaloss.ee\\\/en\\\/gallery\\\/\"]}]},{\"@type\":\"BreadcrumbList\",\"@id\":\"https:\\\/\\\/poltsamaaloss.ee\\\/en\\\/gallery\\\/#breadcrumb\",\"itemListElement\":[{\"@type\":\"ListItem\",\"position\":1,\"name\":\"Home\",\"item\":\"https:\\\/\\\/poltsamaaloss.ee\\\/en\\\/home\\\/\"},{\"@type\":\"ListItem\",\"position\":2,\"name\":\"Gallery\"}]},{\"@type\":\"WebSite\",\"@id\":\"https:\\\/\\\/poltsamaaloss.ee\\\/en\\\/#website\",\"url\":\"https:\\\/\\\/poltsamaaloss.ee\\\/en\\\/\",\"name\":\"P\u00f5ltsamaa loss\",\"description\":\"\",\"publisher\":{\"@id\":\"https:\\\/\\\/poltsamaaloss.ee\\\/en\\\/#organization\"},\"potentialAction\":[{\"@type\":\"SearchAction\",\"target\":{\"@type\":\"EntryPoint\",\"urlTemplate\":\"https:\\\/\\\/poltsamaaloss.ee\\\/en\\\/?s={search_term_string}\"},\"query-input\":{\"@type\":\"PropertyValueSpecification\",\"valueRequired\":true,\"valueName\":\"search_term_string\"}}],\"inLanguage\":\"en-US\"},{\"@type\":\"Organization\",\"@id\":\"https:\\\/\\\/poltsamaaloss.ee\\\/en\\\/#organization\",\"name\":\"P\u00f5ltsamaa castle\",\"url\":\"https:\\\/\\\/poltsamaaloss.ee\\\/en\\\/\",\"logo\":{\"@type\":\"ImageObject\",\"inLanguage\":\"en-US\",\"@id\":\"https:\\\/\\\/poltsamaaloss.ee\\\/en\\\/#\\\/schema\\\/logo\\\/image\\\/\",\"url\":\"https:\\\/\\\/poltsamaaloss.ee\\\/wp-content\\\/uploads\\\/2020\\\/10\\\/poltsamaa-loss-logo.png\",\"contentUrl\":\"https:\\\/\\\/poltsamaaloss.ee\\\/wp-content\\\/uploads\\\/2020\\\/10\\\/poltsamaa-loss-logo.png\",\"width\":1035,\"height\":690,\"caption\":\"P\u00f5ltsamaa castle\"},\"image\":{\"@id\":\"https:\\\/\\\/poltsamaaloss.ee\\\/en\\\/#\\\/schema\\\/logo\\\/image\\\/\"}}]}<\/script>\n<!-- \/ Yoast SEO plugin. -->","yoast_head_json":{"title":"Gallery - P&otilde;ltsamaa loss","robots":{"index":"index","follow":"follow","max-snippet":"max-snippet:-1","max-image-preview":"max-image-preview:large","max-video-preview":"max-video-preview:-1"},"canonical":"https:\/\/poltsamaaloss.ee\/en\/gallery\/","og_locale":"en_US","og_type":"article","og_title":"Gallery - P&otilde;ltsamaa loss","og_url":"https:\/\/poltsamaaloss.ee\/en\/gallery\/","og_site_name":"P&otilde;ltsamaa loss","twitter_card":"summary_large_image","twitter_misc":{"Est. reading time":"1 minute"},"schema":{"@context":"https:\/\/schema.org","@graph":[{"@type":"WebPage","@id":"https:\/\/poltsamaaloss.ee\/en\/gallery\/","url":"https:\/\/poltsamaaloss.ee\/en\/gallery\/","name":"Gallery - P&otilde;ltsamaa loss","isPartOf":{"@id":"https:\/\/poltsamaaloss.ee\/en\/#website"},"datePublished":"2022-01-04T11:53:06+00:00","breadcrumb":{"@id":"https:\/\/poltsamaaloss.ee\/en\/gallery\/#breadcrumb"},"inLanguage":"en-US","potentialAction":[{"@type":"ReadAction","target":["https:\/\/poltsamaaloss.ee\/en\/gallery\/"]}]},{"@type":"BreadcrumbList","@id":"https:\/\/poltsamaaloss.ee\/en\/gallery\/#breadcrumb","itemListElement":[{"@type":"ListItem","position":1,"name":"Home","item":"https:\/\/poltsamaaloss.ee\/en\/home\/"},{"@type":"ListItem","position":2,"name":"Gallery"}]},{"@type":"WebSite","@id":"https:\/\/poltsamaaloss.ee\/en\/#website","url":"https:\/\/poltsamaaloss.ee\/en\/","name":"P\u00f5ltsamaa loss","description":"","publisher":{"@id":"https:\/\/poltsamaaloss.ee\/en\/#organization"},"potentialAction":[{"@type":"SearchAction","target":{"@type":"EntryPoint","urlTemplate":"https:\/\/poltsamaaloss.ee\/en\/?s={search_term_string}"},"query-input":{"@type":"PropertyValueSpecification","valueRequired":true,"valueName":"search_term_string"}}],"inLanguage":"en-US"},{"@type":"Organization","@id":"https:\/\/poltsamaaloss.ee\/en\/#organization","name":"P\u00f5ltsamaa castle","url":"https:\/\/poltsamaaloss.ee\/en\/","logo":{"@type":"ImageObject","inLanguage":"en-US","@id":"https:\/\/poltsamaaloss.ee\/en\/#\/schema\/logo\/image\/","url":"https:\/\/poltsamaaloss.ee\/wp-content\/uploads\/2020\/10\/poltsamaa-loss-logo.png","contentUrl":"https:\/\/poltsamaaloss.ee\/wp-content\/uploads\/2020\/10\/poltsamaa-loss-logo.png","width":1035,"height":690,"caption":"P\u00f5ltsamaa castle"},"image":{"@id":"https:\/\/poltsamaaloss.ee\/en\/#\/schema\/logo\/image\/"}}]}},"_links":{"self":[{"href":"https:\/\/poltsamaaloss.ee\/en\/wp-json\/wp\/v2\/pages\/2044","targetHints":{"allow":["GET"]}}],"collection":[{"href":"https:\/\/poltsamaaloss.ee\/en\/wp-json\/wp\/v2\/pages"}],"about":[{"href":"https:\/\/poltsamaaloss.ee\/en\/wp-json\/wp\/v2\/types\/page"}],"author":[{"embeddable":true,"href":"https:\/\/poltsamaaloss.ee\/en\/wp-json\/wp\/v2\/users\/2"}],"replies":[{"embeddable":true,"href":"https:\/\/poltsamaaloss.ee\/en\/wp-json\/wp\/v2\/comments?post=2044"}],"version-history":[{"count":1,"href":"https:\/\/poltsamaaloss.ee\/en\/wp-json\/wp\/v2\/pages\/2044\/revisions"}],"predecessor-version":[{"id":2045,"href":"https:\/\/poltsamaaloss.ee\/en\/wp-json\/wp\/v2\/pages\/2044\/revisions\/2045"}],"wp:attachment":[{"href":"https:\/\/poltsamaaloss.ee\/en\/wp-json\/wp\/v2\/media?parent=2044"}],"curies":[{"name":"wp","href":"https:\/\/api.w.org\/{rel}","templated":true}]}}