{"id":2040,"date":"2022-01-04T11:51:26","date_gmt":"2022-01-04T11:51:26","guid":{"rendered":"https:\/\/poltsamaaloss.ee\/?page_id=2040"},"modified":"2022-01-04T11:51:26","modified_gmt":"2022-01-04T11:51:26","slug":"linnus-card","status":"publish","type":"page","link":"https:\/\/poltsamaaloss.ee\/en\/linnus-card\/","title":{"rendered":"Linnus+ card"},"content":{"rendered":"<p data-fontsize=\"20\" data-lineheight=\"30\"><strong>Kaardiga on sissep\u00e4\u00e4s Eesti linnusemuuseumidesse 20% soodsam! K\u00fcsi tasuta kaarti linnuste kassadest.<\/strong><\/p>\n<p>Kaart kehtib j\u00e4rgmistes linnustes:<\/p>\n\n\n<div class=\"wp-block-columns is-layout-flex wp-container-core-columns-is-layout-9d6595d7 wp-block-columns-is-layout-flex\">\n<div class=\"wp-block-column is-layout-flow wp-block-column-is-layout-flow\" style=\"flex-basis:33.33%\"><\/div>\n\n\n\n<div class=\"wp-block-column is-layout-flow wp-block-column-is-layout-flow\" style=\"flex-basis:66.66%\"><\/div>\n<\/div>\n\n\n\n<div class=\"wp-block-columns is-layout-flex wp-container-core-columns-is-layout-9d6595d7 wp-block-columns-is-layout-flex\">\n<div class=\"wp-block-column is-layout-flow wp-block-column-is-layout-flow\">\n<p style=\"text-align: center;\"><a href=\"http:\/\/www.poltsamaaloss.ee\"><strong>P\u00f5ltsamaa loss<\/strong><\/a><br><strong><img loading=\"lazy\" decoding=\"async\" class=\"alignnone size-medium wp-image-1810\" src=\"https:\/\/poltsamaaloss.ee\/wp-content\/uploads\/2020\/07\/p\u00f5ltsamaalosspluss-300x188.png\" alt=\"\" width=\"300\" height=\"188\" srcset=\"https:\/\/poltsamaaloss.ee\/wp-content\/uploads\/2020\/07\/p\u00f5ltsamaalosspluss-300x188.png 300w, https:\/\/poltsamaaloss.ee\/wp-content\/uploads\/2020\/07\/p\u00f5ltsamaalosspluss-320x200.png 320w, https:\/\/poltsamaaloss.ee\/wp-content\/uploads\/2020\/07\/p\u00f5ltsamaalosspluss.png 400w\" sizes=\"auto, (max-width: 300px) 100vw, 300px\" \/><\/strong><br><strong>20% soodustus kehtib:&nbsp;<\/strong><br>\u2013 kaardi omanikule<br>\u2013 perepiletile<\/p>\n\n\n\n<p style=\"text-align: center;\"><a href=\"http:\/\/www.saaremaamuuseum.ee\/\" target=\"_blank\" rel=\"noopener noreferrer\"><strong>Kuressaare linnus<\/strong><\/a><br><strong><img loading=\"lazy\" decoding=\"async\" class=\"alignnone size-medium wp-image-1814\" src=\"https:\/\/poltsamaaloss.ee\/wp-content\/uploads\/2020\/07\/kuressaarelinnus-300x188.jpg\" alt=\"\" width=\"300\" height=\"188\" srcset=\"https:\/\/poltsamaaloss.ee\/wp-content\/uploads\/2020\/07\/kuressaarelinnus-300x188.jpg 300w, https:\/\/poltsamaaloss.ee\/wp-content\/uploads\/2020\/07\/kuressaarelinnus-320x200.jpg 320w, https:\/\/poltsamaaloss.ee\/wp-content\/uploads\/2020\/07\/kuressaarelinnus.jpg 400w\" sizes=\"auto, (max-width: 300px) 100vw, 300px\" \/><\/strong><br><strong>20% soodustus kehtib:<\/strong><br>\u2013 kaardi omanikule ja temaga kaasas<br>olevale kuni 9-le inimesele<\/p>\n<\/div>\n\n\n\n<div class=\"wp-block-column is-layout-flow wp-block-column-is-layout-flow\">\n<p style=\"text-align: center;\"><a href=\"https:\/\/wittenstein.ee\/\" target=\"_blank\" rel=\"noopener noreferrer\"><strong>Ajakeskus Wittenstein<\/strong><\/a><br><img loading=\"lazy\" decoding=\"async\" class=\"alignnone size-medium wp-image-1816\" src=\"https:\/\/poltsamaaloss.ee\/wp-content\/uploads\/2020\/07\/ajakeskuswittenstein-300x188.jpg\" alt=\"\" width=\"300\" height=\"188\" srcset=\"https:\/\/poltsamaaloss.ee\/wp-content\/uploads\/2020\/07\/ajakeskuswittenstein-300x188.jpg 300w, https:\/\/poltsamaaloss.ee\/wp-content\/uploads\/2020\/07\/ajakeskuswittenstein-320x200.jpg 320w, https:\/\/poltsamaaloss.ee\/wp-content\/uploads\/2020\/07\/ajakeskuswittenstein.jpg 400w\" sizes=\"auto, (max-width: 300px) 100vw, 300px\" \/><br><strong>20% soodustus kehtib:<\/strong><br>\u2013 kaardi omanikule<br>ja tema perele<\/p>\n\n\n\n<p style=\"text-align: center;\"><a href=\"https:\/\/www.narvamuuseum.ee\/\" target=\"_blank\" rel=\"noopener noreferrer\"><strong>Narva linnus<\/strong><\/a><br><strong><img loading=\"lazy\" decoding=\"async\" class=\"alignnone size-medium wp-image-1813\" src=\"https:\/\/poltsamaaloss.ee\/wp-content\/uploads\/2020\/07\/narvalinnus-300x188.jpg\" alt=\"\" width=\"300\" height=\"188\" srcset=\"https:\/\/poltsamaaloss.ee\/wp-content\/uploads\/2020\/07\/narvalinnus-300x188.jpg 300w, https:\/\/poltsamaaloss.ee\/wp-content\/uploads\/2020\/07\/narvalinnus-320x200.jpg 320w, https:\/\/poltsamaaloss.ee\/wp-content\/uploads\/2020\/07\/narvalinnus.jpg 400w\" sizes=\"auto, (max-width: 300px) 100vw, 300px\" \/><\/strong><br><strong>20% soodustus kehtib:<\/strong><br>\u2013&nbsp; kaardi omanikule<br>\u2013 perepiletile<\/p>\n\n\n\n<p style=\"text-align: center;\"><a href=\"https:\/\/vastseliinalinnus.ee\/\" target=\"_blank\" rel=\"noopener noreferrer\"><strong>Vastseliina linnus<\/strong><\/a><br><img loading=\"lazy\" decoding=\"async\" class=\"alignnone size-medium wp-image-1811\" src=\"https:\/\/poltsamaaloss.ee\/wp-content\/uploads\/2020\/07\/vastseliinalinnus-300x188.jpg\" alt=\"\" width=\"300\" height=\"188\" srcset=\"https:\/\/poltsamaaloss.ee\/wp-content\/uploads\/2020\/07\/vastseliinalinnus-300x188.jpg 300w, https:\/\/poltsamaaloss.ee\/wp-content\/uploads\/2020\/07\/vastseliinalinnus-320x200.jpg 320w, https:\/\/poltsamaaloss.ee\/wp-content\/uploads\/2020\/07\/vastseliinalinnus.jpg 400w\" sizes=\"auto, (max-width: 300px) 100vw, 300px\" \/><br><strong>20% soodustus kehtib:<\/strong><br>\u2013 kaardi omanikule<br>\u2013 perepiletile<\/p>\n\n\n\n<p><\/p>\n<\/div>\n\n\n\n<div class=\"wp-block-column is-layout-flow wp-block-column-is-layout-flow\">\n<p style=\"text-align: center;\"><a href=\"https:\/\/linnus.salm.ee\/\" target=\"_blank\" rel=\"noopener noreferrer\"><strong>Haapsalu linnus<\/strong><\/a><br><img loading=\"lazy\" decoding=\"async\" class=\"alignnone size-full wp-image-1815\" src=\"https:\/\/poltsamaaloss.ee\/wp-content\/uploads\/2020\/07\/haapsalulinnus.jpg\" alt=\"\" width=\"300\" height=\"200\"><br><strong>20% soodustus kehtib:<\/strong><br>\u2013 kaardi omanikule ja tema kaaslastele<br>\u2013 perepiletile; \u2013 grupile<\/p>\n\n\n\n<p style=\"text-align: center;\"><a href=\"http:\/\/rakverelinnus.ee\/\" target=\"_blank\" rel=\"noopener noreferrer\"><strong>Rakvere linnus<\/strong><\/a><br><img loading=\"lazy\" decoding=\"async\" class=\"alignnone size-medium wp-image-1812\" src=\"https:\/\/poltsamaaloss.ee\/wp-content\/uploads\/2020\/07\/rakverelinnus-300x188.jpg\" alt=\"\" width=\"300\" height=\"188\" srcset=\"https:\/\/poltsamaaloss.ee\/wp-content\/uploads\/2020\/07\/rakverelinnus-300x188.jpg 300w, https:\/\/poltsamaaloss.ee\/wp-content\/uploads\/2020\/07\/rakverelinnus-320x200.jpg 320w, https:\/\/poltsamaaloss.ee\/wp-content\/uploads\/2020\/07\/rakverelinnus.jpg 400w\" sizes=\"auto, (max-width: 300px) 100vw, 300px\" \/><br><strong>20% soodustus kehtib:<\/strong><br>\u2013 kaardi omanikule<\/p>\n<\/div>\n<\/div>\n\n\n\n<div class=\"wp-block-image\"><figure class=\"aligncenter size-large\"><img loading=\"lazy\" decoding=\"async\" width=\"728\" height=\"1024\" src=\"https:\/\/poltsamaaloss.ee\/wp-content\/uploads\/2020\/07\/linnusplakat-728x1024.jpg\" alt=\"\" class=\"wp-image-1809\" srcset=\"https:\/\/poltsamaaloss.ee\/wp-content\/uploads\/2020\/07\/linnusplakat-728x1024.jpg 728w, https:\/\/poltsamaaloss.ee\/wp-content\/uploads\/2020\/07\/linnusplakat-213x300.jpg 213w, https:\/\/poltsamaaloss.ee\/wp-content\/uploads\/2020\/07\/linnusplakat-768x1080.jpg 768w, https:\/\/poltsamaaloss.ee\/wp-content\/uploads\/2020\/07\/linnusplakat-1092x1536.jpg 1092w, https:\/\/poltsamaaloss.ee\/wp-content\/uploads\/2020\/07\/linnusplakat-142x200.jpg 142w, https:\/\/poltsamaaloss.ee\/wp-content\/uploads\/2020\/07\/linnusplakat.jpg 1422w\" sizes=\"auto, (max-width: 728px) 100vw, 728px\" \/><\/figure><\/div>\n","protected":false},"excerpt":{"rendered":"<p>Kaardiga on sissep\u00e4\u00e4s Eesti linnusemuuseumidesse 20% soodsam! K\u00fcsi tasuta kaarti linnuste kassadest. Kaart kehtib j\u00e4rgmistes linnustes: P\u00f5ltsamaa loss20% soodustus kehtib:&nbsp;\u2013 kaardi omanikule\u2013 perepiletile Kuressaare linnus20% soodustus kehtib:\u2013 kaardi omanikule ja temaga kaasasolevale kuni 9-le inimesele Ajakeskus Wittenstein20% soodustus kehtib:\u2013 kaardi omanikuleja tema perele Narva linnus20% soodustus kehtib:\u2013&nbsp; kaardi omanikule\u2013 perepiletile &hellip;<\/p>\n","protected":false},"author":2,"featured_media":0,"parent":0,"menu_order":0,"comment_status":"closed","ping_status":"closed","template":"","meta":{"footnotes":""},"class_list":["post-2040","page","type-page","status-publish","hentry"],"yoast_head":"<!-- This site is optimized with the Yoast SEO plugin v27.3 - https:\/\/yoast.com\/product\/yoast-seo-wordpress\/ -->\n<title>Linnus+ card - P&otilde;ltsamaa loss<\/title>\n<meta name=\"robots\" content=\"index, follow, max-snippet:-1, max-image-preview:large, max-video-preview:-1\" \/>\n<link rel=\"canonical\" href=\"https:\/\/poltsamaaloss.ee\/en\/linnus-card\/\" \/>\n<meta property=\"og:locale\" content=\"en_US\" \/>\n<meta property=\"og:type\" content=\"article\" \/>\n<meta property=\"og:title\" content=\"Linnus+ card - P&otilde;ltsamaa loss\" \/>\n<meta property=\"og:description\" content=\"Kaardiga on sissep\u00e4\u00e4s Eesti linnusemuuseumidesse 20% soodsam! K\u00fcsi tasuta kaarti linnuste kassadest. Kaart kehtib j\u00e4rgmistes linnustes: P\u00f5ltsamaa loss20% soodustus kehtib:&nbsp;\u2013 kaardi omanikule\u2013 perepiletile Kuressaare linnus20% soodustus kehtib:\u2013 kaardi omanikule ja temaga kaasasolevale kuni 9-le inimesele Ajakeskus Wittenstein20% soodustus kehtib:\u2013 kaardi omanikuleja tema perele Narva linnus20% soodustus kehtib:\u2013&nbsp; kaardi omanikule\u2013 perepiletile &hellip;\" \/>\n<meta property=\"og:url\" content=\"https:\/\/poltsamaaloss.ee\/en\/linnus-card\/\" \/>\n<meta property=\"og:site_name\" content=\"P&otilde;ltsamaa loss\" \/>\n<meta property=\"og:image\" content=\"https:\/\/poltsamaaloss.ee\/wp-content\/uploads\/2020\/07\/p\u00f5ltsamaalosspluss-300x188.png\" \/>\n<meta name=\"twitter:card\" content=\"summary_large_image\" \/>\n<meta name=\"twitter:label1\" content=\"Est. reading time\" \/>\n\t<meta name=\"twitter:data1\" content=\"3 minutes\" \/>\n<script type=\"application\/ld+json\" class=\"yoast-schema-graph\">{\"@context\":\"https:\\\/\\\/schema.org\",\"@graph\":[{\"@type\":\"WebPage\",\"@id\":\"https:\\\/\\\/poltsamaaloss.ee\\\/en\\\/linnus-card\\\/\",\"url\":\"https:\\\/\\\/poltsamaaloss.ee\\\/en\\\/linnus-card\\\/\",\"name\":\"Linnus+ card - P&otilde;ltsamaa loss\",\"isPartOf\":{\"@id\":\"https:\\\/\\\/poltsamaaloss.ee\\\/en\\\/#website\"},\"primaryImageOfPage\":{\"@id\":\"https:\\\/\\\/poltsamaaloss.ee\\\/en\\\/linnus-card\\\/#primaryimage\"},\"image\":{\"@id\":\"https:\\\/\\\/poltsamaaloss.ee\\\/en\\\/linnus-card\\\/#primaryimage\"},\"thumbnailUrl\":\"https:\\\/\\\/poltsamaaloss.ee\\\/wp-content\\\/uploads\\\/2020\\\/07\\\/kuressaarelinnus-300x188.jpg\",\"datePublished\":\"2022-01-04T11:51:26+00:00\",\"breadcrumb\":{\"@id\":\"https:\\\/\\\/poltsamaaloss.ee\\\/en\\\/linnus-card\\\/#breadcrumb\"},\"inLanguage\":\"en-US\",\"potentialAction\":[{\"@type\":\"ReadAction\",\"target\":[\"https:\\\/\\\/poltsamaaloss.ee\\\/en\\\/linnus-card\\\/\"]}]},{\"@type\":\"ImageObject\",\"inLanguage\":\"en-US\",\"@id\":\"https:\\\/\\\/poltsamaaloss.ee\\\/en\\\/linnus-card\\\/#primaryimage\",\"url\":\"https:\\\/\\\/poltsamaaloss.ee\\\/wp-content\\\/uploads\\\/2020\\\/07\\\/kuressaarelinnus-300x188.jpg\",\"contentUrl\":\"https:\\\/\\\/poltsamaaloss.ee\\\/wp-content\\\/uploads\\\/2020\\\/07\\\/kuressaarelinnus-300x188.jpg\"},{\"@type\":\"BreadcrumbList\",\"@id\":\"https:\\\/\\\/poltsamaaloss.ee\\\/en\\\/linnus-card\\\/#breadcrumb\",\"itemListElement\":[{\"@type\":\"ListItem\",\"position\":1,\"name\":\"Home\",\"item\":\"https:\\\/\\\/poltsamaaloss.ee\\\/en\\\/home\\\/\"},{\"@type\":\"ListItem\",\"position\":2,\"name\":\"Linnus+ card\"}]},{\"@type\":\"WebSite\",\"@id\":\"https:\\\/\\\/poltsamaaloss.ee\\\/en\\\/#website\",\"url\":\"https:\\\/\\\/poltsamaaloss.ee\\\/en\\\/\",\"name\":\"P\u00f5ltsamaa loss\",\"description\":\"\",\"publisher\":{\"@id\":\"https:\\\/\\\/poltsamaaloss.ee\\\/en\\\/#organization\"},\"potentialAction\":[{\"@type\":\"SearchAction\",\"target\":{\"@type\":\"EntryPoint\",\"urlTemplate\":\"https:\\\/\\\/poltsamaaloss.ee\\\/en\\\/?s={search_term_string}\"},\"query-input\":{\"@type\":\"PropertyValueSpecification\",\"valueRequired\":true,\"valueName\":\"search_term_string\"}}],\"inLanguage\":\"en-US\"},{\"@type\":\"Organization\",\"@id\":\"https:\\\/\\\/poltsamaaloss.ee\\\/en\\\/#organization\",\"name\":\"P\u00f5ltsamaa castle\",\"url\":\"https:\\\/\\\/poltsamaaloss.ee\\\/en\\\/\",\"logo\":{\"@type\":\"ImageObject\",\"inLanguage\":\"en-US\",\"@id\":\"https:\\\/\\\/poltsamaaloss.ee\\\/en\\\/#\\\/schema\\\/logo\\\/image\\\/\",\"url\":\"https:\\\/\\\/poltsamaaloss.ee\\\/wp-content\\\/uploads\\\/2020\\\/10\\\/poltsamaa-loss-logo.png\",\"contentUrl\":\"https:\\\/\\\/poltsamaaloss.ee\\\/wp-content\\\/uploads\\\/2020\\\/10\\\/poltsamaa-loss-logo.png\",\"width\":1035,\"height\":690,\"caption\":\"P\u00f5ltsamaa castle\"},\"image\":{\"@id\":\"https:\\\/\\\/poltsamaaloss.ee\\\/en\\\/#\\\/schema\\\/logo\\\/image\\\/\"}}]}<\/script>\n<!-- \/ Yoast SEO plugin. -->","yoast_head_json":{"title":"Linnus+ card - P&otilde;ltsamaa loss","robots":{"index":"index","follow":"follow","max-snippet":"max-snippet:-1","max-image-preview":"max-image-preview:large","max-video-preview":"max-video-preview:-1"},"canonical":"https:\/\/poltsamaaloss.ee\/en\/linnus-card\/","og_locale":"en_US","og_type":"article","og_title":"Linnus+ card - P&otilde;ltsamaa loss","og_description":"Kaardiga on sissep\u00e4\u00e4s Eesti linnusemuuseumidesse 20% soodsam! K\u00fcsi tasuta kaarti linnuste kassadest. Kaart kehtib j\u00e4rgmistes linnustes: P\u00f5ltsamaa loss20% soodustus kehtib:&nbsp;\u2013 kaardi omanikule\u2013 perepiletile Kuressaare linnus20% soodustus kehtib:\u2013 kaardi omanikule ja temaga kaasasolevale kuni 9-le inimesele Ajakeskus Wittenstein20% soodustus kehtib:\u2013 kaardi omanikuleja tema perele Narva linnus20% soodustus kehtib:\u2013&nbsp; kaardi omanikule\u2013 perepiletile &hellip;","og_url":"https:\/\/poltsamaaloss.ee\/en\/linnus-card\/","og_site_name":"P&otilde;ltsamaa loss","og_image":[{"url":"https:\/\/poltsamaaloss.ee\/wp-content\/uploads\/2020\/07\/p\u00f5ltsamaalosspluss-300x188.png","type":"","width":"","height":""}],"twitter_card":"summary_large_image","twitter_misc":{"Est. reading time":"3 minutes"},"schema":{"@context":"https:\/\/schema.org","@graph":[{"@type":"WebPage","@id":"https:\/\/poltsamaaloss.ee\/en\/linnus-card\/","url":"https:\/\/poltsamaaloss.ee\/en\/linnus-card\/","name":"Linnus+ card - P&otilde;ltsamaa loss","isPartOf":{"@id":"https:\/\/poltsamaaloss.ee\/en\/#website"},"primaryImageOfPage":{"@id":"https:\/\/poltsamaaloss.ee\/en\/linnus-card\/#primaryimage"},"image":{"@id":"https:\/\/poltsamaaloss.ee\/en\/linnus-card\/#primaryimage"},"thumbnailUrl":"https:\/\/poltsamaaloss.ee\/wp-content\/uploads\/2020\/07\/kuressaarelinnus-300x188.jpg","datePublished":"2022-01-04T11:51:26+00:00","breadcrumb":{"@id":"https:\/\/poltsamaaloss.ee\/en\/linnus-card\/#breadcrumb"},"inLanguage":"en-US","potentialAction":[{"@type":"ReadAction","target":["https:\/\/poltsamaaloss.ee\/en\/linnus-card\/"]}]},{"@type":"ImageObject","inLanguage":"en-US","@id":"https:\/\/poltsamaaloss.ee\/en\/linnus-card\/#primaryimage","url":"https:\/\/poltsamaaloss.ee\/wp-content\/uploads\/2020\/07\/kuressaarelinnus-300x188.jpg","contentUrl":"https:\/\/poltsamaaloss.ee\/wp-content\/uploads\/2020\/07\/kuressaarelinnus-300x188.jpg"},{"@type":"BreadcrumbList","@id":"https:\/\/poltsamaaloss.ee\/en\/linnus-card\/#breadcrumb","itemListElement":[{"@type":"ListItem","position":1,"name":"Home","item":"https:\/\/poltsamaaloss.ee\/en\/home\/"},{"@type":"ListItem","position":2,"name":"Linnus+ card"}]},{"@type":"WebSite","@id":"https:\/\/poltsamaaloss.ee\/en\/#website","url":"https:\/\/poltsamaaloss.ee\/en\/","name":"P\u00f5ltsamaa loss","description":"","publisher":{"@id":"https:\/\/poltsamaaloss.ee\/en\/#organization"},"potentialAction":[{"@type":"SearchAction","target":{"@type":"EntryPoint","urlTemplate":"https:\/\/poltsamaaloss.ee\/en\/?s={search_term_string}"},"query-input":{"@type":"PropertyValueSpecification","valueRequired":true,"valueName":"search_term_string"}}],"inLanguage":"en-US"},{"@type":"Organization","@id":"https:\/\/poltsamaaloss.ee\/en\/#organization","name":"P\u00f5ltsamaa castle","url":"https:\/\/poltsamaaloss.ee\/en\/","logo":{"@type":"ImageObject","inLanguage":"en-US","@id":"https:\/\/poltsamaaloss.ee\/en\/#\/schema\/logo\/image\/","url":"https:\/\/poltsamaaloss.ee\/wp-content\/uploads\/2020\/10\/poltsamaa-loss-logo.png","contentUrl":"https:\/\/poltsamaaloss.ee\/wp-content\/uploads\/2020\/10\/poltsamaa-loss-logo.png","width":1035,"height":690,"caption":"P\u00f5ltsamaa castle"},"image":{"@id":"https:\/\/poltsamaaloss.ee\/en\/#\/schema\/logo\/image\/"}}]}},"_links":{"self":[{"href":"https:\/\/poltsamaaloss.ee\/en\/wp-json\/wp\/v2\/pages\/2040","targetHints":{"allow":["GET"]}}],"collection":[{"href":"https:\/\/poltsamaaloss.ee\/en\/wp-json\/wp\/v2\/pages"}],"about":[{"href":"https:\/\/poltsamaaloss.ee\/en\/wp-json\/wp\/v2\/types\/page"}],"author":[{"embeddable":true,"href":"https:\/\/poltsamaaloss.ee\/en\/wp-json\/wp\/v2\/users\/2"}],"replies":[{"embeddable":true,"href":"https:\/\/poltsamaaloss.ee\/en\/wp-json\/wp\/v2\/comments?post=2040"}],"version-history":[{"count":1,"href":"https:\/\/poltsamaaloss.ee\/en\/wp-json\/wp\/v2\/pages\/2040\/revisions"}],"predecessor-version":[{"id":2041,"href":"https:\/\/poltsamaaloss.ee\/en\/wp-json\/wp\/v2\/pages\/2040\/revisions\/2041"}],"wp:attachment":[{"href":"https:\/\/poltsamaaloss.ee\/en\/wp-json\/wp\/v2\/media?parent=2040"}],"curies":[{"name":"wp","href":"https:\/\/api.w.org\/{rel}","templated":true}]}}