{"id":2038,"date":"2022-01-04T11:50:54","date_gmt":"2022-01-04T11:50:54","guid":{"rendered":"https:\/\/poltsamaaloss.ee\/?page_id=2038"},"modified":"2022-01-04T11:50:54","modified_gmt":"2022-01-04T11:50:54","slug":"databases","status":"publish","type":"page","link":"https:\/\/poltsamaaloss.ee\/en\/databases\/","title":{"rendered":"Databases"},"content":{"rendered":"<header><\/header>\n<div class=\"entry-content\">\n<ol>\n<li><a href=\"https:\/\/www.muis.ee\/catalogue:muuseum\/225334\" target=\"_blank\" rel=\"noopener noreferrer\">Eesti Muuseumide Veebiv\u00e4rav MUiS<\/a> \u2013 P\u00f5ltsamaa Muuseumi fotokogu<\/li>\n<li><a href=\"https:\/\/www.poltsamaark.ee\/e-teavikud\" target=\"_blank\" rel=\"noopener noreferrer\">P\u00f5ltsamaa Raamatukogu<\/a>&nbsp;\u2013 J\u00f5gevamaa kodulugu<\/li>\n<li><a href=\"http:\/\/www.kultuurikeskus.eu\/\" target=\"_blank\" rel=\"noopener noreferrer\">P\u00f5ltsamaa Kultuurikeskus<\/a>&nbsp;\u2013 kohapeal v\u00f5imalus tutvuda kultuurikeskuse arhiiviga<\/li>\n<li><a href=\"https:\/\/dea.digar.ee\/cgi-bin\/dea?a=q&amp;hs=1&amp;r=1&amp;results=1&amp;oa=&amp;txf=txIN%7CtxTI%7CtxAU%7CtxTA&amp;txq=P%C3%B5ltsamaa&amp;dafdq=&amp;dafmq=&amp;dafyq=&amp;datdq=&amp;datmq=&amp;datyq=&amp;puq=&amp;e=-------et-25--1--txt-txIN%7CtxTI%7CtxAU%7CtxTA-------------\" target=\"_blank\" rel=\"noopener noreferrer\">DIGAR \u2013 Eesti artiklite portaal<\/a>&nbsp;\u2013 artiklid P\u00f5ltsamaast Eesti perioodikas 1820 \u2013 t\u00e4nap\u00e4evani<\/li>\n<li><a href=\"https:\/\/www.digar.ee\/arhiiv\/et\/search\/simple?utf8=%E2%9C%93&amp;search%5Bsource%5D=&amp;search%5Bavailable%5D=0&amp;search%5Bcontent%5D=0&amp;search%5Btext%5D=P%C3%B5ltsamaa&amp;search%5Bscope%5D=\" target=\"_blank\" rel=\"noopener noreferrer\">DIGAR digitaalarhiiv<\/a>&nbsp;\u2013 P\u00f5ltsamaa-teemalised materjalid<\/li>\n<li><a href=\"http:\/\/www.ra.ee\/fotis\/index.php\/et\/photo\/search?m_messages=1&amp;search=P%C3%B5ltsamaa&amp;q=1\" target=\"_blank\" rel=\"noopener noreferrer\">Rahvusarhiivi fotoinfos\u00fcsteemis FOTIS<\/a>&nbsp;\u2013 P\u00f5ltsamaa-teemalised fotod<\/li>\n<li><a href=\"https:\/\/folklore.ee\/pubte\/ajaloolist\/poltsamaa_1\/poltsamaa_1.html\" target=\"_blank\" rel=\"noopener noreferrer\">Eesti Kirjandusmuuseumi Folkloristika Osakond<\/a>&nbsp;\u2013 Ajalooline traditsioon P\u00f5ltsamaa kihelkonnast (kogunud Rudolf Stokeby 1926\/27. aastal)<\/li>\n<li><a href=\"https:\/\/www.ester.ee\/search~S23*est\/X?searchtype=X&amp;searcharg=P%C3%B5ltsamaa&amp;searchscope=23&amp;SORT=DZ&amp;extended=0&amp;SUBMIT=OTSI\" target=\"_blank\" rel=\"noopener noreferrer\">Rahvusarhiivi raamatukogu<\/a>&nbsp;\u2013 P\u00f5ltsamaa-teemalised materjalid<\/li>\n<li><a href=\"http:\/\/www.ra.ee\/kaardid\/index.php\/et\/map\/searchAdvanced?place_specification=P%C3%B5ltsamaa&amp;digitized=1&amp;vmode=grid&amp;q=1\" target=\"_blank\" rel=\"noopener noreferrer\">Rahvusarhiivi kaartide infos\u00fcsteem<\/a>&nbsp;\u2013 digiteeritud P\u00f5ltsamaa kaardid<\/li>\n<li><a href=\"http:\/\/ais.ra.ee\/index.php?tyyp=3&amp;sess_id=b2765c27b33fcab183f4ba7e22a68397&amp;module=201&amp;op=2&amp;otsing_id=20190418111352347933&amp;query=P%C3%B5ltsamaa&amp;Submit2=OTSI\" target=\"_blank\" rel=\"noopener noreferrer\">Rahvusarhiivi ja Tallinna linnaarhiivi andmebaas<\/a>&nbsp;\u2013 P\u00f5ltsamaa-teemalised materjalid<\/li>\n<\/ol>\n<p><strong>P\u00f5ltsamaa muuseumi artiklid P\u00f5ltsamaa valla ajalehes:<\/strong><\/p>\n<\/div>\n<p><a href=\"https:\/\/www.poltsamaa.ee\/documents\/17492237\/18159516\/PoltsamaaVald+veebruar2018-Nr3.pdf\/d2d12f36-9055-4520-a6b4-538e1b144378\" target=\"_blank\" rel=\"noopener noreferrer\">Nr 3 veebruar 2018 \u2013 LK 7 \u2013 Eesti ajakirjanduse h\u00e4ll on Kuningam\u00e4el<\/a><\/p>\n<p><a href=\"https:\/\/www.poltsamaa.ee\/documents\/17492237\/18159516\/PoltsamaaVald+marts2018-Nr4.pdf\/e24b8854-8c89-4e2d-a9a3-2701c9a61484\" target=\"_blank\" rel=\"noopener noreferrer\">Nr 4 m\u00e4rts 2018 \u2013 LK 7 \u2013 Perekond von Wahli kalmistu Pajusi-Pisisaare tee \u00e4\u00e4res<\/a><\/p>\n<p><a href=\"https:\/\/www.poltsamaa.ee\/documents\/17492237\/18159516\/PoltsamaaVald+aprill2018_Nr5.pdf\/a97569c3-8ee1-41c7-aa4d-ff3c409d04d4\" target=\"_blank\" rel=\"noopener noreferrer\">Nr 5 aprill 2018 \u2013 LK 7 \u2013 Kuidas P\u00f5ltsamaal Euroopa helget tulevikku kavandati<\/a><\/p>\n<p><a href=\"https:\/\/www.poltsamaa.ee\/documents\/17492237\/18159516\/PoltsamaaVald+mai2018-12lk_veebi.pdf\/a0af321e-eab8-48ee-88d8-fe1e2aed42e2\" target=\"_blank\" rel=\"noopener noreferrer\">Nr 6 mai 2018 \u2013 LK 10 \u2013 Eesti lipp ja Emilie Beermann P\u00f5ltsamaa kihelkonnakoolist<\/a><\/p>\n<p><a href=\"https:\/\/www.poltsamaa.ee\/documents\/17492237\/18159516\/PoltsamaaVald+JUUNI2018.pdf\/040cc2d5-59c5-4c3a-862e-532c8565af65\" target=\"_blank\" rel=\"noopener noreferrer\">Nr 7 juuni 2018 \u2013 LK 11 \u2013 Aidu lahingu v\u00f5idualtar<\/a><\/p>\n<p><a href=\"https:\/\/www.poltsamaa.ee\/documents\/17492237\/18159516\/PoltsamaaVald+oktoober+2018+-+Nr10.pdf\/eda5d7f8-5215-4b0d-81fb-e5b665081855\" target=\"_blank\" rel=\"noopener noreferrer\">Nr 10 oktoober 2018 \u2013 LK 5 \u2013 V\u00f5isiku m\u00f5is<\/a><\/p>\n<p><a href=\"https:\/\/www.poltsamaa.ee\/documents\/17492237\/18159516\/PoltsamaaVald+november2018.pdf\/a0486679-b798-4919-b8df-071c0f3ab6ed\" target=\"_blank\" rel=\"noopener noreferrer\">Nr 11 november 2018 \u2013 LK 7 \u2013 P\u00f5ltsamaa linnus ja mis selles nii erilist on<\/a><\/p>\n<p><a href=\"https:\/\/www.poltsamaa.ee\/documents\/17492237\/18159516\/PoltsamaaVald+Jaanuar_2019_veebi.pdf\/58080fde-648f-4c82-b3b1-0ef8dd19d9a6\" target=\"_blank\" rel=\"noopener noreferrer\">Nr 13 jaanuar 2019 \u2013 LK 7 \u2013 Lustivere m\u00f5is \u2013 perekond von Wahli gootilik kodu<\/a><\/p>\n<p><a href=\"https:\/\/www.poltsamaa.ee\/documents\/17492237\/18159516\/PoltsamaaVald_veebruar+2019_veebi.pdf\/e41117fd-ebe9-4610-9f10-7340348299cd\" target=\"_blank\" rel=\"noopener noreferrer\">Nr 2 (14) veebruar 2019 \u2013 LK 9 \u2013 Tapiku m\u00f5isast ja eluolust<\/a><\/p>\n<p><a href=\"https:\/\/www.poltsamaa.ee\/documents\/17492237\/18159516\/PoltsamaaVald_marts+2019_veebi.pdf\/3a1b8ceb-b252-4fc4-b8a6-fbc274f63fb2\" target=\"_blank\" rel=\"noopener noreferrer\">Nr 3 (15) m\u00e4rts 2019 \u2013 LK 9 \u2013 M\u00e4rtsik\u00fc\u00fcditamisest ja kolhooside loomisest<\/a><\/p>\n","protected":false},"excerpt":{"rendered":"<p>Eesti Muuseumide Veebiv\u00e4rav MUiS \u2013 P\u00f5ltsamaa Muuseumi fotokogu P\u00f5ltsamaa Raamatukogu&nbsp;\u2013 J\u00f5gevamaa kodulugu P\u00f5ltsamaa Kultuurikeskus&nbsp;\u2013 kohapeal v\u00f5imalus tutvuda kultuurikeskuse arhiiviga DIGAR \u2013 Eesti artiklite portaal&nbsp;\u2013 artiklid P\u00f5ltsamaast Eesti perioodikas 1820 \u2013 t\u00e4nap\u00e4evani DIGAR digitaalarhiiv&nbsp;\u2013 P\u00f5ltsamaa-teemalised materjalid Rahvusarhiivi fotoinfos\u00fcsteemis FOTIS&nbsp;\u2013 P\u00f5ltsamaa-teemalised fotod Eesti Kirjandusmuuseumi Folkloristika Osakond&nbsp;\u2013 Ajalooline traditsioon P\u00f5ltsamaa kihelkonnast (kogunud Rudolf &hellip;<\/p>\n","protected":false},"author":2,"featured_media":0,"parent":0,"menu_order":0,"comment_status":"closed","ping_status":"closed","template":"","meta":{"footnotes":""},"class_list":["post-2038","page","type-page","status-publish","hentry"],"yoast_head":"<!-- This site is optimized with the Yoast SEO plugin v27.3 - https:\/\/yoast.com\/product\/yoast-seo-wordpress\/ -->\n<title>Databases - P&otilde;ltsamaa loss<\/title>\n<meta name=\"robots\" content=\"index, follow, max-snippet:-1, max-image-preview:large, max-video-preview:-1\" \/>\n<link rel=\"canonical\" href=\"https:\/\/poltsamaaloss.ee\/en\/databases\/\" \/>\n<meta property=\"og:locale\" content=\"en_US\" \/>\n<meta property=\"og:type\" content=\"article\" \/>\n<meta property=\"og:title\" content=\"Databases - P&otilde;ltsamaa loss\" \/>\n<meta property=\"og:description\" content=\"Eesti Muuseumide Veebiv\u00e4rav MUiS \u2013 P\u00f5ltsamaa Muuseumi fotokogu P\u00f5ltsamaa Raamatukogu&nbsp;\u2013 J\u00f5gevamaa kodulugu P\u00f5ltsamaa Kultuurikeskus&nbsp;\u2013 kohapeal v\u00f5imalus tutvuda kultuurikeskuse arhiiviga DIGAR \u2013 Eesti artiklite portaal&nbsp;\u2013 artiklid P\u00f5ltsamaast Eesti perioodikas 1820 \u2013 t\u00e4nap\u00e4evani DIGAR digitaalarhiiv&nbsp;\u2013 P\u00f5ltsamaa-teemalised materjalid Rahvusarhiivi fotoinfos\u00fcsteemis FOTIS&nbsp;\u2013 P\u00f5ltsamaa-teemalised fotod Eesti Kirjandusmuuseumi Folkloristika Osakond&nbsp;\u2013 Ajalooline traditsioon P\u00f5ltsamaa kihelkonnast (kogunud Rudolf &hellip;\" \/>\n<meta property=\"og:url\" content=\"https:\/\/poltsamaaloss.ee\/en\/databases\/\" \/>\n<meta property=\"og:site_name\" content=\"P&otilde;ltsamaa loss\" \/>\n<meta name=\"twitter:card\" content=\"summary_large_image\" \/>\n<meta name=\"twitter:label1\" content=\"Est. reading time\" \/>\n\t<meta name=\"twitter:data1\" content=\"2 minutes\" \/>\n<script type=\"application\/ld+json\" class=\"yoast-schema-graph\">{\"@context\":\"https:\\\/\\\/schema.org\",\"@graph\":[{\"@type\":\"WebPage\",\"@id\":\"https:\\\/\\\/poltsamaaloss.ee\\\/en\\\/databases\\\/\",\"url\":\"https:\\\/\\\/poltsamaaloss.ee\\\/en\\\/databases\\\/\",\"name\":\"Databases - P&otilde;ltsamaa loss\",\"isPartOf\":{\"@id\":\"https:\\\/\\\/poltsamaaloss.ee\\\/en\\\/#website\"},\"datePublished\":\"2022-01-04T11:50:54+00:00\",\"breadcrumb\":{\"@id\":\"https:\\\/\\\/poltsamaaloss.ee\\\/en\\\/databases\\\/#breadcrumb\"},\"inLanguage\":\"en-US\",\"potentialAction\":[{\"@type\":\"ReadAction\",\"target\":[\"https:\\\/\\\/poltsamaaloss.ee\\\/en\\\/databases\\\/\"]}]},{\"@type\":\"BreadcrumbList\",\"@id\":\"https:\\\/\\\/poltsamaaloss.ee\\\/en\\\/databases\\\/#breadcrumb\",\"itemListElement\":[{\"@type\":\"ListItem\",\"position\":1,\"name\":\"Home\",\"item\":\"https:\\\/\\\/poltsamaaloss.ee\\\/en\\\/home\\\/\"},{\"@type\":\"ListItem\",\"position\":2,\"name\":\"Databases\"}]},{\"@type\":\"WebSite\",\"@id\":\"https:\\\/\\\/poltsamaaloss.ee\\\/en\\\/#website\",\"url\":\"https:\\\/\\\/poltsamaaloss.ee\\\/en\\\/\",\"name\":\"P\u00f5ltsamaa loss\",\"description\":\"\",\"publisher\":{\"@id\":\"https:\\\/\\\/poltsamaaloss.ee\\\/en\\\/#organization\"},\"potentialAction\":[{\"@type\":\"SearchAction\",\"target\":{\"@type\":\"EntryPoint\",\"urlTemplate\":\"https:\\\/\\\/poltsamaaloss.ee\\\/en\\\/?s={search_term_string}\"},\"query-input\":{\"@type\":\"PropertyValueSpecification\",\"valueRequired\":true,\"valueName\":\"search_term_string\"}}],\"inLanguage\":\"en-US\"},{\"@type\":\"Organization\",\"@id\":\"https:\\\/\\\/poltsamaaloss.ee\\\/en\\\/#organization\",\"name\":\"P\u00f5ltsamaa castle\",\"url\":\"https:\\\/\\\/poltsamaaloss.ee\\\/en\\\/\",\"logo\":{\"@type\":\"ImageObject\",\"inLanguage\":\"en-US\",\"@id\":\"https:\\\/\\\/poltsamaaloss.ee\\\/en\\\/#\\\/schema\\\/logo\\\/image\\\/\",\"url\":\"https:\\\/\\\/poltsamaaloss.ee\\\/wp-content\\\/uploads\\\/2020\\\/10\\\/poltsamaa-loss-logo.png\",\"contentUrl\":\"https:\\\/\\\/poltsamaaloss.ee\\\/wp-content\\\/uploads\\\/2020\\\/10\\\/poltsamaa-loss-logo.png\",\"width\":1035,\"height\":690,\"caption\":\"P\u00f5ltsamaa castle\"},\"image\":{\"@id\":\"https:\\\/\\\/poltsamaaloss.ee\\\/en\\\/#\\\/schema\\\/logo\\\/image\\\/\"}}]}<\/script>\n<!-- \/ Yoast SEO plugin. -->","yoast_head_json":{"title":"Databases - P&otilde;ltsamaa loss","robots":{"index":"index","follow":"follow","max-snippet":"max-snippet:-1","max-image-preview":"max-image-preview:large","max-video-preview":"max-video-preview:-1"},"canonical":"https:\/\/poltsamaaloss.ee\/en\/databases\/","og_locale":"en_US","og_type":"article","og_title":"Databases - P&otilde;ltsamaa loss","og_description":"Eesti Muuseumide Veebiv\u00e4rav MUiS \u2013 P\u00f5ltsamaa Muuseumi fotokogu P\u00f5ltsamaa Raamatukogu&nbsp;\u2013 J\u00f5gevamaa kodulugu P\u00f5ltsamaa Kultuurikeskus&nbsp;\u2013 kohapeal v\u00f5imalus tutvuda kultuurikeskuse arhiiviga DIGAR \u2013 Eesti artiklite portaal&nbsp;\u2013 artiklid P\u00f5ltsamaast Eesti perioodikas 1820 \u2013 t\u00e4nap\u00e4evani DIGAR digitaalarhiiv&nbsp;\u2013 P\u00f5ltsamaa-teemalised materjalid Rahvusarhiivi fotoinfos\u00fcsteemis FOTIS&nbsp;\u2013 P\u00f5ltsamaa-teemalised fotod Eesti Kirjandusmuuseumi Folkloristika Osakond&nbsp;\u2013 Ajalooline traditsioon P\u00f5ltsamaa kihelkonnast (kogunud Rudolf &hellip;","og_url":"https:\/\/poltsamaaloss.ee\/en\/databases\/","og_site_name":"P&otilde;ltsamaa loss","twitter_card":"summary_large_image","twitter_misc":{"Est. reading time":"2 minutes"},"schema":{"@context":"https:\/\/schema.org","@graph":[{"@type":"WebPage","@id":"https:\/\/poltsamaaloss.ee\/en\/databases\/","url":"https:\/\/poltsamaaloss.ee\/en\/databases\/","name":"Databases - P&otilde;ltsamaa loss","isPartOf":{"@id":"https:\/\/poltsamaaloss.ee\/en\/#website"},"datePublished":"2022-01-04T11:50:54+00:00","breadcrumb":{"@id":"https:\/\/poltsamaaloss.ee\/en\/databases\/#breadcrumb"},"inLanguage":"en-US","potentialAction":[{"@type":"ReadAction","target":["https:\/\/poltsamaaloss.ee\/en\/databases\/"]}]},{"@type":"BreadcrumbList","@id":"https:\/\/poltsamaaloss.ee\/en\/databases\/#breadcrumb","itemListElement":[{"@type":"ListItem","position":1,"name":"Home","item":"https:\/\/poltsamaaloss.ee\/en\/home\/"},{"@type":"ListItem","position":2,"name":"Databases"}]},{"@type":"WebSite","@id":"https:\/\/poltsamaaloss.ee\/en\/#website","url":"https:\/\/poltsamaaloss.ee\/en\/","name":"P\u00f5ltsamaa loss","description":"","publisher":{"@id":"https:\/\/poltsamaaloss.ee\/en\/#organization"},"potentialAction":[{"@type":"SearchAction","target":{"@type":"EntryPoint","urlTemplate":"https:\/\/poltsamaaloss.ee\/en\/?s={search_term_string}"},"query-input":{"@type":"PropertyValueSpecification","valueRequired":true,"valueName":"search_term_string"}}],"inLanguage":"en-US"},{"@type":"Organization","@id":"https:\/\/poltsamaaloss.ee\/en\/#organization","name":"P\u00f5ltsamaa castle","url":"https:\/\/poltsamaaloss.ee\/en\/","logo":{"@type":"ImageObject","inLanguage":"en-US","@id":"https:\/\/poltsamaaloss.ee\/en\/#\/schema\/logo\/image\/","url":"https:\/\/poltsamaaloss.ee\/wp-content\/uploads\/2020\/10\/poltsamaa-loss-logo.png","contentUrl":"https:\/\/poltsamaaloss.ee\/wp-content\/uploads\/2020\/10\/poltsamaa-loss-logo.png","width":1035,"height":690,"caption":"P\u00f5ltsamaa castle"},"image":{"@id":"https:\/\/poltsamaaloss.ee\/en\/#\/schema\/logo\/image\/"}}]}},"_links":{"self":[{"href":"https:\/\/poltsamaaloss.ee\/en\/wp-json\/wp\/v2\/pages\/2038","targetHints":{"allow":["GET"]}}],"collection":[{"href":"https:\/\/poltsamaaloss.ee\/en\/wp-json\/wp\/v2\/pages"}],"about":[{"href":"https:\/\/poltsamaaloss.ee\/en\/wp-json\/wp\/v2\/types\/page"}],"author":[{"embeddable":true,"href":"https:\/\/poltsamaaloss.ee\/en\/wp-json\/wp\/v2\/users\/2"}],"replies":[{"embeddable":true,"href":"https:\/\/poltsamaaloss.ee\/en\/wp-json\/wp\/v2\/comments?post=2038"}],"version-history":[{"count":1,"href":"https:\/\/poltsamaaloss.ee\/en\/wp-json\/wp\/v2\/pages\/2038\/revisions"}],"predecessor-version":[{"id":2039,"href":"https:\/\/poltsamaaloss.ee\/en\/wp-json\/wp\/v2\/pages\/2038\/revisions\/2039"}],"wp:attachment":[{"href":"https:\/\/poltsamaaloss.ee\/en\/wp-json\/wp\/v2\/media?parent=2038"}],"curies":[{"name":"wp","href":"https:\/\/api.w.org\/{rel}","templated":true}]}}