{"id":2034,"date":"2022-01-04T11:49:12","date_gmt":"2022-01-04T11:49:12","guid":{"rendered":"https:\/\/poltsamaaloss.ee\/history\/"},"modified":"2022-02-14T15:16:07","modified_gmt":"2022-02-14T15:16:07","slug":"history","status":"publish","type":"page","link":"https:\/\/poltsamaaloss.ee\/en\/history\/","title":{"rendered":"History"},"content":{"rendered":"<p><span style=\"font-weight: 400;\">Stone fortress was built on the right bank of River P\u00f5ltsamaa in the center of M\u00f5hu parish in <strong>1272<\/strong>. It was done under the direction of Master of the Order Otto von Rodenstein. The German Order needed a defense building here, as P\u00f5ltsamaa (in German: <\/span><i><span style=\"font-weight: 400;\">Oberpahlen<\/span><\/i><span style=\"font-weight: 400;\">) had become the center of the new bailiwick. Moreover, P\u00f5ltsamaa has always been an important traffic junction &#8211; from here you can get to Paide, Tallinn, Viljandi, Lake Peipsi and Tartu.<\/span><\/p>\n<p><span style=\"font-weight: 400;\">The originally built circular wall was initially lower, it is suggested that only a third of the current wall height, and both inside and outside the wall, there were wooden passages. There were large embrasures in the wall, and the corners of the wall were reinforced by towers with an outer wall of stone and an inner wall of wood. Moat, filled with water from the river, added additional protection.<\/span><\/p>\n<p><span style=\"font-weight: 400;\">Probably in the 14<\/span><span style=\"font-weight: 400;\">th<\/span><span style=\"font-weight: 400;\"> century, a <strong>convent building<\/strong> was built in the eastern corner of the wall, with a courtyard surrounded by pillars; on the second floor were long single-aisle halls: the capital hall chapterhouse, the refectory and dormitories, and the chapel in the west corner. The third floor was a defense floor and was not completed until the 18th century. To this day, a narrow and steep brick staircase in the tower of the convent building is extant.<\/span><\/p>\n<p><span style=\"font-weight: 400;\">In the 16<\/span><span style=\"font-weight: 400;\">th<\/span><span style=\"font-weight: 400;\"> century, during Russian-Polish-Swedish wars, the fortress was repeatedly attacked and pillaged.<\/span><\/p>\n<figure id=\"attachment_1438\" aria-describedby=\"caption-attachment-1438\" style=\"width: 300px\" class=\"wp-caption alignright\"><img loading=\"lazy\" decoding=\"async\" class=\"wp-image-1944 size-full\" src=\"https:\/\/poltsamaaloss.ee\/wp-content\/uploads\/2021\/11\/Magnuse-kui-Saare-Laane-ning-Kuramaa-piiskopi-mundi-jaljend.jpg\" alt=\"\" width=\"300\" height=\"294\" srcset=\"https:\/\/poltsamaaloss.ee\/wp-content\/uploads\/2021\/11\/Magnuse-kui-Saare-Laane-ning-Kuramaa-piiskopi-mundi-jaljend.jpg 300w, https:\/\/poltsamaaloss.ee\/wp-content\/uploads\/2021\/11\/Magnuse-kui-Saare-Laane-ning-Kuramaa-piiskopi-mundi-jaljend-204x200.jpg 204w\" sizes=\"auto, (max-width: 300px) 100vw, 300px\" \/><figcaption id=\"caption-attachment-1438\" class=\"wp-caption-text\">Imprint of a coin. Magnus as the bishop of \u00d6sel-Wiek and king of Livonia<\/figcaption><\/figure>\n<p><span style=\"font-weight: 400;\">During the Livonian war, in 1570, the Russian Czar Ivan the Terrible appointed <strong>Duke Magnus<\/strong> \u2013 the younger brother of king Fredrick II of Denmark and the bishop of \u00d6sel-Wiek \u2013 the <strong>king of Livonia<\/strong>. The castle of P\u00f5ltsamaa became the residence of King Magnus. On April 12<\/span><span style=\"font-weight: 400;\">th<\/span><span style=\"font-weight: 400;\"> 1573, the wedding of king Magnus and the daughter of the czar\u2019s nephew, 13-year-old Maria Vladimirovna Staritskaja, was held. Marriage to a grand princess could mean a spot on the Russian throne in the future.<\/span><\/p>\n<p><span style=\"font-weight: 400;\">King Magnus was given 25 000 men to command and was supposed to conquer new lands for the Czar. The Czar was particularly interested in Tallinn, which was under the governance of the Swedes. Since Magnus wasn\u2019t able to conquer Tallinn, Ivan the Terrible was furious and sent his army to finish off the kingdom. Magnus and Maria fled to Riga in a boat across the Livonian Bay to seek refuge with the Poles.<\/span><\/p>\n<p><span style=\"font-weight: 400;\">The Swedish-Polish war, which began in 1600, crossed P\u00f5ltsamaa several times, as well as the fortress and smaller manor houses, and the landowners changed. In 1600, the medieval church (1234) was destroyed, of which there is only one work of art on earth &#8211; the corner console &#8220;<strong>Kiss of P\u00f5ltsamaa<\/strong>&#8220;, which is now located in this museum.<\/span><\/p>\n<p><span style=\"font-weight: 400;\">In 1623, king Gustav II Adolf gave P\u00f5ltsamaa to marshal <strong>Hermann Wrangel<\/strong> &#8211; during his time, the life in the manor started to get better again. Reconstruction of the buildings in ruins began.<\/span><\/p>\n<p><span style=\"font-weight: 400;\">Between 1632 and 1636, a large number of construction masters from Tallinn, Tartu and other cities worked in P\u00f5ltsamaa. The castle and church were repaired, ancillary buildings were built up: mills, threshing barns, cattle yards, etc. Unfortunately, these buildings did not have a long life. During the Swedish-Polish war, which broke out again in 1658, the Poles invaded P\u00f5ltsamaa and burned them off again.<\/span><\/p>\n<p><span style=\"font-weight: 400;\">However, P\u00f5ltsamaa was able to recover again. The protocols of the revision of 1682 mention the manor ensemble consisting of more than 20 buildings. At the beginning of the Great Northern War, the Russians invaded P\u00f5ltsamaa and burned the castle.<\/span><\/p>\n<p><span style=\"font-weight: 400;\">After the Great Northern War, in 1720, <strong>Heinrich Claus von Fick<\/strong>, State Counselor of Peter I, asked for the areas of P\u00f5ltsamaa to himself. The idea to ask for this estate was proposed to him by the godmother of his daughter Aurora, Maria Aurora von K\u00f6ningsmark, whose grandfather, Swedish marshal Hermann von Wrangell, had been the owner of these lands during the Swedish reign. Fick started developing the economy of P\u00f5ltsamaa with the aim of creating a leading model settlement here to the whole of Russia.<\/span><\/p>\n<p><span style=\"font-weight: 400;\">In 1750, after the sudden death of Fick, his property was divided between his five daughters based on his will. P\u00f5ltsamaa Castle was given to Fick\u2019s daughter Aurora and her husband <strong>Woldemar Johann von Lauw<\/strong>. Lauw, born in P\u00e4rnu County in 1712, had studied at the University of Jena, served in the Russian army, lost his left arm in the Russo-Turkish War, leased the island of Muhu and married Aurora von Fick in 1746, moved to P\u00f5ltsamaa. Fr. Amelung&#8217;s report &#8220;Studien zur Geschichte Oberpahlens und seiner industriellen Bl\u00fcthezeit&#8221; describes in detail W. J. von Lauw&#8217;s activities in P\u00f5ltsamaa. His fahter-in-law had wanted to turn the town into a prosperous settlement with a well-functioning economy, which would be an example for the whole empire, Lauw continued the work of his father-in-law. He founded copper, scratch and tanning factories in P\u00f5ltsamaa and also a green glass factory that produced different green hollow glass as well as bottles and glass containers for medical puproses.<\/span><\/p>\n<p><span style=\"font-weight: 400;\">As his smaller ventures had been successful, he had sufficient confidence by the government. He was granted a loan against collateral, and even public funds were made available to him. At a time, when there was only one company in all of Livonia outside Riga and Tallinn that deserved to be called factory (R\u00e4pina Paper Mill), Major von Lauw established three more factories almost simultaneously: a porcelain manufactory in P\u00f5ltsamaa, a window glass factory in T\u00f5rna and a Kamari-P\u00f5ltsamaa mirror factory. For further processing of mirror glass, grinding, polishing and mirror coating rooms had to be built at the same time. 12 grinding devices, 4 polishing mills and 6 grinding plates were put into operation. 10 of the workers were Estonians and 10 were newly trained hand grinders of Russian origin. In addition to some other Estonian handymen, all the others &#8211; polishers and grinders &#8211; were among the German masters. Although carriage windows, shaving and wall mirrors made at the Lauw mirror factory were a sought-after commodity due to their novelty, the owner still had to pay thousands of extra rubles a year because of the high production costs. Despite all efforts, the company became unprofitable and operated for four years only (until Lauw&#8217;s death).<\/span><\/p>\n<figure id=\"attachment_235\" aria-describedby=\"caption-attachment-235\" style=\"width: 300px\" class=\"wp-caption alignright\"><img loading=\"lazy\" decoding=\"async\" class=\"wp-image-1744 size-medium\" src=\"https:\/\/poltsamaaloss.ee\/wp-content\/uploads\/2020\/05\/p\u00f5ltsamaa-muuseum-p\u00f5ltsamaa-portselan-300x200.jpg\" alt=\"\" width=\"300\" height=\"200\" srcset=\"https:\/\/poltsamaaloss.ee\/wp-content\/uploads\/2020\/05\/p\u00f5ltsamaa-muuseum-p\u00f5ltsamaa-portselan-300x200.jpg 300w, https:\/\/poltsamaaloss.ee\/wp-content\/uploads\/2020\/05\/p\u00f5ltsamaa-muuseum-p\u00f5ltsamaa-portselan-768x513.jpg 768w, https:\/\/poltsamaaloss.ee\/wp-content\/uploads\/2020\/05\/p\u00f5ltsamaa-muuseum-p\u00f5ltsamaa-portselan.jpg 800w\" sizes=\"auto, (max-width: 300px) 100vw, 300px\" \/><figcaption id=\"caption-attachment-235\" class=\"wp-caption-text\">P\u00f5ltsamaa porcelain can be seen in P\u00f5ltsamaa museum<\/figcaption><\/figure>\n<p><span style=\"font-weight: 400;\">In 1782, Lauw founded the<strong> porcelain manufactory<\/strong> of P\u00f5ltsamaa Castle. White-blue-painted bowls, plates and other dishes from the P\u00f5ltsamaa porcelain manufactory were once highly valued goods and have been widely used by citizens in the cities of our country. Apparently porcelain figurines were also made. Unfortunately, the high costs of this factory were not covered, so it had to close down during Lauw\u00b4&#8217;s lifetime.<\/span><\/p>\n<p><span style=\"font-weight: 400;\">Around 1770, the dilapidated convent building of the old fortress was rebuilt into a fine <strong>rococo palace<\/strong> by Lauw. The most beautiful halls were located in the southeast wing of the main floor: the marble and rococo hall. The rooms were decorated with rich stucco framing. Before P\u00f5ltsamaa, stucco master Johann Michael Graff from Berlin had been working in the Rund\u0101le and Jelgava palaces. The ceiling of the Marble Hall was decorated with reliefs, the walls were panelled with artificial marble, the lower part of the walls with wine coloured panelling, the higher parts with pink and light grey. The walls were covered with Venetian mirrors surrounded also by rich stucco framing. White gypsum decorations on the ceiling very truthfully pictured flowers and plant leaves, there were also plenty of bird images which seemed to be the favourite motif of the artist. There were also shell motifs after which the Rococo style has been named. The walls of another grand hall, the Rococo Hall, were covered with large oval paintings in brown hues in grisaille technique by Gottlieb Christian Welt\u00e9. He remained the artist of the palace for five years. His paintings of P\u00f5ltsamaa can also be found in the collections of the Estonian Art Museum. Friedrich Hartmann Barisien was ordered to paint the landscapes of the palace as well as the portraits of the czars. There were also three bas-reliefs on the walls of the Rococo Hall, the busts were of the W. J. von Lauw, Aurora von Lauw and possibly one of their daughters. A two-storey, late baroque ruler house was built along the southwest wall of the fortress, which is crossed by a gate.<\/span><\/p>\n<p><span style=\"font-weight: 400;\">As the master of the palace, Lauw had a grand lifestyle. The palace had its own orchestra and an Italian opera troupe with a much-praised dark-skinned maiden as leading lady; Lavish hunting parties and balls were held all the time.<\/span><\/p>\n<p><span style=\"font-weight: 400;\">But von Lauw also took care of the poor. In 1766, a hospital was opened for the lower class people. Doctor Peter Ernst Wilde from Riga was invited to lead the hospital. At the medical school established at the hospital, Wilde taught medicine to young men; at the same time, he founded pharmacy in P\u00f5ltsamaa &#8211; the first rural pharmacy in Estonia &#8211; and a printing house, where he published a medical magazine. In 1766, the <strong>first periodical in Estonian called \u201cL\u00fchhike \u00f6ppetus\u201d<\/strong> (Estonian for <\/span><i><span style=\"font-weight: 400;\">Brief Instruction<\/span><\/i><span style=\"font-weight: 400;\">) was printed in P\u00f5ltsamaa. The pastor of P\u00f5ltsamaa, A. W. Hupel translated its content from Wilde\u2019s notes.<\/span><\/p>\n<p><span style=\"font-weight: 400;\">Major von Lauw died unexpectedly on February 15<\/span><span style=\"font-weight: 400;\">th<\/span><span style=\"font-weight: 400;\">, 1786. The government, as Lauw&#8217;s main creditor, subsequently sold P\u00f5ltsamaa castle and empress Catherine the Great gave the castle for rent to her son, Major General<strong> Aleksei Bobrinsky<\/strong> (1762\u20131813). Catherine II sent her son to Estonia in 1788 as a punishment for his dissolute life and his card game debts in Paris. Bobrinski married Anna, the daughter of the Tallinn commandant Ungern-Sternberg. He built an observatory in the tower of P\u00f5ltsamaa castle, renovated the interior of the building, and spent a total of 9 years in Estonia. His daughter Maria Bobinskaya inherited the manor and through marriage, it remained in the hands of the Gagarin family until 1920. One of the prides of P\u00f5ltsamaa Castle was the library of Count Bobrinski.<\/span><\/p>\n<figure id=\"attachment_489\" aria-describedby=\"caption-attachment-489\" style=\"width: 285px\" class=\"wp-caption alignright\"><img loading=\"lazy\" decoding=\"async\" class=\"wp-image-1793 size-medium\" src=\"https:\/\/poltsamaaloss.ee\/wp-content\/uploads\/2020\/06\/p\u00f5ltsamaa-loss-ja-kirik-19-saj-l\u00f5pp-v\u00f5i-20-saj-algus-285x300.jpg\" alt=\"\" width=\"285\" height=\"300\" srcset=\"https:\/\/poltsamaaloss.ee\/wp-content\/uploads\/2020\/06\/p\u00f5ltsamaa-loss-ja-kirik-19-saj-l\u00f5pp-v\u00f5i-20-saj-algus-285x300.jpg 285w, https:\/\/poltsamaaloss.ee\/wp-content\/uploads\/2020\/06\/p\u00f5ltsamaa-loss-ja-kirik-19-saj-l\u00f5pp-v\u00f5i-20-saj-algus-190x200.jpg 190w, https:\/\/poltsamaaloss.ee\/wp-content\/uploads\/2020\/06\/p\u00f5ltsamaa-loss-ja-kirik-19-saj-l\u00f5pp-v\u00f5i-20-saj-algus.jpg 500w\" sizes=\"auto, (max-width: 285px) 100vw, 285px\" \/><figcaption id=\"caption-attachment-489\" class=\"wp-caption-text\">P\u00f5ltsamaa castle and church in the end of the 19th century or in the beginning of the 20th century. Photo: P\u00f5ltsamaa museum collections<\/figcaption><\/figure>\n<p><span style=\"font-weight: 400;\">When World War I started, the army was located in P\u00f5ltsamaa Castle. At the beginning of the war, the wooden part of the castle tower had been demolished for strategic purposes. The manor had been in a rather good shape until it was taken over in December 1917 by bolsheviks. When the German occupation got there in 1918, the place was pillaged:\u00a0 the furniture had been broken and boxes of documents ransacked. Books of the castle library had been sold in Tartu Supilinn.<\/span><\/p>\n<p><span style=\"font-weight: 400;\">During the first period of independence of the Republic of Estonia, the castle was used for orchestral rehearsals and parties. The museum and the Defense League had their own rooms. In 1938, even some repair works were done.\u00a0 But on July 14, 1941, both P\u00f5ltsamaa Castle and the church were burned down, the church was quickly restored (1952). The restoration of the historic buildings of the castle complex began in 2020. Within the historic walls of the castle, visitors will find museums, exhibition halls, handicraft workshops and a wine cellar; concerts and other outdoor events take place in the summer.<\/span><\/p>\n<p>Original article in Estonian by: Rutt T\u00e4nav<\/p>\n","protected":false},"excerpt":{"rendered":"<p>Stone fortress was built on the right bank of River P\u00f5ltsamaa in the center of M\u00f5hu parish in 1272. It was done under the direction of Master of the Order Otto von Rodenstein. The German Order needed a defense building here, as P\u00f5ltsamaa (in German: Oberpahlen) had become the center &hellip;<\/p>\n","protected":false},"author":2,"featured_media":0,"parent":0,"menu_order":0,"comment_status":"closed","ping_status":"closed","template":"","meta":{"footnotes":""},"class_list":["post-2034","page","type-page","status-publish","hentry"],"yoast_head":"<!-- This site is optimized with the Yoast SEO plugin v27.3 - https:\/\/yoast.com\/product\/yoast-seo-wordpress\/ -->\n<title>History - P&otilde;ltsamaa loss<\/title>\n<meta name=\"robots\" content=\"index, follow, max-snippet:-1, max-image-preview:large, max-video-preview:-1\" \/>\n<link rel=\"canonical\" href=\"https:\/\/poltsamaaloss.ee\/en\/history\/\" \/>\n<meta property=\"og:locale\" content=\"en_US\" \/>\n<meta property=\"og:type\" content=\"article\" \/>\n<meta property=\"og:title\" content=\"History - P&otilde;ltsamaa loss\" \/>\n<meta property=\"og:description\" content=\"Stone fortress was built on the right bank of River P\u00f5ltsamaa in the center of M\u00f5hu parish in 1272. It was done under the direction of Master of the Order Otto von Rodenstein. The German Order needed a defense building here, as P\u00f5ltsamaa (in German: Oberpahlen) had become the center &hellip;\" \/>\n<meta property=\"og:url\" content=\"https:\/\/poltsamaaloss.ee\/en\/history\/\" \/>\n<meta property=\"og:site_name\" content=\"P&otilde;ltsamaa loss\" \/>\n<meta property=\"article:modified_time\" content=\"2022-02-14T15:16:07+00:00\" \/>\n<meta property=\"og:image\" content=\"https:\/\/poltsamaaloss.ee\/wp-content\/uploads\/2021\/11\/Magnuse-kui-Saare-Laane-ning-Kuramaa-piiskopi-mundi-jaljend.jpg\" \/>\n<meta name=\"twitter:card\" content=\"summary_large_image\" \/>\n<meta name=\"twitter:label1\" content=\"Est. reading time\" \/>\n\t<meta name=\"twitter:data1\" content=\"11 minutes\" \/>\n<script type=\"application\/ld+json\" class=\"yoast-schema-graph\">{\"@context\":\"https:\\\/\\\/schema.org\",\"@graph\":[{\"@type\":\"WebPage\",\"@id\":\"https:\\\/\\\/poltsamaaloss.ee\\\/en\\\/history\\\/\",\"url\":\"https:\\\/\\\/poltsamaaloss.ee\\\/en\\\/history\\\/\",\"name\":\"History - P&otilde;ltsamaa loss\",\"isPartOf\":{\"@id\":\"https:\\\/\\\/poltsamaaloss.ee\\\/en\\\/#website\"},\"primaryImageOfPage\":{\"@id\":\"https:\\\/\\\/poltsamaaloss.ee\\\/en\\\/history\\\/#primaryimage\"},\"image\":{\"@id\":\"https:\\\/\\\/poltsamaaloss.ee\\\/en\\\/history\\\/#primaryimage\"},\"thumbnailUrl\":\"https:\\\/\\\/poltsamaaloss.ee\\\/wp-content\\\/uploads\\\/2021\\\/11\\\/Magnuse-kui-Saare-Laane-ning-Kuramaa-piiskopi-mundi-jaljend.jpg\",\"datePublished\":\"2022-01-04T11:49:12+00:00\",\"dateModified\":\"2022-02-14T15:16:07+00:00\",\"breadcrumb\":{\"@id\":\"https:\\\/\\\/poltsamaaloss.ee\\\/en\\\/history\\\/#breadcrumb\"},\"inLanguage\":\"en-US\",\"potentialAction\":[{\"@type\":\"ReadAction\",\"target\":[\"https:\\\/\\\/poltsamaaloss.ee\\\/en\\\/history\\\/\"]}]},{\"@type\":\"ImageObject\",\"inLanguage\":\"en-US\",\"@id\":\"https:\\\/\\\/poltsamaaloss.ee\\\/en\\\/history\\\/#primaryimage\",\"url\":\"https:\\\/\\\/poltsamaaloss.ee\\\/wp-content\\\/uploads\\\/2021\\\/11\\\/Magnuse-kui-Saare-Laane-ning-Kuramaa-piiskopi-mundi-jaljend.jpg\",\"contentUrl\":\"https:\\\/\\\/poltsamaaloss.ee\\\/wp-content\\\/uploads\\\/2021\\\/11\\\/Magnuse-kui-Saare-Laane-ning-Kuramaa-piiskopi-mundi-jaljend.jpg\"},{\"@type\":\"BreadcrumbList\",\"@id\":\"https:\\\/\\\/poltsamaaloss.ee\\\/en\\\/history\\\/#breadcrumb\",\"itemListElement\":[{\"@type\":\"ListItem\",\"position\":1,\"name\":\"Home\",\"item\":\"https:\\\/\\\/poltsamaaloss.ee\\\/en\\\/home\\\/\"},{\"@type\":\"ListItem\",\"position\":2,\"name\":\"History\"}]},{\"@type\":\"WebSite\",\"@id\":\"https:\\\/\\\/poltsamaaloss.ee\\\/en\\\/#website\",\"url\":\"https:\\\/\\\/poltsamaaloss.ee\\\/en\\\/\",\"name\":\"P\u00f5ltsamaa loss\",\"description\":\"\",\"publisher\":{\"@id\":\"https:\\\/\\\/poltsamaaloss.ee\\\/en\\\/#organization\"},\"potentialAction\":[{\"@type\":\"SearchAction\",\"target\":{\"@type\":\"EntryPoint\",\"urlTemplate\":\"https:\\\/\\\/poltsamaaloss.ee\\\/en\\\/?s={search_term_string}\"},\"query-input\":{\"@type\":\"PropertyValueSpecification\",\"valueRequired\":true,\"valueName\":\"search_term_string\"}}],\"inLanguage\":\"en-US\"},{\"@type\":\"Organization\",\"@id\":\"https:\\\/\\\/poltsamaaloss.ee\\\/en\\\/#organization\",\"name\":\"P\u00f5ltsamaa castle\",\"url\":\"https:\\\/\\\/poltsamaaloss.ee\\\/en\\\/\",\"logo\":{\"@type\":\"ImageObject\",\"inLanguage\":\"en-US\",\"@id\":\"https:\\\/\\\/poltsamaaloss.ee\\\/en\\\/#\\\/schema\\\/logo\\\/image\\\/\",\"url\":\"https:\\\/\\\/poltsamaaloss.ee\\\/wp-content\\\/uploads\\\/2020\\\/10\\\/poltsamaa-loss-logo.png\",\"contentUrl\":\"https:\\\/\\\/poltsamaaloss.ee\\\/wp-content\\\/uploads\\\/2020\\\/10\\\/poltsamaa-loss-logo.png\",\"width\":1035,\"height\":690,\"caption\":\"P\u00f5ltsamaa castle\"},\"image\":{\"@id\":\"https:\\\/\\\/poltsamaaloss.ee\\\/en\\\/#\\\/schema\\\/logo\\\/image\\\/\"}}]}<\/script>\n<!-- \/ Yoast SEO plugin. -->","yoast_head_json":{"title":"History - P&otilde;ltsamaa loss","robots":{"index":"index","follow":"follow","max-snippet":"max-snippet:-1","max-image-preview":"max-image-preview:large","max-video-preview":"max-video-preview:-1"},"canonical":"https:\/\/poltsamaaloss.ee\/en\/history\/","og_locale":"en_US","og_type":"article","og_title":"History - P&otilde;ltsamaa loss","og_description":"Stone fortress was built on the right bank of River P\u00f5ltsamaa in the center of M\u00f5hu parish in 1272. It was done under the direction of Master of the Order Otto von Rodenstein. The German Order needed a defense building here, as P\u00f5ltsamaa (in German: Oberpahlen) had become the center &hellip;","og_url":"https:\/\/poltsamaaloss.ee\/en\/history\/","og_site_name":"P&otilde;ltsamaa loss","article_modified_time":"2022-02-14T15:16:07+00:00","og_image":[{"url":"https:\/\/poltsamaaloss.ee\/wp-content\/uploads\/2021\/11\/Magnuse-kui-Saare-Laane-ning-Kuramaa-piiskopi-mundi-jaljend.jpg","type":"","width":"","height":""}],"twitter_card":"summary_large_image","twitter_misc":{"Est. reading time":"11 minutes"},"schema":{"@context":"https:\/\/schema.org","@graph":[{"@type":"WebPage","@id":"https:\/\/poltsamaaloss.ee\/en\/history\/","url":"https:\/\/poltsamaaloss.ee\/en\/history\/","name":"History - P&otilde;ltsamaa loss","isPartOf":{"@id":"https:\/\/poltsamaaloss.ee\/en\/#website"},"primaryImageOfPage":{"@id":"https:\/\/poltsamaaloss.ee\/en\/history\/#primaryimage"},"image":{"@id":"https:\/\/poltsamaaloss.ee\/en\/history\/#primaryimage"},"thumbnailUrl":"https:\/\/poltsamaaloss.ee\/wp-content\/uploads\/2021\/11\/Magnuse-kui-Saare-Laane-ning-Kuramaa-piiskopi-mundi-jaljend.jpg","datePublished":"2022-01-04T11:49:12+00:00","dateModified":"2022-02-14T15:16:07+00:00","breadcrumb":{"@id":"https:\/\/poltsamaaloss.ee\/en\/history\/#breadcrumb"},"inLanguage":"en-US","potentialAction":[{"@type":"ReadAction","target":["https:\/\/poltsamaaloss.ee\/en\/history\/"]}]},{"@type":"ImageObject","inLanguage":"en-US","@id":"https:\/\/poltsamaaloss.ee\/en\/history\/#primaryimage","url":"https:\/\/poltsamaaloss.ee\/wp-content\/uploads\/2021\/11\/Magnuse-kui-Saare-Laane-ning-Kuramaa-piiskopi-mundi-jaljend.jpg","contentUrl":"https:\/\/poltsamaaloss.ee\/wp-content\/uploads\/2021\/11\/Magnuse-kui-Saare-Laane-ning-Kuramaa-piiskopi-mundi-jaljend.jpg"},{"@type":"BreadcrumbList","@id":"https:\/\/poltsamaaloss.ee\/en\/history\/#breadcrumb","itemListElement":[{"@type":"ListItem","position":1,"name":"Home","item":"https:\/\/poltsamaaloss.ee\/en\/home\/"},{"@type":"ListItem","position":2,"name":"History"}]},{"@type":"WebSite","@id":"https:\/\/poltsamaaloss.ee\/en\/#website","url":"https:\/\/poltsamaaloss.ee\/en\/","name":"P\u00f5ltsamaa loss","description":"","publisher":{"@id":"https:\/\/poltsamaaloss.ee\/en\/#organization"},"potentialAction":[{"@type":"SearchAction","target":{"@type":"EntryPoint","urlTemplate":"https:\/\/poltsamaaloss.ee\/en\/?s={search_term_string}"},"query-input":{"@type":"PropertyValueSpecification","valueRequired":true,"valueName":"search_term_string"}}],"inLanguage":"en-US"},{"@type":"Organization","@id":"https:\/\/poltsamaaloss.ee\/en\/#organization","name":"P\u00f5ltsamaa castle","url":"https:\/\/poltsamaaloss.ee\/en\/","logo":{"@type":"ImageObject","inLanguage":"en-US","@id":"https:\/\/poltsamaaloss.ee\/en\/#\/schema\/logo\/image\/","url":"https:\/\/poltsamaaloss.ee\/wp-content\/uploads\/2020\/10\/poltsamaa-loss-logo.png","contentUrl":"https:\/\/poltsamaaloss.ee\/wp-content\/uploads\/2020\/10\/poltsamaa-loss-logo.png","width":1035,"height":690,"caption":"P\u00f5ltsamaa castle"},"image":{"@id":"https:\/\/poltsamaaloss.ee\/en\/#\/schema\/logo\/image\/"}}]}},"_links":{"self":[{"href":"https:\/\/poltsamaaloss.ee\/en\/wp-json\/wp\/v2\/pages\/2034","targetHints":{"allow":["GET"]}}],"collection":[{"href":"https:\/\/poltsamaaloss.ee\/en\/wp-json\/wp\/v2\/pages"}],"about":[{"href":"https:\/\/poltsamaaloss.ee\/en\/wp-json\/wp\/v2\/types\/page"}],"author":[{"embeddable":true,"href":"https:\/\/poltsamaaloss.ee\/en\/wp-json\/wp\/v2\/users\/2"}],"replies":[{"embeddable":true,"href":"https:\/\/poltsamaaloss.ee\/en\/wp-json\/wp\/v2\/comments?post=2034"}],"version-history":[{"count":5,"href":"https:\/\/poltsamaaloss.ee\/en\/wp-json\/wp\/v2\/pages\/2034\/revisions"}],"predecessor-version":[{"id":2504,"href":"https:\/\/poltsamaaloss.ee\/en\/wp-json\/wp\/v2\/pages\/2034\/revisions\/2504"}],"wp:attachment":[{"href":"https:\/\/poltsamaaloss.ee\/en\/wp-json\/wp\/v2\/media?parent=2034"}],"curies":[{"name":"wp","href":"https:\/\/api.w.org\/{rel}","templated":true}]}}